{"id":143728,"date":"2025-05-18T23:24:23","date_gmt":"2025-05-18T23:24:23","guid":{"rendered":"https:\/\/staging2.stylingagenten.com\/fi\/produkt\/malibu-bronzing-butter-with-beta-carotene-spf15-300ml\/"},"modified":"2026-04-14T21:08:27","modified_gmt":"2026-04-14T21:08:27","slug":"malibu-bronzing-butter-with-beta-carotene-spf15-300ml","status":"publish","type":"product","link":"https:\/\/stylingagenten.com\/fi\/tuote\/malibu-bronzing-butter-with-beta-carotene-spf15-300ml\/","title":{"rendered":"Malibu Bronzing Butter with Beta Carotene SPF15 300ml"},"content":{"rendered":"<p>Malibu Bronzing Butter Beta Karoteenilla SPF15 on erityisesti muotoiltu Beta Karoteenilla tukemaan ihon luonnollista p\u00e4ivetyst\u00e4 edist\u00e4m\u00e4ll\u00e4 ihon tummia pigmenttej\u00e4 pintaan.<\/p>\n<p>T\u00e4m\u00e4 ravitseva kaava j\u00e4tt\u00e4\u00e4 ihosi hehkuvaksi Malibun kuuluisan trooppisen kookoksen tuoksun kera. T\u00e4m\u00e4 vartalovoi kosteuttaa ihoasi E-vitamiinilla, pit\u00e4en sen kosteutettuna ja pehme\u00e4n\u00e4, samalla kun se on veden- ja hienkest\u00e4v\u00e4. SPF 15.<\/p>\n<p>300ml<\/p>\n","protected":false},"excerpt":{"rendered":"<p>Malibu Bronzing Butter Beta Karoteenilla SPF15 on erityisesti muotoiltu Beta Karoteenilla tukemaan ihon luonnollista p\u00e4ivetyst\u00e4 edist\u00e4m\u00e4ll\u00e4 ihon tummia pigmenttej\u00e4 pintaan. T\u00e4m\u00e4 ravitseva kaava j\u00e4tt\u00e4\u00e4 ihosi hehkuvaksi Malibun kuuluisan trooppisen kookoksen tuoksun kera. T\u00e4m\u00e4 vartalovoi kosteuttaa ihoasi E-vitamiinilla, pit\u00e4en sen kosteutettuna ja pehme\u00e4n\u00e4, samalla kun se on veden- ja hienkest\u00e4v\u00e4. SPF 15. 300ml<\/p>\n","protected":false},"featured_media":143727,"comment_status":"open","ping_status":"closed","template":"","meta":{"_trash_the_other_posts":false},"product_brand":[],"product_cat":[573],"product_tag":[],"berocket_brand":[1241],"class_list":{"0":"post-143728","1":"product","2":"type-product","3":"status-publish","4":"has-post-thumbnail","6":"product_cat-aurinkosuoja","7":"pa_brand-malibu","8":"berocket_brand-malibu","10":"first","11":"instock","12":"sale","13":"taxable","14":"shipping-taxable","15":"purchasable","16":"product-type-simple"},"_links":{"self":[{"href":"https:\/\/stylingagenten.com\/fi\/wp-json\/wp\/v2\/product\/143728","targetHints":{"allow":["GET"]}}],"collection":[{"href":"https:\/\/stylingagenten.com\/fi\/wp-json\/wp\/v2\/product"}],"about":[{"href":"https:\/\/stylingagenten.com\/fi\/wp-json\/wp\/v2\/types\/product"}],"replies":[{"embeddable":true,"href":"https:\/\/stylingagenten.com\/fi\/wp-json\/wp\/v2\/comments?post=143728"}],"version-history":[{"count":0,"href":"https:\/\/stylingagenten.com\/fi\/wp-json\/wp\/v2\/product\/143728\/revisions"}],"wp:featuredmedia":[{"embeddable":true,"href":"https:\/\/stylingagenten.com\/fi\/wp-json\/wp\/v2\/media\/143727"}],"wp:attachment":[{"href":"https:\/\/stylingagenten.com\/fi\/wp-json\/wp\/v2\/media?parent=143728"}],"wp:term":[{"taxonomy":"product_brand","embeddable":true,"href":"https:\/\/stylingagenten.com\/fi\/wp-json\/wp\/v2\/product_brand?post=143728"},{"taxonomy":"product_cat","embeddable":true,"href":"https:\/\/stylingagenten.com\/fi\/wp-json\/wp\/v2\/product_cat?post=143728"},{"taxonomy":"product_tag","embeddable":true,"href":"https:\/\/stylingagenten.com\/fi\/wp-json\/wp\/v2\/product_tag?post=143728"},{"taxonomy":"berocket_brand","embeddable":true,"href":"https:\/\/stylingagenten.com\/fi\/wp-json\/wp\/v2\/berocket_brand?post=143728"}],"curies":[{"name":"wp","href":"https:\/\/api.w.org\/{rel}","templated":true}]}}