{"id":143724,"date":"2025-05-18T23:24:21","date_gmt":"2025-05-18T23:24:21","guid":{"rendered":"https:\/\/staging2.stylingagenten.com\/fi\/produkt\/nivea-sun-protect-moisture-spray-spf15-200ml\/"},"modified":"2026-03-06T16:07:29","modified_gmt":"2026-03-06T16:07:29","slug":"nivea-sun-protect-moisture-spray-spf15-200ml","status":"publish","type":"product","link":"https:\/\/stylingagenten.com\/fi\/tuote\/nivea-sun-protect-moisture-spray-spf15-200ml\/","title":{"rendered":"Nivea Sun Protect &amp; Moisture Spray SPF15 200ml"},"content":{"rendered":"<p>Nivea Sun Protect &amp; Moisture Spray SPF15 on aurinkosuihke, joka tarjoaa v\u00e4lit\u00f6nt\u00e4 suojaa UVA- ja UVB-s\u00e4teit\u00e4, auringonpolttamia ja ennenaikaista ihon vanhenemista vastaan. Ei-rasvainen ja vedenkest\u00e4v\u00e4 kaava, jossa on E-vitamiinia, kosteuttaa ihoa 48 tunnin ajan. T\u00e4m\u00e4 aurinkosuihke toimii harmoniassa ihon mikrobiomin kanssa, joka on luonnollinen bakteerikerros, joka toimii ihon puolustusj\u00e4rjestelm\u00e4n\u00e4. Lis\u00e4ksi t\u00e4m\u00e4 NIVEA-aurinkosuoja tarjoaa pitk\u00e4kestoista ja intensiivist\u00e4 kosteutusta. Hoitava kaava on 88 % biohajoava. T\u00e4m\u00e4 aurinkosuihke on dermatologisesti testattu. Pullo on valmistettu 95 % kierr\u00e4tetyst\u00e4 materiaalista (ilman korkkia ja pumppua). NIVEA SUN tarjoaa ihollesi kaiken tarvitsemansa hoidon. Yhdist\u00e4m\u00e4ll\u00e4 tehokkaan UV-suojan edistyneisiin aktiivisiin ainesosiin, ihoasi suojataan auringon s\u00e4teilt\u00e4 samalla kun kosteuttavat ja hoitavat ainesosat vaikuttavat koko p\u00e4iv\u00e4n ajan. SPF 15.<\/p>\n<p>200 ml.<\/p>\n","protected":false},"excerpt":{"rendered":"<p>Nivea Sun Protect &amp; Moisture Spray SPF15 on aurinkosuihke, joka tarjoaa v\u00e4lit\u00f6nt\u00e4 suojaa UVA- ja UVB-s\u00e4teit\u00e4, auringonpolttamia ja ennenaikaista ihon vanhenemista vastaan. Ei-rasvainen ja vedenkest\u00e4v\u00e4 kaava, jossa on E-vitamiinia, kosteuttaa ihoa 48 tunnin ajan. T\u00e4m\u00e4 aurinkosuihke toimii harmoniassa ihon mikrobiomin kanssa, joka on luonnollinen bakteerikerros, joka toimii ihon puolustusj\u00e4rjestelm\u00e4n\u00e4. Lis\u00e4ksi t\u00e4m\u00e4 NIVEA-aurinkosuoja tarjoaa pitk\u00e4kestoista ja [&hellip;]<\/p>\n","protected":false},"featured_media":143723,"comment_status":"open","ping_status":"closed","template":"","meta":{"_trash_the_other_posts":false},"product_brand":[],"product_cat":[573],"product_tag":[],"berocket_brand":[1245],"class_list":{"0":"post-143724","1":"product","2":"type-product","3":"status-publish","4":"has-post-thumbnail","6":"product_cat-aurinkosuoja","7":"pa_brand-nivea","8":"berocket_brand-nivea","10":"first","11":"instock","12":"sale","13":"taxable","14":"shipping-taxable","15":"purchasable","16":"product-type-simple"},"_links":{"self":[{"href":"https:\/\/stylingagenten.com\/fi\/wp-json\/wp\/v2\/product\/143724","targetHints":{"allow":["GET"]}}],"collection":[{"href":"https:\/\/stylingagenten.com\/fi\/wp-json\/wp\/v2\/product"}],"about":[{"href":"https:\/\/stylingagenten.com\/fi\/wp-json\/wp\/v2\/types\/product"}],"replies":[{"embeddable":true,"href":"https:\/\/stylingagenten.com\/fi\/wp-json\/wp\/v2\/comments?post=143724"}],"version-history":[{"count":0,"href":"https:\/\/stylingagenten.com\/fi\/wp-json\/wp\/v2\/product\/143724\/revisions"}],"wp:featuredmedia":[{"embeddable":true,"href":"https:\/\/stylingagenten.com\/fi\/wp-json\/wp\/v2\/media\/143723"}],"wp:attachment":[{"href":"https:\/\/stylingagenten.com\/fi\/wp-json\/wp\/v2\/media?parent=143724"}],"wp:term":[{"taxonomy":"product_brand","embeddable":true,"href":"https:\/\/stylingagenten.com\/fi\/wp-json\/wp\/v2\/product_brand?post=143724"},{"taxonomy":"product_cat","embeddable":true,"href":"https:\/\/stylingagenten.com\/fi\/wp-json\/wp\/v2\/product_cat?post=143724"},{"taxonomy":"product_tag","embeddable":true,"href":"https:\/\/stylingagenten.com\/fi\/wp-json\/wp\/v2\/product_tag?post=143724"},{"taxonomy":"berocket_brand","embeddable":true,"href":"https:\/\/stylingagenten.com\/fi\/wp-json\/wp\/v2\/berocket_brand?post=143724"}],"curies":[{"name":"wp","href":"https:\/\/api.w.org\/{rel}","templated":true}]}}