{"id":143701,"date":"2025-05-18T23:24:11","date_gmt":"2025-05-18T23:24:11","guid":{"rendered":"https:\/\/staging2.stylingagenten.com\/fi\/produkt\/wet-n-wild-makeup-sponge-applicator\/"},"modified":"2026-02-26T06:26:43","modified_gmt":"2026-02-26T06:26:43","slug":"wet-n-wild-makeup-sponge-applicator","status":"publish","type":"product","link":"https:\/\/stylingagenten.com\/fi\/tuote\/wet-n-wild-makeup-sponge-applicator\/","title":{"rendered":"Wet n Wild Makeup Sponge Applicator"},"content":{"rendered":"<p>T\u00e4m\u00e4 Wet n Wildin meikkisieni mahdollistaa meikin virheett\u00f6m\u00e4n levitt\u00e4misen. Tarjoaa helpon, juovattoman sovelluksen ammattimaiseen viimeistelyyn. <br \/>Suunniteltu ainutlaatuisesta hydrofiilisest\u00e4 materiaalista est\u00e4m\u00e4\u00e4n v\u00e4hemm\u00e4n tuotteen vuotamista.<\/p>\n<p><\/p>\n","protected":false},"excerpt":{"rendered":"<p>T\u00e4m\u00e4 Wet n Wildin meikkisieni mahdollistaa meikin virheett\u00f6m\u00e4n levitt\u00e4misen. Tarjoaa helpon, juovattoman sovelluksen ammattimaiseen viimeistelyyn. Suunniteltu ainutlaatuisesta hydrofiilisest\u00e4 materiaalista est\u00e4m\u00e4\u00e4n v\u00e4hemm\u00e4n tuotteen vuotamista.<\/p>\n","protected":false},"featured_media":143696,"comment_status":"open","ping_status":"closed","template":"","meta":{"_trash_the_other_posts":false},"product_brand":[],"product_cat":[677],"product_tag":[],"berocket_brand":[1035],"class_list":{"0":"post-143701","1":"product","2":"type-product","3":"status-publish","4":"has-post-thumbnail","6":"product_cat-meikkisieni","7":"pa_brand-wet-n-wild","8":"berocket_brand-wet-n-wild","10":"first","11":"instock","12":"sale","13":"taxable","14":"shipping-taxable","15":"purchasable","16":"product-type-simple"},"_links":{"self":[{"href":"https:\/\/stylingagenten.com\/fi\/wp-json\/wp\/v2\/product\/143701","targetHints":{"allow":["GET"]}}],"collection":[{"href":"https:\/\/stylingagenten.com\/fi\/wp-json\/wp\/v2\/product"}],"about":[{"href":"https:\/\/stylingagenten.com\/fi\/wp-json\/wp\/v2\/types\/product"}],"replies":[{"embeddable":true,"href":"https:\/\/stylingagenten.com\/fi\/wp-json\/wp\/v2\/comments?post=143701"}],"version-history":[{"count":0,"href":"https:\/\/stylingagenten.com\/fi\/wp-json\/wp\/v2\/product\/143701\/revisions"}],"wp:featuredmedia":[{"embeddable":true,"href":"https:\/\/stylingagenten.com\/fi\/wp-json\/wp\/v2\/media\/143696"}],"wp:attachment":[{"href":"https:\/\/stylingagenten.com\/fi\/wp-json\/wp\/v2\/media?parent=143701"}],"wp:term":[{"taxonomy":"product_brand","embeddable":true,"href":"https:\/\/stylingagenten.com\/fi\/wp-json\/wp\/v2\/product_brand?post=143701"},{"taxonomy":"product_cat","embeddable":true,"href":"https:\/\/stylingagenten.com\/fi\/wp-json\/wp\/v2\/product_cat?post=143701"},{"taxonomy":"product_tag","embeddable":true,"href":"https:\/\/stylingagenten.com\/fi\/wp-json\/wp\/v2\/product_tag?post=143701"},{"taxonomy":"berocket_brand","embeddable":true,"href":"https:\/\/stylingagenten.com\/fi\/wp-json\/wp\/v2\/berocket_brand?post=143701"}],"curies":[{"name":"wp","href":"https:\/\/api.w.org\/{rel}","templated":true}]}}