{"id":143657,"date":"2025-05-18T23:24:01","date_gmt":"2025-05-18T23:24:01","guid":{"rendered":"https:\/\/staging2.stylingagenten.com\/fi\/produkt\/beauty-uk-blending-sponge-green\/"},"modified":"2026-02-08T14:47:22","modified_gmt":"2026-02-08T14:47:22","slug":"beauty-uk-blending-sponge-green","status":"publish","type":"product","link":"https:\/\/stylingagenten.com\/fi\/tuote\/beauty-uk-blending-sponge-green\/","title":{"rendered":"Beauty UK Blending Sponge &#8211; Green"},"content":{"rendered":"<p>T\u00e4ss\u00e4 uudessa meikkisekoittimessa on kahva, joka helpottaa levitt\u00e4mist\u00e4.<\/p>\n<p>Poistaa juonteet ja raidat ja antaa virheett\u00f6m\u00e4n lopputuloksen. Kostuta sieni vedell\u00e4 ennen k\u00e4ytt\u00f6\u00e4.<\/p>\n<p>Saatavana nelj\u00e4ss\u00e4 v\u00e4riss\u00e4: vaaleanpunainen, vihre\u00e4, ruusu ja keltainen<\/p>\n","protected":false},"excerpt":{"rendered":"<p>T\u00e4ss\u00e4 uudessa meikkisekoittimessa on kahva, joka helpottaa levitt\u00e4mist\u00e4. Poistaa juonteet ja raidat ja antaa virheett\u00f6m\u00e4n lopputuloksen. Kostuta sieni vedell\u00e4 ennen k\u00e4ytt\u00f6\u00e4. Saatavana nelj\u00e4ss\u00e4 v\u00e4riss\u00e4: vaaleanpunainen, vihre\u00e4, ruusu ja keltainen<\/p>\n","protected":false},"featured_media":143655,"comment_status":"open","ping_status":"closed","template":"","meta":{"_trash_the_other_posts":false},"product_brand":[],"product_cat":[677],"product_tag":[2486],"berocket_brand":[1059],"class_list":{"0":"post-143657","1":"product","2":"type-product","3":"status-publish","4":"has-post-thumbnail","6":"product_cat-meikkisieni","7":"product_tag-beauty-uk-blending-sponge","8":"pa_brand-beautyuk","9":"pa_variantti-green","10":"berocket_brand-beautyuk","12":"first","13":"instock","14":"sale","15":"taxable","16":"shipping-taxable","17":"purchasable","18":"product-type-simple"},"_links":{"self":[{"href":"https:\/\/stylingagenten.com\/fi\/wp-json\/wp\/v2\/product\/143657","targetHints":{"allow":["GET"]}}],"collection":[{"href":"https:\/\/stylingagenten.com\/fi\/wp-json\/wp\/v2\/product"}],"about":[{"href":"https:\/\/stylingagenten.com\/fi\/wp-json\/wp\/v2\/types\/product"}],"replies":[{"embeddable":true,"href":"https:\/\/stylingagenten.com\/fi\/wp-json\/wp\/v2\/comments?post=143657"}],"version-history":[{"count":0,"href":"https:\/\/stylingagenten.com\/fi\/wp-json\/wp\/v2\/product\/143657\/revisions"}],"wp:featuredmedia":[{"embeddable":true,"href":"https:\/\/stylingagenten.com\/fi\/wp-json\/wp\/v2\/media\/143655"}],"wp:attachment":[{"href":"https:\/\/stylingagenten.com\/fi\/wp-json\/wp\/v2\/media?parent=143657"}],"wp:term":[{"taxonomy":"product_brand","embeddable":true,"href":"https:\/\/stylingagenten.com\/fi\/wp-json\/wp\/v2\/product_brand?post=143657"},{"taxonomy":"product_cat","embeddable":true,"href":"https:\/\/stylingagenten.com\/fi\/wp-json\/wp\/v2\/product_cat?post=143657"},{"taxonomy":"product_tag","embeddable":true,"href":"https:\/\/stylingagenten.com\/fi\/wp-json\/wp\/v2\/product_tag?post=143657"},{"taxonomy":"berocket_brand","embeddable":true,"href":"https:\/\/stylingagenten.com\/fi\/wp-json\/wp\/v2\/berocket_brand?post=143657"}],"curies":[{"name":"wp","href":"https:\/\/api.w.org\/{rel}","templated":true}]}}