{"id":143648,"date":"2025-05-18T23:24:00","date_gmt":"2025-05-18T23:24:00","guid":{"rendered":"https:\/\/staging2.stylingagenten.com\/fi\/produkt\/real-techniques-premium-sponge-case\/"},"modified":"2026-03-17T23:27:27","modified_gmt":"2026-03-17T23:27:27","slug":"real-techniques-premium-sponge-case","status":"publish","type":"product","link":"https:\/\/stylingagenten.com\/fi\/tuote\/real-techniques-premium-sponge-case\/","title":{"rendered":"Real Techniques Premium Sponge Case"},"content":{"rendered":"<p>S\u00e4ilyt\u00e4 suosikkimeikkisienesi siististi ja turvallisesti. S\u00e4rkym\u00e4t\u00f6n silikonikotelo, joka pit\u00e4\u00e4 meikkisieni puhtaana ja suojaa meikkipesuasi kaikilta meikkij\u00e4\u00e4milt\u00e4. &nbsp;Anna sienen kuivua kunnolla ennen kuin laitat sen koteloon. Puhdista viikoittain Real Techniques -puhdistusgeelill\u00e4 parantaaksesi k\u00e4ytt\u00f6kokemusta.<\/p>\n","protected":false},"excerpt":{"rendered":"<p>S\u00e4ilyt\u00e4 suosikkimeikkisienesi siististi ja turvallisesti. S\u00e4rkym\u00e4t\u00f6n silikonikotelo, joka pit\u00e4\u00e4 meikkisieni puhtaana ja suojaa meikkipesuasi kaikilta meikkij\u00e4\u00e4milt\u00e4. &nbsp;Anna sienen kuivua kunnolla ennen kuin laitat sen koteloon. Puhdista viikoittain Real Techniques -puhdistusgeelill\u00e4 parantaaksesi k\u00e4ytt\u00f6kokemusta.<\/p>\n","protected":false},"featured_media":143647,"comment_status":"open","ping_status":"closed","template":"","meta":{"_trash_the_other_posts":false},"product_brand":[],"product_cat":[570],"product_tag":[],"berocket_brand":[1065],"class_list":{"0":"post-143648","1":"product","2":"type-product","3":"status-publish","4":"has-post-thumbnail","6":"product_cat-meikkisiveltimet","7":"pa_brand-real-techniques","8":"berocket_brand-real-techniques","10":"first","11":"instock","12":"sale","13":"taxable","14":"shipping-taxable","15":"purchasable","16":"product-type-simple"},"_links":{"self":[{"href":"https:\/\/stylingagenten.com\/fi\/wp-json\/wp\/v2\/product\/143648","targetHints":{"allow":["GET"]}}],"collection":[{"href":"https:\/\/stylingagenten.com\/fi\/wp-json\/wp\/v2\/product"}],"about":[{"href":"https:\/\/stylingagenten.com\/fi\/wp-json\/wp\/v2\/types\/product"}],"replies":[{"embeddable":true,"href":"https:\/\/stylingagenten.com\/fi\/wp-json\/wp\/v2\/comments?post=143648"}],"version-history":[{"count":0,"href":"https:\/\/stylingagenten.com\/fi\/wp-json\/wp\/v2\/product\/143648\/revisions"}],"wp:featuredmedia":[{"embeddable":true,"href":"https:\/\/stylingagenten.com\/fi\/wp-json\/wp\/v2\/media\/143647"}],"wp:attachment":[{"href":"https:\/\/stylingagenten.com\/fi\/wp-json\/wp\/v2\/media?parent=143648"}],"wp:term":[{"taxonomy":"product_brand","embeddable":true,"href":"https:\/\/stylingagenten.com\/fi\/wp-json\/wp\/v2\/product_brand?post=143648"},{"taxonomy":"product_cat","embeddable":true,"href":"https:\/\/stylingagenten.com\/fi\/wp-json\/wp\/v2\/product_cat?post=143648"},{"taxonomy":"product_tag","embeddable":true,"href":"https:\/\/stylingagenten.com\/fi\/wp-json\/wp\/v2\/product_tag?post=143648"},{"taxonomy":"berocket_brand","embeddable":true,"href":"https:\/\/stylingagenten.com\/fi\/wp-json\/wp\/v2\/berocket_brand?post=143648"}],"curies":[{"name":"wp","href":"https:\/\/api.w.org\/{rel}","templated":true}]}}