{"id":143632,"date":"2025-05-18T23:23:57","date_gmt":"2025-05-18T23:23:57","guid":{"rendered":"https:\/\/staging2.stylingagenten.com\/fi\/produkt\/kokie-cover-and-conceal-beauty-sponge-2-piece-set\/"},"modified":"2026-01-08T08:48:00","modified_gmt":"2026-01-08T08:48:00","slug":"kokie-cover-and-conceal-beauty-sponge-2-piece-set","status":"publish","type":"product","link":"https:\/\/stylingagenten.com\/fi\/tuote\/kokie-cover-and-conceal-beauty-sponge-2-piece-set\/","title":{"rendered":"Kokie Cover And Conceal Beauty Sponge 2 Piece Set"},"content":{"rendered":"<p>Kokie kosmetiikan pehmein meikkisieni tulee nyt 2 kappaleen pakkauksessa!<br \/>Meikki ei ole koskaan ollut helpompaa \u2013 kiitos Kokie Cosmetics Cover + Conceal -meikkisienen. K\u00e4yt\u00e4 py\u00f6ristetty\u00e4 puolta nestem\u00e4isten tuotteiden, kuten meikkivoiteen, levitt\u00e4miseen ja ter\u00e4v\u00e4\u00e4 puolta peit\u00e4ksesi peitevoidella ja p\u00e4\u00e4st\u00e4ksesi vaikeap\u00e4\u00e4syiset alueet.<\/p>\n<p>Lateksitonta<br \/>Airbrush-viimeistely<br \/>Eritt\u00e4in pehme\u00e4<\/p>\n<p>K\u00e4ytt\u00f6: Kostuta sieni vedell\u00e4 ett\u00e4 se laajenee; purista neste pois (sienen tulee tuntua kostealta, mutta kaikki vesi tulee puristaa pois).<\/p>\n","protected":false},"excerpt":{"rendered":"<p>Kokie kosmetiikan pehmein meikkisieni tulee nyt 2 kappaleen pakkauksessa!Meikki ei ole koskaan ollut helpompaa \u2013 kiitos Kokie Cosmetics Cover + Conceal -meikkisienen. K\u00e4yt\u00e4 py\u00f6ristetty\u00e4 puolta nestem\u00e4isten tuotteiden, kuten meikkivoiteen, levitt\u00e4miseen ja ter\u00e4v\u00e4\u00e4 puolta peit\u00e4ksesi peitevoidella ja p\u00e4\u00e4st\u00e4ksesi vaikeap\u00e4\u00e4syiset alueet. LateksitontaAirbrush-viimeistelyEritt\u00e4in pehme\u00e4 K\u00e4ytt\u00f6: Kostuta sieni vedell\u00e4 ett\u00e4 se laajenee; purista neste pois (sienen tulee tuntua kostealta, [&hellip;]<\/p>\n","protected":false},"featured_media":143618,"comment_status":"open","ping_status":"closed","template":"","meta":{"_trash_the_other_posts":false},"product_brand":[],"product_cat":[677],"product_tag":[],"berocket_brand":[1198],"class_list":{"0":"post-143632","1":"product","2":"type-product","3":"status-publish","4":"has-post-thumbnail","6":"product_cat-meikkisieni","7":"pa_brand-kokie-cosmetics","8":"berocket_brand-kokie-cosmetics","10":"first","11":"instock","12":"sale","13":"taxable","14":"shipping-taxable","15":"purchasable","16":"product-type-simple"},"_links":{"self":[{"href":"https:\/\/stylingagenten.com\/fi\/wp-json\/wp\/v2\/product\/143632","targetHints":{"allow":["GET"]}}],"collection":[{"href":"https:\/\/stylingagenten.com\/fi\/wp-json\/wp\/v2\/product"}],"about":[{"href":"https:\/\/stylingagenten.com\/fi\/wp-json\/wp\/v2\/types\/product"}],"replies":[{"embeddable":true,"href":"https:\/\/stylingagenten.com\/fi\/wp-json\/wp\/v2\/comments?post=143632"}],"version-history":[{"count":0,"href":"https:\/\/stylingagenten.com\/fi\/wp-json\/wp\/v2\/product\/143632\/revisions"}],"wp:featuredmedia":[{"embeddable":true,"href":"https:\/\/stylingagenten.com\/fi\/wp-json\/wp\/v2\/media\/143618"}],"wp:attachment":[{"href":"https:\/\/stylingagenten.com\/fi\/wp-json\/wp\/v2\/media?parent=143632"}],"wp:term":[{"taxonomy":"product_brand","embeddable":true,"href":"https:\/\/stylingagenten.com\/fi\/wp-json\/wp\/v2\/product_brand?post=143632"},{"taxonomy":"product_cat","embeddable":true,"href":"https:\/\/stylingagenten.com\/fi\/wp-json\/wp\/v2\/product_cat?post=143632"},{"taxonomy":"product_tag","embeddable":true,"href":"https:\/\/stylingagenten.com\/fi\/wp-json\/wp\/v2\/product_tag?post=143632"},{"taxonomy":"berocket_brand","embeddable":true,"href":"https:\/\/stylingagenten.com\/fi\/wp-json\/wp\/v2\/berocket_brand?post=143632"}],"curies":[{"name":"wp","href":"https:\/\/api.w.org\/{rel}","templated":true}]}}