{"id":143615,"date":"2025-05-18T23:23:54","date_gmt":"2025-05-18T23:23:54","guid":{"rendered":"https:\/\/staging2.stylingagenten.com\/fi\/produkt\/revlon-ultimate-glow-beauty-mirror\/"},"modified":"2026-04-09T19:08:29","modified_gmt":"2026-04-09T19:08:29","slug":"revlon-ultimate-glow-beauty-mirror","status":"publish","type":"product","link":"https:\/\/stylingagenten.com\/fi\/tuote\/revlon-ultimate-glow-beauty-mirror\/","title":{"rendered":"Revlon Ultimate Glow Beauty Mirror"},"content":{"rendered":"<p>Revlon\u00ae Ultimate Glow Beauty Mirror on t\u00e4ydellinen lis\u00e4varuste kompaktilla, johdottomalla muotoilullaan ja integroidulla LED-valolla, joka yksinkertaistaa kauneusrutiiniasi. 5x suurennus, voit nauttia jopa kahdeksan tunnin langattomasta k\u00e4yt\u00f6st\u00e4. K\u00e4yt\u00e4nn\u00f6llisen USB-kaapelin ansiosta se on helppo ladata ilman paristojen vaihtoa.<\/p>\n","protected":false},"excerpt":{"rendered":"<p>Revlon\u00ae Ultimate Glow Beauty Mirror on t\u00e4ydellinen lis\u00e4varuste kompaktilla, johdottomalla muotoilullaan ja integroidulla LED-valolla, joka yksinkertaistaa kauneusrutiiniasi. 5x suurennus, voit nauttia jopa kahdeksan tunnin langattomasta k\u00e4yt\u00f6st\u00e4. K\u00e4yt\u00e4nn\u00f6llisen USB-kaapelin ansiosta se on helppo ladata ilman paristojen vaihtoa.<\/p>\n","protected":false},"featured_media":143608,"comment_status":"open","ping_status":"closed","template":"","meta":{"_trash_the_other_posts":false},"product_brand":[],"product_cat":[679],"product_tag":[],"berocket_brand":[1040],"class_list":{"0":"post-143615","1":"product","2":"type-product","3":"status-publish","4":"has-post-thumbnail","6":"product_cat-meikkipeili","7":"pa_brand-revlon","8":"berocket_brand-revlon","10":"first","11":"instock","12":"sale","13":"taxable","14":"shipping-taxable","15":"purchasable","16":"product-type-simple"},"_links":{"self":[{"href":"https:\/\/stylingagenten.com\/fi\/wp-json\/wp\/v2\/product\/143615","targetHints":{"allow":["GET"]}}],"collection":[{"href":"https:\/\/stylingagenten.com\/fi\/wp-json\/wp\/v2\/product"}],"about":[{"href":"https:\/\/stylingagenten.com\/fi\/wp-json\/wp\/v2\/types\/product"}],"replies":[{"embeddable":true,"href":"https:\/\/stylingagenten.com\/fi\/wp-json\/wp\/v2\/comments?post=143615"}],"version-history":[{"count":0,"href":"https:\/\/stylingagenten.com\/fi\/wp-json\/wp\/v2\/product\/143615\/revisions"}],"wp:featuredmedia":[{"embeddable":true,"href":"https:\/\/stylingagenten.com\/fi\/wp-json\/wp\/v2\/media\/143608"}],"wp:attachment":[{"href":"https:\/\/stylingagenten.com\/fi\/wp-json\/wp\/v2\/media?parent=143615"}],"wp:term":[{"taxonomy":"product_brand","embeddable":true,"href":"https:\/\/stylingagenten.com\/fi\/wp-json\/wp\/v2\/product_brand?post=143615"},{"taxonomy":"product_cat","embeddable":true,"href":"https:\/\/stylingagenten.com\/fi\/wp-json\/wp\/v2\/product_cat?post=143615"},{"taxonomy":"product_tag","embeddable":true,"href":"https:\/\/stylingagenten.com\/fi\/wp-json\/wp\/v2\/product_tag?post=143615"},{"taxonomy":"berocket_brand","embeddable":true,"href":"https:\/\/stylingagenten.com\/fi\/wp-json\/wp\/v2\/berocket_brand?post=143615"}],"curies":[{"name":"wp","href":"https:\/\/api.w.org\/{rel}","templated":true}]}}