{"id":143607,"date":"2025-05-18T23:23:52","date_gmt":"2025-05-18T23:23:52","guid":{"rendered":"https:\/\/staging2.stylingagenten.com\/fi\/produkt\/cs-beauty-toe-nail-clipper\/"},"modified":"2026-03-12T10:59:26","modified_gmt":"2026-03-12T10:59:26","slug":"cs-beauty-toe-nail-clipper","status":"publish","type":"product","link":"https:\/\/stylingagenten.com\/fi\/tuote\/cs-beauty-toe-nail-clipper\/","title":{"rendered":"Cs Beauty Toe Nail Clipper"},"content":{"rendered":"<p>N\u00e4m\u00e4 kynsileikkurit ovat eritt\u00e4in vakaita ja helppok\u00e4ytt\u00f6isi\u00e4. Leikkurin kaarevat leikkuriter\u00e4t varmistavat varpaankynnen tarkan leikkaamisen. Leikkurin ter\u00e4t sulkeutuvat tasaisesti kevyell\u00e4 paineella, mik\u00e4 mahdollistaa tasaisen ja puhtaan leikkauksen.<\/p>\n","protected":false},"excerpt":{"rendered":"<p>N\u00e4m\u00e4 kynsileikkurit ovat eritt\u00e4in vakaita ja helppok\u00e4ytt\u00f6isi\u00e4. Leikkurin kaarevat leikkuriter\u00e4t varmistavat varpaankynnen tarkan leikkaamisen. Leikkurin ter\u00e4t sulkeutuvat tasaisesti kevyell\u00e4 paineella, mik\u00e4 mahdollistaa tasaisen ja puhtaan leikkauksen.<\/p>\n","protected":false},"featured_media":143605,"comment_status":"open","ping_status":"closed","template":"","meta":{"_trash_the_other_posts":false},"product_brand":[],"product_cat":[557],"product_tag":[],"berocket_brand":[1411],"class_list":{"0":"post-143607","1":"product","2":"type-product","3":"status-publish","4":"has-post-thumbnail","6":"product_cat-verktoy","7":"pa_brand-cs-beauty","8":"berocket_brand-cs-beauty","10":"first","11":"instock","12":"sale","13":"taxable","14":"shipping-taxable","15":"purchasable","16":"product-type-simple"},"_links":{"self":[{"href":"https:\/\/stylingagenten.com\/fi\/wp-json\/wp\/v2\/product\/143607","targetHints":{"allow":["GET"]}}],"collection":[{"href":"https:\/\/stylingagenten.com\/fi\/wp-json\/wp\/v2\/product"}],"about":[{"href":"https:\/\/stylingagenten.com\/fi\/wp-json\/wp\/v2\/types\/product"}],"replies":[{"embeddable":true,"href":"https:\/\/stylingagenten.com\/fi\/wp-json\/wp\/v2\/comments?post=143607"}],"version-history":[{"count":0,"href":"https:\/\/stylingagenten.com\/fi\/wp-json\/wp\/v2\/product\/143607\/revisions"}],"wp:featuredmedia":[{"embeddable":true,"href":"https:\/\/stylingagenten.com\/fi\/wp-json\/wp\/v2\/media\/143605"}],"wp:attachment":[{"href":"https:\/\/stylingagenten.com\/fi\/wp-json\/wp\/v2\/media?parent=143607"}],"wp:term":[{"taxonomy":"product_brand","embeddable":true,"href":"https:\/\/stylingagenten.com\/fi\/wp-json\/wp\/v2\/product_brand?post=143607"},{"taxonomy":"product_cat","embeddable":true,"href":"https:\/\/stylingagenten.com\/fi\/wp-json\/wp\/v2\/product_cat?post=143607"},{"taxonomy":"product_tag","embeddable":true,"href":"https:\/\/stylingagenten.com\/fi\/wp-json\/wp\/v2\/product_tag?post=143607"},{"taxonomy":"berocket_brand","embeddable":true,"href":"https:\/\/stylingagenten.com\/fi\/wp-json\/wp\/v2\/berocket_brand?post=143607"}],"curies":[{"name":"wp","href":"https:\/\/api.w.org\/{rel}","templated":true}]}}