{"id":143598,"date":"2025-05-18T23:23:51","date_gmt":"2025-05-18T23:23:51","guid":{"rendered":"https:\/\/staging2.stylingagenten.com\/fi\/produkt\/cs-beauty-nail-scissor\/"},"modified":"2026-01-23T12:46:42","modified_gmt":"2026-01-23T12:46:42","slug":"cs-beauty-nail-scissor","status":"publish","type":"product","link":"https:\/\/stylingagenten.com\/fi\/tuote\/cs-beauty-nail-scissor\/","title":{"rendered":"CS Beauty Nail Scissor"},"content":{"rendered":"<p>N\u00e4m\u00e4 ruostumattomasta ter\u00e4ksest\u00e4 valmistetut kynsisakset suorilla teriill\u00e4\u00e4n sopivat ihanteellisesti pehmeiden kynsien ja kynsinauhojen leikkaamiseen.<\/p>\n","protected":false},"excerpt":{"rendered":"<p>N\u00e4m\u00e4 ruostumattomasta ter\u00e4ksest\u00e4 valmistetut kynsisakset suorilla teriill\u00e4\u00e4n sopivat ihanteellisesti pehmeiden kynsien ja kynsinauhojen leikkaamiseen.<\/p>\n","protected":false},"featured_media":143596,"comment_status":"open","ping_status":"closed","template":"","meta":{"_trash_the_other_posts":false},"product_brand":[],"product_cat":[557],"product_tag":[],"berocket_brand":[1411],"class_list":{"0":"post-143598","1":"product","2":"type-product","3":"status-publish","4":"has-post-thumbnail","6":"product_cat-verktoy","7":"pa_brand-cs-beauty","8":"berocket_brand-cs-beauty","10":"first","11":"instock","12":"sale","13":"taxable","14":"shipping-taxable","15":"purchasable","16":"product-type-simple"},"_links":{"self":[{"href":"https:\/\/stylingagenten.com\/fi\/wp-json\/wp\/v2\/product\/143598","targetHints":{"allow":["GET"]}}],"collection":[{"href":"https:\/\/stylingagenten.com\/fi\/wp-json\/wp\/v2\/product"}],"about":[{"href":"https:\/\/stylingagenten.com\/fi\/wp-json\/wp\/v2\/types\/product"}],"replies":[{"embeddable":true,"href":"https:\/\/stylingagenten.com\/fi\/wp-json\/wp\/v2\/comments?post=143598"}],"version-history":[{"count":0,"href":"https:\/\/stylingagenten.com\/fi\/wp-json\/wp\/v2\/product\/143598\/revisions"}],"wp:featuredmedia":[{"embeddable":true,"href":"https:\/\/stylingagenten.com\/fi\/wp-json\/wp\/v2\/media\/143596"}],"wp:attachment":[{"href":"https:\/\/stylingagenten.com\/fi\/wp-json\/wp\/v2\/media?parent=143598"}],"wp:term":[{"taxonomy":"product_brand","embeddable":true,"href":"https:\/\/stylingagenten.com\/fi\/wp-json\/wp\/v2\/product_brand?post=143598"},{"taxonomy":"product_cat","embeddable":true,"href":"https:\/\/stylingagenten.com\/fi\/wp-json\/wp\/v2\/product_cat?post=143598"},{"taxonomy":"product_tag","embeddable":true,"href":"https:\/\/stylingagenten.com\/fi\/wp-json\/wp\/v2\/product_tag?post=143598"},{"taxonomy":"berocket_brand","embeddable":true,"href":"https:\/\/stylingagenten.com\/fi\/wp-json\/wp\/v2\/berocket_brand?post=143598"}],"curies":[{"name":"wp","href":"https:\/\/api.w.org\/{rel}","templated":true}]}}