{"id":143586,"date":"2025-05-18T23:23:48","date_gmt":"2025-05-18T23:23:48","guid":{"rendered":"https:\/\/staging2.stylingagenten.com\/fi\/produkt\/milani-keep-it-clean-longwear-lip-color-remover-12g\/"},"modified":"2025-11-19T11:20:52","modified_gmt":"2025-11-19T11:20:52","slug":"milani-keep-it-clean-longwear-lip-color-remover-12g","status":"publish","type":"product","link":"https:\/\/stylingagenten.com\/fi\/tuote\/milani-keep-it-clean-longwear-lip-color-remover-12g\/","title":{"rendered":"Milani Keep It Clean Longwear lip Color Remover 12g"},"content":{"rendered":"<p>Yksinkertaisella pyyhk\u00e4isyll\u00e4 Keep It Clean Longwear Lip Color Remover poistaa kaikki pitk\u00e4\u00e4n kuluneen huuliv\u00e4rin j\u00e4\u00e4nteet.<br \/>Hell\u00e4varainen, mutta tehokas koostumus tarkoittaa, ett\u00e4 iho tuntuu erityisen pehme\u00e4lt\u00e4, ravitulta, kosteutetulta ja elvytetylt\u00e4. <\/p>\n","protected":false},"excerpt":{"rendered":"<p>Yksinkertaisella pyyhk\u00e4isyll\u00e4 Keep It Clean Longwear Lip Color Remover poistaa kaikki pitk\u00e4\u00e4n kuluneen huuliv\u00e4rin j\u00e4\u00e4nteet.Hell\u00e4varainen, mutta tehokas koostumus tarkoittaa, ett\u00e4 iho tuntuu erityisen pehme\u00e4lt\u00e4, ravitulta, kosteutetulta ja elvytetylt\u00e4.<\/p>\n","protected":false},"featured_media":143582,"comment_status":"open","ping_status":"closed","template":"","meta":{"_trash_the_other_posts":false},"product_brand":[],"product_cat":[653],"product_tag":[],"berocket_brand":[1027],"class_list":{"0":"post-143586","1":"product","2":"type-product","3":"status-publish","4":"has-post-thumbnail","6":"product_cat-meikin-poisto","7":"pa_brand-milani","8":"berocket_brand-milani","10":"first","11":"instock","12":"sale","13":"taxable","14":"shipping-taxable","15":"purchasable","16":"product-type-simple"},"_links":{"self":[{"href":"https:\/\/stylingagenten.com\/fi\/wp-json\/wp\/v2\/product\/143586","targetHints":{"allow":["GET"]}}],"collection":[{"href":"https:\/\/stylingagenten.com\/fi\/wp-json\/wp\/v2\/product"}],"about":[{"href":"https:\/\/stylingagenten.com\/fi\/wp-json\/wp\/v2\/types\/product"}],"replies":[{"embeddable":true,"href":"https:\/\/stylingagenten.com\/fi\/wp-json\/wp\/v2\/comments?post=143586"}],"version-history":[{"count":0,"href":"https:\/\/stylingagenten.com\/fi\/wp-json\/wp\/v2\/product\/143586\/revisions"}],"wp:featuredmedia":[{"embeddable":true,"href":"https:\/\/stylingagenten.com\/fi\/wp-json\/wp\/v2\/media\/143582"}],"wp:attachment":[{"href":"https:\/\/stylingagenten.com\/fi\/wp-json\/wp\/v2\/media?parent=143586"}],"wp:term":[{"taxonomy":"product_brand","embeddable":true,"href":"https:\/\/stylingagenten.com\/fi\/wp-json\/wp\/v2\/product_brand?post=143586"},{"taxonomy":"product_cat","embeddable":true,"href":"https:\/\/stylingagenten.com\/fi\/wp-json\/wp\/v2\/product_cat?post=143586"},{"taxonomy":"product_tag","embeddable":true,"href":"https:\/\/stylingagenten.com\/fi\/wp-json\/wp\/v2\/product_tag?post=143586"},{"taxonomy":"berocket_brand","embeddable":true,"href":"https:\/\/stylingagenten.com\/fi\/wp-json\/wp\/v2\/berocket_brand?post=143586"}],"curies":[{"name":"wp","href":"https:\/\/api.w.org\/{rel}","templated":true}]}}