{"id":143579,"date":"2025-05-18T23:23:46","date_gmt":"2025-05-18T23:23:46","guid":{"rendered":"https:\/\/staging2.stylingagenten.com\/fi\/produkt\/nuxe-reve-de-miel-face-cleansing-make-up-removing-gel-200ml\/"},"modified":"2026-02-16T16:16:50","modified_gmt":"2026-02-16T16:16:50","slug":"nuxe-reve-de-miel-face-cleansing-make-up-removing-gel-200ml","status":"publish","type":"product","link":"https:\/\/stylingagenten.com\/fi\/tuote\/nuxe-reve-de-miel-face-cleansing-make-up-removing-gel-200ml\/","title":{"rendered":"Nuxe Reve de Miel Face Cleansing &amp; Make Up Removing Gel 200m"},"content":{"rendered":"<p>Nuxe Reve de Miel kasvojen puhdistus &amp; Make Up Removing Gel on kirkas geeli, joka poistaa hell\u00e4varaisesti lian, meikin ja puhdistaa ihon. Raikas koostumus antaa sinulle puhtaan ja samettisen ihon ja sopii kuivalle ja herk\u00e4lle iholle.<\/p>\n<p>Geel sis\u00e4lt\u00e4\u00e4 94,9 % luonnollista alkuper\u00e4\u00e4 olevia ainesosia. Tuote ei sis\u00e4ll\u00e4 parabeeneja, mineraali\u00f6ljyj\u00e4, synteettisi\u00e4 v\u00e4riaineita eik\u00e4 el\u00e4inper\u00e4isi\u00e4 ainesosia.<\/p>\n","protected":false},"excerpt":{"rendered":"<p>Nuxe Reve de Miel kasvojen puhdistus &amp; Make Up Removing Gel on kirkas geeli, joka poistaa hell\u00e4varaisesti lian, meikin ja puhdistaa ihon. Raikas koostumus antaa sinulle puhtaan ja samettisen ihon ja sopii kuivalle ja herk\u00e4lle iholle. Geel sis\u00e4lt\u00e4\u00e4 94,9 % luonnollista alkuper\u00e4\u00e4 olevia ainesosia. Tuote ei sis\u00e4ll\u00e4 parabeeneja, mineraali\u00f6ljyj\u00e4, synteettisi\u00e4 v\u00e4riaineita eik\u00e4 el\u00e4inper\u00e4isi\u00e4 ainesosia.<\/p>\n","protected":false},"featured_media":143576,"comment_status":"open","ping_status":"closed","template":"","meta":{"_trash_the_other_posts":false},"product_brand":[],"product_cat":[653,1005],"product_tag":[],"berocket_brand":[1024],"class_list":{"0":"post-143579","1":"product","2":"type-product","3":"status-publish","4":"has-post-thumbnail","6":"product_cat-meikin-poisto","7":"product_cat-outlet","8":"pa_brand-nuxe","9":"berocket_brand-nuxe","11":"first","12":"instock","13":"sale","14":"taxable","15":"shipping-taxable","16":"purchasable","17":"product-type-simple"},"_links":{"self":[{"href":"https:\/\/stylingagenten.com\/fi\/wp-json\/wp\/v2\/product\/143579","targetHints":{"allow":["GET"]}}],"collection":[{"href":"https:\/\/stylingagenten.com\/fi\/wp-json\/wp\/v2\/product"}],"about":[{"href":"https:\/\/stylingagenten.com\/fi\/wp-json\/wp\/v2\/types\/product"}],"replies":[{"embeddable":true,"href":"https:\/\/stylingagenten.com\/fi\/wp-json\/wp\/v2\/comments?post=143579"}],"version-history":[{"count":0,"href":"https:\/\/stylingagenten.com\/fi\/wp-json\/wp\/v2\/product\/143579\/revisions"}],"wp:featuredmedia":[{"embeddable":true,"href":"https:\/\/stylingagenten.com\/fi\/wp-json\/wp\/v2\/media\/143576"}],"wp:attachment":[{"href":"https:\/\/stylingagenten.com\/fi\/wp-json\/wp\/v2\/media?parent=143579"}],"wp:term":[{"taxonomy":"product_brand","embeddable":true,"href":"https:\/\/stylingagenten.com\/fi\/wp-json\/wp\/v2\/product_brand?post=143579"},{"taxonomy":"product_cat","embeddable":true,"href":"https:\/\/stylingagenten.com\/fi\/wp-json\/wp\/v2\/product_cat?post=143579"},{"taxonomy":"product_tag","embeddable":true,"href":"https:\/\/stylingagenten.com\/fi\/wp-json\/wp\/v2\/product_tag?post=143579"},{"taxonomy":"berocket_brand","embeddable":true,"href":"https:\/\/stylingagenten.com\/fi\/wp-json\/wp\/v2\/berocket_brand?post=143579"}],"curies":[{"name":"wp","href":"https:\/\/api.w.org\/{rel}","templated":true}]}}