{"id":143565,"date":"2025-05-18T23:23:44","date_gmt":"2025-05-18T23:23:44","guid":{"rendered":"https:\/\/staging2.stylingagenten.com\/fi\/produkt\/shiseido-instant-eye-and-lip-makeup-remover-125ml\/"},"modified":"2026-03-30T07:31:51","modified_gmt":"2026-03-30T07:31:51","slug":"shiseido-instant-eye-and-lip-makeup-remover-125ml","status":"publish","type":"product","link":"https:\/\/stylingagenten.com\/fi\/tuote\/shiseido-instant-eye-and-lip-makeup-remover-125ml\/","title":{"rendered":"Shiseido Instant Eye and Lip Makeup Remover 125ml"},"content":{"rendered":"<p>Hell\u00e4varainen, kaksivaiheinen meikinpoistoaine, joka liuottaa v\u00e4litt\u00f6m\u00e4sti vedenpit\u00e4v\u00e4n ja pitk\u00e4kestoisen meikin ja huulipunan. J\u00e4tt\u00e4\u00e4 ihon raikkaaksi ja sile\u00e4ksi ilman rasvaista tunnetta. Poistaa helposti kaiken meikin, my\u00f6s vedenkest\u00e4v\u00e4n ripsiv\u00e4rin.<\/p>\n<p>&nbsp;<\/p>\n<p>Ihotautitestattu. &Ouml;gon&auml;kare-testattu. Ei-komedogeeninen.<\/p>\n","protected":false},"excerpt":{"rendered":"<p>Hell\u00e4varainen, kaksivaiheinen meikinpoistoaine, joka liuottaa v\u00e4litt\u00f6m\u00e4sti vedenpit\u00e4v\u00e4n ja pitk\u00e4kestoisen meikin ja huulipunan. J\u00e4tt\u00e4\u00e4 ihon raikkaaksi ja sile\u00e4ksi ilman rasvaista tunnetta. Poistaa helposti kaiken meikin, my\u00f6s vedenkest\u00e4v\u00e4n ripsiv\u00e4rin. &nbsp; Ihotautitestattu. &Ouml;gon&auml;kare-testattu. Ei-komedogeeninen.<\/p>\n","protected":false},"featured_media":143564,"comment_status":"open","ping_status":"closed","template":"","meta":{"_trash_the_other_posts":false},"product_brand":[],"product_cat":[653],"product_tag":[],"berocket_brand":[1193],"class_list":{"0":"post-143565","1":"product","2":"type-product","3":"status-publish","4":"has-post-thumbnail","6":"product_cat-meikin-poisto","7":"pa_brand-shiseido","8":"berocket_brand-shiseido","10":"first","11":"instock","12":"sale","13":"taxable","14":"shipping-taxable","15":"purchasable","16":"product-type-simple"},"_links":{"self":[{"href":"https:\/\/stylingagenten.com\/fi\/wp-json\/wp\/v2\/product\/143565","targetHints":{"allow":["GET"]}}],"collection":[{"href":"https:\/\/stylingagenten.com\/fi\/wp-json\/wp\/v2\/product"}],"about":[{"href":"https:\/\/stylingagenten.com\/fi\/wp-json\/wp\/v2\/types\/product"}],"replies":[{"embeddable":true,"href":"https:\/\/stylingagenten.com\/fi\/wp-json\/wp\/v2\/comments?post=143565"}],"version-history":[{"count":0,"href":"https:\/\/stylingagenten.com\/fi\/wp-json\/wp\/v2\/product\/143565\/revisions"}],"wp:featuredmedia":[{"embeddable":true,"href":"https:\/\/stylingagenten.com\/fi\/wp-json\/wp\/v2\/media\/143564"}],"wp:attachment":[{"href":"https:\/\/stylingagenten.com\/fi\/wp-json\/wp\/v2\/media?parent=143565"}],"wp:term":[{"taxonomy":"product_brand","embeddable":true,"href":"https:\/\/stylingagenten.com\/fi\/wp-json\/wp\/v2\/product_brand?post=143565"},{"taxonomy":"product_cat","embeddable":true,"href":"https:\/\/stylingagenten.com\/fi\/wp-json\/wp\/v2\/product_cat?post=143565"},{"taxonomy":"product_tag","embeddable":true,"href":"https:\/\/stylingagenten.com\/fi\/wp-json\/wp\/v2\/product_tag?post=143565"},{"taxonomy":"berocket_brand","embeddable":true,"href":"https:\/\/stylingagenten.com\/fi\/wp-json\/wp\/v2\/berocket_brand?post=143565"}],"curies":[{"name":"wp","href":"https:\/\/api.w.org\/{rel}","templated":true}]}}