{"id":143545,"date":"2025-05-18T23:23:40","date_gmt":"2025-05-18T23:23:40","guid":{"rendered":"https:\/\/staging2.stylingagenten.com\/fi\/produkt\/beauty-uk-no-10-short-shading-brush\/"},"modified":"2026-01-27T12:16:55","modified_gmt":"2026-01-27T12:16:55","slug":"beauty-uk-no-10-short-shading-brush","status":"publish","type":"product","link":"https:\/\/stylingagenten.com\/fi\/tuote\/beauty-uk-no-10-short-shading-brush\/","title":{"rendered":"Beauty UK No. 10 Short Shading Brush"},"content":{"rendered":"<p>Paina puhtaalla siveltimell\u00e4 linerin kovaa reunaa ja levit\u00e4 ripsien linjalle, tahraa ja pyyhk\u00e4ise sekoittaaksesi.<\/p>\n<p>Ammattimaisesti suunniteltu ja valmistettu 12 osa kokoelma pakollisia meikki\u00e4. Harjamme ovat tyylikk\u00e4it\u00e4, toimivia ja lupaavat tuottaa ammattimaisen tuloksen; poskipunasta pronssiin, \u00e4\u00e4riviivoja muotoilemaan, m\u00e4\u00e4rittelem\u00e4\u00e4n korostamaan ja t\u00e4sm\u00e4llisesti sulautumaan. Cruelty-free, vegaaninen ja valmistettu korkealaatuisimmista synteettisist\u00e4 hiuksista, meill\u00e4 on kaikki hallinnassa! <\/p>\n","protected":false},"excerpt":{"rendered":"<p>Paina puhtaalla siveltimell\u00e4 linerin kovaa reunaa ja levit\u00e4 ripsien linjalle, tahraa ja pyyhk\u00e4ise sekoittaaksesi. Ammattimaisesti suunniteltu ja valmistettu 12 osa kokoelma pakollisia meikki\u00e4. Harjamme ovat tyylikk\u00e4it\u00e4, toimivia ja lupaavat tuottaa ammattimaisen tuloksen; poskipunasta pronssiin, \u00e4\u00e4riviivoja muotoilemaan, m\u00e4\u00e4rittelem\u00e4\u00e4n korostamaan ja t\u00e4sm\u00e4llisesti sulautumaan. Cruelty-free, vegaaninen ja valmistettu korkealaatuisimmista synteettisist\u00e4 hiuksista, meill\u00e4 on kaikki hallinnassa!<\/p>\n","protected":false},"featured_media":143543,"comment_status":"open","ping_status":"closed","template":"","meta":{"_trash_the_other_posts":false},"product_brand":[],"product_cat":[676],"product_tag":[2518],"berocket_brand":[1059],"class_list":{"0":"post-143545","1":"product","2":"type-product","3":"status-publish","4":"has-post-thumbnail","6":"product_cat-meikkisiveltimet-silmat","7":"product_tag-beauty-uk-brush","8":"pa_brand-beautyuk","9":"pa_variantti-no-10-short-shading","10":"berocket_brand-beautyuk","12":"first","13":"instock","14":"sale","15":"taxable","16":"shipping-taxable","17":"purchasable","18":"product-type-simple"},"_links":{"self":[{"href":"https:\/\/stylingagenten.com\/fi\/wp-json\/wp\/v2\/product\/143545","targetHints":{"allow":["GET"]}}],"collection":[{"href":"https:\/\/stylingagenten.com\/fi\/wp-json\/wp\/v2\/product"}],"about":[{"href":"https:\/\/stylingagenten.com\/fi\/wp-json\/wp\/v2\/types\/product"}],"replies":[{"embeddable":true,"href":"https:\/\/stylingagenten.com\/fi\/wp-json\/wp\/v2\/comments?post=143545"}],"version-history":[{"count":0,"href":"https:\/\/stylingagenten.com\/fi\/wp-json\/wp\/v2\/product\/143545\/revisions"}],"wp:featuredmedia":[{"embeddable":true,"href":"https:\/\/stylingagenten.com\/fi\/wp-json\/wp\/v2\/media\/143543"}],"wp:attachment":[{"href":"https:\/\/stylingagenten.com\/fi\/wp-json\/wp\/v2\/media?parent=143545"}],"wp:term":[{"taxonomy":"product_brand","embeddable":true,"href":"https:\/\/stylingagenten.com\/fi\/wp-json\/wp\/v2\/product_brand?post=143545"},{"taxonomy":"product_cat","embeddable":true,"href":"https:\/\/stylingagenten.com\/fi\/wp-json\/wp\/v2\/product_cat?post=143545"},{"taxonomy":"product_tag","embeddable":true,"href":"https:\/\/stylingagenten.com\/fi\/wp-json\/wp\/v2\/product_tag?post=143545"},{"taxonomy":"berocket_brand","embeddable":true,"href":"https:\/\/stylingagenten.com\/fi\/wp-json\/wp\/v2\/berocket_brand?post=143545"}],"curies":[{"name":"wp","href":"https:\/\/api.w.org\/{rel}","templated":true}]}}