{"id":143544,"date":"2025-05-18T23:23:40","date_gmt":"2025-05-18T23:23:40","guid":{"rendered":"https:\/\/staging2.stylingagenten.com\/fi\/produkt\/beauty-uk-no-06-flat-contour-blending-brush\/"},"modified":"2026-04-06T14:48:46","modified_gmt":"2026-04-06T14:48:46","slug":"beauty-uk-no-06-flat-contour-blending-brush","status":"publish","type":"product","link":"https:\/\/stylingagenten.com\/fi\/tuote\/beauty-uk-no-06-flat-contour-blending-brush\/","title":{"rendered":"Beauty UK No. 06 Flat Contour\/Blending Brush"},"content":{"rendered":"<p>Levit\u00e4 tuotetta siveltimen sivuille saadaksesi luonnollisen v\u00e4risekoituksen tai k\u00e4yt\u00e4 siveltimen yl\u00e4osaa saadaksesi t\u00e4ydellisemm\u00e4n peiton. Sekoitetaan pyyhk\u00e4isem\u00e4ll\u00e4 edestakaisin raakojen linjojen levitt\u00e4miseksi ja virheett\u00f6m\u00e4sti muotoillun ihon luomiseksi.<\/p>\n<p>Ammattimaisesti suunniteltu ja valmistettu 12-osainen kokoelma meikki\u00e4. Harjamme ovat tyylikk\u00e4it\u00e4, toimivia ja lupaavat tuottaa ammattimaisen tuloksen; poskipunasta pronssiin, \u00e4\u00e4riviivoja muotoilemaan, m\u00e4\u00e4rittelem\u00e4\u00e4n korostamaan ja t\u00e4sm\u00e4llisesti sulautumaan. Cruelty-free, vegaaninen ja valmistettu korkealaatuisimmista synteettisist\u00e4 hiuksista, meill\u00e4 on kaikki hallinnassa! <\/p>\n","protected":false},"excerpt":{"rendered":"<p>Levit\u00e4 tuotetta siveltimen sivuille saadaksesi luonnollisen v\u00e4risekoituksen tai k\u00e4yt\u00e4 siveltimen yl\u00e4osaa saadaksesi t\u00e4ydellisemm\u00e4n peiton. Sekoitetaan pyyhk\u00e4isem\u00e4ll\u00e4 edestakaisin raakojen linjojen levitt\u00e4miseksi ja virheett\u00f6m\u00e4sti muotoillun ihon luomiseksi. Ammattimaisesti suunniteltu ja valmistettu 12-osainen kokoelma meikki\u00e4. Harjamme ovat tyylikk\u00e4it\u00e4, toimivia ja lupaavat tuottaa ammattimaisen tuloksen; poskipunasta pronssiin, \u00e4\u00e4riviivoja muotoilemaan, m\u00e4\u00e4rittelem\u00e4\u00e4n korostamaan ja t\u00e4sm\u00e4llisesti sulautumaan. Cruelty-free, vegaaninen ja valmistettu korkealaatuisimmista [&hellip;]<\/p>\n","protected":false},"featured_media":143542,"comment_status":"open","ping_status":"closed","template":"","meta":{"_trash_the_other_posts":false},"product_brand":[],"product_cat":[726],"product_tag":[2518],"berocket_brand":[1059],"class_list":{"0":"post-143544","1":"product","2":"type-product","3":"status-publish","4":"has-post-thumbnail","6":"product_cat-bronzer-sivellin","7":"product_tag-beauty-uk-brush","8":"pa_brand-beautyuk","9":"pa_variantti-no-06-flat-contour-blending","10":"berocket_brand-beautyuk","12":"first","13":"outofstock","14":"sale","15":"taxable","16":"shipping-taxable","17":"purchasable","18":"product-type-simple"},"_links":{"self":[{"href":"https:\/\/stylingagenten.com\/fi\/wp-json\/wp\/v2\/product\/143544","targetHints":{"allow":["GET"]}}],"collection":[{"href":"https:\/\/stylingagenten.com\/fi\/wp-json\/wp\/v2\/product"}],"about":[{"href":"https:\/\/stylingagenten.com\/fi\/wp-json\/wp\/v2\/types\/product"}],"replies":[{"embeddable":true,"href":"https:\/\/stylingagenten.com\/fi\/wp-json\/wp\/v2\/comments?post=143544"}],"version-history":[{"count":0,"href":"https:\/\/stylingagenten.com\/fi\/wp-json\/wp\/v2\/product\/143544\/revisions"}],"wp:featuredmedia":[{"embeddable":true,"href":"https:\/\/stylingagenten.com\/fi\/wp-json\/wp\/v2\/media\/143542"}],"wp:attachment":[{"href":"https:\/\/stylingagenten.com\/fi\/wp-json\/wp\/v2\/media?parent=143544"}],"wp:term":[{"taxonomy":"product_brand","embeddable":true,"href":"https:\/\/stylingagenten.com\/fi\/wp-json\/wp\/v2\/product_brand?post=143544"},{"taxonomy":"product_cat","embeddable":true,"href":"https:\/\/stylingagenten.com\/fi\/wp-json\/wp\/v2\/product_cat?post=143544"},{"taxonomy":"product_tag","embeddable":true,"href":"https:\/\/stylingagenten.com\/fi\/wp-json\/wp\/v2\/product_tag?post=143544"},{"taxonomy":"berocket_brand","embeddable":true,"href":"https:\/\/stylingagenten.com\/fi\/wp-json\/wp\/v2\/berocket_brand?post=143544"}],"curies":[{"name":"wp","href":"https:\/\/api.w.org\/{rel}","templated":true}]}}