{"id":143539,"date":"2025-05-18T23:23:39","date_gmt":"2025-05-18T23:23:39","guid":{"rendered":"https:\/\/staging2.stylingagenten.com\/fi\/produkt\/beauty-uk-no-03-flat-top-brush\/"},"modified":"2025-11-28T15:52:59","modified_gmt":"2025-11-28T15:52:59","slug":"beauty-uk-no-03-flat-top-brush","status":"publish","type":"product","link":"https:\/\/stylingagenten.com\/fi\/tuote\/beauty-uk-no-03-flat-top-brush\/","title":{"rendered":"Beauty UK No. 03 Flat Top Brush"},"content":{"rendered":"<p>Paina meikkivoidetta k\u00e4tesi selk\u00e4\u00e4n, ota tuotetta v\u00e4hitellen ja pyyhk\u00e4ise kevyesti koko kasvoilta py\u00f6rivin liikkein. Lis\u00e4\u00e4 tuote peitt\u00e4vyyden lis\u00e4\u00e4miseksi tai kiillota saadaksesi luonnollisemman ilmeen.<\/p>\n<p>Ammattimaisesti suunniteltu ja valmistettu 12-osainen kokoelma meikin v\u00e4ltt\u00e4m\u00e4tt\u00f6mi\u00e4 tuotteita. Harjamme ovat tyylikk\u00e4it\u00e4, toimivia ja lupaavat tuottaa ammattimaisen tuloksen; poskipunasta pronssiin, \u00e4\u00e4riviivoja muotoilemaan, m\u00e4\u00e4rittelem\u00e4\u00e4n korostamaan ja t\u00e4sm\u00e4llisesti sulautumaan. Cruelty-free, vegaaninen ja valmistettu korkealaatuisimmista synteettisist\u00e4 hiuksista, meill\u00e4 on kaikki hallinnassa! <\/p>\n","protected":false},"excerpt":{"rendered":"<p>Paina meikkivoidetta k\u00e4tesi selk\u00e4\u00e4n, ota tuotetta v\u00e4hitellen ja pyyhk\u00e4ise kevyesti koko kasvoilta py\u00f6rivin liikkein. Lis\u00e4\u00e4 tuote peitt\u00e4vyyden lis\u00e4\u00e4miseksi tai kiillota saadaksesi luonnollisemman ilmeen. Ammattimaisesti suunniteltu ja valmistettu 12-osainen kokoelma meikin v\u00e4ltt\u00e4m\u00e4tt\u00f6mi\u00e4 tuotteita. Harjamme ovat tyylikk\u00e4it\u00e4, toimivia ja lupaavat tuottaa ammattimaisen tuloksen; poskipunasta pronssiin, \u00e4\u00e4riviivoja muotoilemaan, m\u00e4\u00e4rittelem\u00e4\u00e4n korostamaan ja t\u00e4sm\u00e4llisesti sulautumaan. Cruelty-free, vegaaninen ja valmistettu korkealaatuisimmista [&hellip;]<\/p>\n","protected":false},"featured_media":143536,"comment_status":"open","ping_status":"closed","template":"","meta":{"_trash_the_other_posts":false},"product_brand":[],"product_cat":[725],"product_tag":[2518],"berocket_brand":[1059],"class_list":{"0":"post-143539","1":"product","2":"type-product","3":"status-publish","4":"has-post-thumbnail","6":"product_cat-perussivellin","7":"product_tag-beauty-uk-brush","8":"pa_brand-beautyuk","9":"pa_variantti-no-03-flat-top","10":"berocket_brand-beautyuk","12":"first","13":"instock","14":"sale","15":"taxable","16":"shipping-taxable","17":"purchasable","18":"product-type-simple"},"_links":{"self":[{"href":"https:\/\/stylingagenten.com\/fi\/wp-json\/wp\/v2\/product\/143539","targetHints":{"allow":["GET"]}}],"collection":[{"href":"https:\/\/stylingagenten.com\/fi\/wp-json\/wp\/v2\/product"}],"about":[{"href":"https:\/\/stylingagenten.com\/fi\/wp-json\/wp\/v2\/types\/product"}],"replies":[{"embeddable":true,"href":"https:\/\/stylingagenten.com\/fi\/wp-json\/wp\/v2\/comments?post=143539"}],"version-history":[{"count":0,"href":"https:\/\/stylingagenten.com\/fi\/wp-json\/wp\/v2\/product\/143539\/revisions"}],"wp:featuredmedia":[{"embeddable":true,"href":"https:\/\/stylingagenten.com\/fi\/wp-json\/wp\/v2\/media\/143536"}],"wp:attachment":[{"href":"https:\/\/stylingagenten.com\/fi\/wp-json\/wp\/v2\/media?parent=143539"}],"wp:term":[{"taxonomy":"product_brand","embeddable":true,"href":"https:\/\/stylingagenten.com\/fi\/wp-json\/wp\/v2\/product_brand?post=143539"},{"taxonomy":"product_cat","embeddable":true,"href":"https:\/\/stylingagenten.com\/fi\/wp-json\/wp\/v2\/product_cat?post=143539"},{"taxonomy":"product_tag","embeddable":true,"href":"https:\/\/stylingagenten.com\/fi\/wp-json\/wp\/v2\/product_tag?post=143539"},{"taxonomy":"berocket_brand","embeddable":true,"href":"https:\/\/stylingagenten.com\/fi\/wp-json\/wp\/v2\/berocket_brand?post=143539"}],"curies":[{"name":"wp","href":"https:\/\/api.w.org\/{rel}","templated":true}]}}