{"id":143502,"date":"2025-05-18T23:23:32","date_gmt":"2025-05-18T23:23:32","guid":{"rendered":"https:\/\/staging2.stylingagenten.com\/fi\/produkt\/wet-n-wild-powder-brush\/"},"modified":"2026-04-08T18:38:31","modified_gmt":"2026-04-08T18:38:31","slug":"wet-n-wild-powder-brush","status":"publish","type":"product","link":"https:\/\/stylingagenten.com\/fi\/tuote\/wet-n-wild-powder-brush\/","title":{"rendered":"Wet n Wild Powder Brush"},"content":{"rendered":"<p>Suuri pehme\u00e4 harja, jossa pehme\u00e4t, py\u00f6ristetyt harjakset, jotka jakavat t\u00e4ydellisen m\u00e4\u00e4r\u00e4n puuteria sile\u00e4n ja tasaisen tuloksen saavuttamiseksi.<\/p>\n","protected":false},"excerpt":{"rendered":"<p>Suuri pehme\u00e4 harja, jossa pehme\u00e4t, py\u00f6ristetyt harjakset, jotka jakavat t\u00e4ydellisen m\u00e4\u00e4r\u00e4n puuteria sile\u00e4n ja tasaisen tuloksen saavuttamiseksi.<\/p>\n","protected":false},"featured_media":143500,"comment_status":"open","ping_status":"closed","template":"","meta":{"_trash_the_other_posts":false},"product_brand":[],"product_cat":[728],"product_tag":[],"berocket_brand":[1035],"class_list":{"0":"post-143502","1":"product","2":"type-product","3":"status-publish","4":"has-post-thumbnail","6":"product_cat-puuteriharja","7":"pa_brand-wet-n-wild","8":"berocket_brand-wet-n-wild","10":"first","11":"instock","12":"sale","13":"taxable","14":"shipping-taxable","15":"purchasable","16":"product-type-simple"},"_links":{"self":[{"href":"https:\/\/stylingagenten.com\/fi\/wp-json\/wp\/v2\/product\/143502","targetHints":{"allow":["GET"]}}],"collection":[{"href":"https:\/\/stylingagenten.com\/fi\/wp-json\/wp\/v2\/product"}],"about":[{"href":"https:\/\/stylingagenten.com\/fi\/wp-json\/wp\/v2\/types\/product"}],"replies":[{"embeddable":true,"href":"https:\/\/stylingagenten.com\/fi\/wp-json\/wp\/v2\/comments?post=143502"}],"version-history":[{"count":0,"href":"https:\/\/stylingagenten.com\/fi\/wp-json\/wp\/v2\/product\/143502\/revisions"}],"wp:featuredmedia":[{"embeddable":true,"href":"https:\/\/stylingagenten.com\/fi\/wp-json\/wp\/v2\/media\/143500"}],"wp:attachment":[{"href":"https:\/\/stylingagenten.com\/fi\/wp-json\/wp\/v2\/media?parent=143502"}],"wp:term":[{"taxonomy":"product_brand","embeddable":true,"href":"https:\/\/stylingagenten.com\/fi\/wp-json\/wp\/v2\/product_brand?post=143502"},{"taxonomy":"product_cat","embeddable":true,"href":"https:\/\/stylingagenten.com\/fi\/wp-json\/wp\/v2\/product_cat?post=143502"},{"taxonomy":"product_tag","embeddable":true,"href":"https:\/\/stylingagenten.com\/fi\/wp-json\/wp\/v2\/product_tag?post=143502"},{"taxonomy":"berocket_brand","embeddable":true,"href":"https:\/\/stylingagenten.com\/fi\/wp-json\/wp\/v2\/berocket_brand?post=143502"}],"curies":[{"name":"wp","href":"https:\/\/api.w.org\/{rel}","templated":true}]}}