{"id":143466,"date":"2025-05-18T23:23:24","date_gmt":"2025-05-18T23:23:24","guid":{"rendered":"https:\/\/staging2.stylingagenten.com\/fi\/produkt\/kokie-powder-brush-br600\/"},"modified":"2026-01-08T08:47:44","modified_gmt":"2026-01-08T08:47:44","slug":"kokie-powder-brush-br600","status":"publish","type":"product","link":"https:\/\/stylingagenten.com\/fi\/tuote\/kokie-powder-brush-br600\/","title":{"rendered":"Kokie Powder Brush BR600"},"content":{"rendered":"<p>Kokie Powder Brush BR600 on pehme\u00e4 sivellin kaiken puuterimuotoisen meikin levitt\u00e4miseen, kuten poskipuna, bronzer, korostuspuuteri tai kiinnityspuuteri. Synteettinen p\u00e4\u00e4 poimii tuotteen helposti ja levitt\u00e4\u00e4 sen mahdollisimman helposti. kasvot. Sekoita tai lakaise meikkivoiteen p\u00e4\u00e4lle saadaksesi virheett\u00f6m\u00e4n lopputuloksen. &nbsp;<\/p>\n","protected":false},"excerpt":{"rendered":"<p>Kokie Powder Brush BR600 on pehme\u00e4 sivellin kaiken puuterimuotoisen meikin levitt\u00e4miseen, kuten poskipuna, bronzer, korostuspuuteri tai kiinnityspuuteri. Synteettinen p\u00e4\u00e4 poimii tuotteen helposti ja levitt\u00e4\u00e4 sen mahdollisimman helposti. kasvot. Sekoita tai lakaise meikkivoiteen p\u00e4\u00e4lle saadaksesi virheett\u00f6m\u00e4n lopputuloksen. &nbsp;<\/p>\n","protected":false},"featured_media":143457,"comment_status":"open","ping_status":"closed","template":"","meta":{"_trash_the_other_posts":false},"product_brand":[],"product_cat":[1005,728],"product_tag":[],"berocket_brand":[1198],"class_list":{"0":"post-143466","1":"product","2":"type-product","3":"status-publish","4":"has-post-thumbnail","6":"product_cat-outlet","7":"product_cat-puuteriharja","8":"pa_brand-kokie-cosmetics","9":"berocket_brand-kokie-cosmetics","11":"first","12":"instock","13":"sale","14":"taxable","15":"shipping-taxable","16":"purchasable","17":"product-type-simple"},"_links":{"self":[{"href":"https:\/\/stylingagenten.com\/fi\/wp-json\/wp\/v2\/product\/143466","targetHints":{"allow":["GET"]}}],"collection":[{"href":"https:\/\/stylingagenten.com\/fi\/wp-json\/wp\/v2\/product"}],"about":[{"href":"https:\/\/stylingagenten.com\/fi\/wp-json\/wp\/v2\/types\/product"}],"replies":[{"embeddable":true,"href":"https:\/\/stylingagenten.com\/fi\/wp-json\/wp\/v2\/comments?post=143466"}],"version-history":[{"count":0,"href":"https:\/\/stylingagenten.com\/fi\/wp-json\/wp\/v2\/product\/143466\/revisions"}],"wp:featuredmedia":[{"embeddable":true,"href":"https:\/\/stylingagenten.com\/fi\/wp-json\/wp\/v2\/media\/143457"}],"wp:attachment":[{"href":"https:\/\/stylingagenten.com\/fi\/wp-json\/wp\/v2\/media?parent=143466"}],"wp:term":[{"taxonomy":"product_brand","embeddable":true,"href":"https:\/\/stylingagenten.com\/fi\/wp-json\/wp\/v2\/product_brand?post=143466"},{"taxonomy":"product_cat","embeddable":true,"href":"https:\/\/stylingagenten.com\/fi\/wp-json\/wp\/v2\/product_cat?post=143466"},{"taxonomy":"product_tag","embeddable":true,"href":"https:\/\/stylingagenten.com\/fi\/wp-json\/wp\/v2\/product_tag?post=143466"},{"taxonomy":"berocket_brand","embeddable":true,"href":"https:\/\/stylingagenten.com\/fi\/wp-json\/wp\/v2\/berocket_brand?post=143466"}],"curies":[{"name":"wp","href":"https:\/\/api.w.org\/{rel}","templated":true}]}}