{"id":143450,"date":"2025-05-18T23:23:22","date_gmt":"2025-05-18T23:23:22","guid":{"rendered":"https:\/\/staging2.stylingagenten.com\/fi\/produkt\/kokie-large-concealer-brush-br603\/"},"modified":"2025-11-19T11:37:38","modified_gmt":"2025-11-19T11:37:38","slug":"kokie-large-concealer-brush-br603","status":"publish","type":"product","link":"https:\/\/stylingagenten.com\/fi\/tuote\/kokie-large-concealer-brush-br603\/","title":{"rendered":"Kokie Large Concealer Brush BR603"},"content":{"rendered":"<p>Kokie Large Concealer Brush BR603 on synteettinen, litte\u00e4 peitevoideharja py\u00f6ristetyll\u00e4 k\u00e4rjell\u00e4, jonka avulla on helppo levitt\u00e4\u00e4, rakentaa ja sekoittaa peitevoidetta suuremmalle alueelle esimerkiksi alle tai muotoilla. K\u00e4yt\u00e4 ter\u00e4v\u00e4\u00e4 k\u00e4rke\u00e4 peitt\u00e4m\u00e4\u00e4n pienemm\u00e4t alueet, kuten viat ja punoitus. Levit\u00e4 peitevoide ja sekoita t\u00e4ydellinen lopputulos!&nbsp;<\/p>\n","protected":false},"excerpt":{"rendered":"<p>Kokie Large Concealer Brush BR603 on synteettinen, litte\u00e4 peitevoideharja py\u00f6ristetyll\u00e4 k\u00e4rjell\u00e4, jonka avulla on helppo levitt\u00e4\u00e4, rakentaa ja sekoittaa peitevoidetta suuremmalle alueelle esimerkiksi alle tai muotoilla. K\u00e4yt\u00e4 ter\u00e4v\u00e4\u00e4 k\u00e4rke\u00e4 peitt\u00e4m\u00e4\u00e4n pienemm\u00e4t alueet, kuten viat ja punoitus. Levit\u00e4 peitevoide ja sekoita t\u00e4ydellinen lopputulos!&nbsp;<\/p>\n","protected":false},"featured_media":143445,"comment_status":"open","ping_status":"closed","template":"","meta":{"_trash_the_other_posts":false},"product_brand":[],"product_cat":[725],"product_tag":[],"berocket_brand":[1198],"class_list":{"0":"post-143450","1":"product","2":"type-product","3":"status-publish","4":"has-post-thumbnail","6":"product_cat-perussivellin","7":"pa_brand-kokie-cosmetics","8":"berocket_brand-kokie-cosmetics","10":"first","11":"instock","12":"sale","13":"taxable","14":"shipping-taxable","15":"purchasable","16":"product-type-simple"},"_links":{"self":[{"href":"https:\/\/stylingagenten.com\/fi\/wp-json\/wp\/v2\/product\/143450","targetHints":{"allow":["GET"]}}],"collection":[{"href":"https:\/\/stylingagenten.com\/fi\/wp-json\/wp\/v2\/product"}],"about":[{"href":"https:\/\/stylingagenten.com\/fi\/wp-json\/wp\/v2\/types\/product"}],"replies":[{"embeddable":true,"href":"https:\/\/stylingagenten.com\/fi\/wp-json\/wp\/v2\/comments?post=143450"}],"version-history":[{"count":0,"href":"https:\/\/stylingagenten.com\/fi\/wp-json\/wp\/v2\/product\/143450\/revisions"}],"wp:featuredmedia":[{"embeddable":true,"href":"https:\/\/stylingagenten.com\/fi\/wp-json\/wp\/v2\/media\/143445"}],"wp:attachment":[{"href":"https:\/\/stylingagenten.com\/fi\/wp-json\/wp\/v2\/media?parent=143450"}],"wp:term":[{"taxonomy":"product_brand","embeddable":true,"href":"https:\/\/stylingagenten.com\/fi\/wp-json\/wp\/v2\/product_brand?post=143450"},{"taxonomy":"product_cat","embeddable":true,"href":"https:\/\/stylingagenten.com\/fi\/wp-json\/wp\/v2\/product_cat?post=143450"},{"taxonomy":"product_tag","embeddable":true,"href":"https:\/\/stylingagenten.com\/fi\/wp-json\/wp\/v2\/product_tag?post=143450"},{"taxonomy":"berocket_brand","embeddable":true,"href":"https:\/\/stylingagenten.com\/fi\/wp-json\/wp\/v2\/berocket_brand?post=143450"}],"curies":[{"name":"wp","href":"https:\/\/api.w.org\/{rel}","templated":true}]}}