{"id":143444,"date":"2025-05-18T23:23:20","date_gmt":"2025-05-18T23:23:20","guid":{"rendered":"https:\/\/staging2.stylingagenten.com\/fi\/produkt\/kokie-foundation-brush-br601\/"},"modified":"2026-03-24T20:07:40","modified_gmt":"2026-03-24T20:07:40","slug":"kokie-foundation-brush-br601","status":"publish","type":"product","link":"https:\/\/stylingagenten.com\/fi\/tuote\/kokie-foundation-brush-br601\/","title":{"rendered":"Kokie Foundation Brush BR601"},"content":{"rendered":"<p>Kokie Foundation Brush BR601 on litte\u00e4 ja py\u00f6re\u00e4 synteettinen sivellin, joka levitt\u00e4\u00e4 nopeasti ja tasaisesti nestem\u00e4ist\u00e4 meikkivoidetta.<br \/>Siveltimen litte\u00e4, py\u00f6ristetty p\u00e4\u00e4 levittyy virheett\u00f6m\u00e4sti ilman juonteita ja ulottuu kaikkiin kasvojen kulmiin, joissa sormet ovat tai meikkisienet eiv\u00e4t ulotu.<br \/>Olet valinnut t\u00e4ydellisen meikkivoiteen, sill\u00e4 olet k\u00e4ytt\u00e4nyt sit\u00e4 t\u00e4ydellisell\u00e4 ty\u00f6kalulla!<\/p>\n","protected":false},"excerpt":{"rendered":"<p>Kokie Foundation Brush BR601 on litte\u00e4 ja py\u00f6re\u00e4 synteettinen sivellin, joka levitt\u00e4\u00e4 nopeasti ja tasaisesti nestem\u00e4ist\u00e4 meikkivoidetta.Siveltimen litte\u00e4, py\u00f6ristetty p\u00e4\u00e4 levittyy virheett\u00f6m\u00e4sti ilman juonteita ja ulottuu kaikkiin kasvojen kulmiin, joissa sormet ovat tai meikkisienet eiv\u00e4t ulotu.Olet valinnut t\u00e4ydellisen meikkivoiteen, sill\u00e4 olet k\u00e4ytt\u00e4nyt sit\u00e4 t\u00e4ydellisell\u00e4 ty\u00f6kalulla!<\/p>\n","protected":false},"featured_media":143438,"comment_status":"open","ping_status":"closed","template":"","meta":{"_trash_the_other_posts":false},"product_brand":[],"product_cat":[725],"product_tag":[],"berocket_brand":[1198],"class_list":{"0":"post-143444","1":"product","2":"type-product","3":"status-publish","4":"has-post-thumbnail","6":"product_cat-perussivellin","7":"pa_brand-kokie-cosmetics","8":"berocket_brand-kokie-cosmetics","10":"first","11":"instock","12":"sale","13":"taxable","14":"shipping-taxable","15":"purchasable","16":"product-type-simple"},"_links":{"self":[{"href":"https:\/\/stylingagenten.com\/fi\/wp-json\/wp\/v2\/product\/143444","targetHints":{"allow":["GET"]}}],"collection":[{"href":"https:\/\/stylingagenten.com\/fi\/wp-json\/wp\/v2\/product"}],"about":[{"href":"https:\/\/stylingagenten.com\/fi\/wp-json\/wp\/v2\/types\/product"}],"replies":[{"embeddable":true,"href":"https:\/\/stylingagenten.com\/fi\/wp-json\/wp\/v2\/comments?post=143444"}],"version-history":[{"count":0,"href":"https:\/\/stylingagenten.com\/fi\/wp-json\/wp\/v2\/product\/143444\/revisions"}],"wp:featuredmedia":[{"embeddable":true,"href":"https:\/\/stylingagenten.com\/fi\/wp-json\/wp\/v2\/media\/143438"}],"wp:attachment":[{"href":"https:\/\/stylingagenten.com\/fi\/wp-json\/wp\/v2\/media?parent=143444"}],"wp:term":[{"taxonomy":"product_brand","embeddable":true,"href":"https:\/\/stylingagenten.com\/fi\/wp-json\/wp\/v2\/product_brand?post=143444"},{"taxonomy":"product_cat","embeddable":true,"href":"https:\/\/stylingagenten.com\/fi\/wp-json\/wp\/v2\/product_cat?post=143444"},{"taxonomy":"product_tag","embeddable":true,"href":"https:\/\/stylingagenten.com\/fi\/wp-json\/wp\/v2\/product_tag?post=143444"},{"taxonomy":"berocket_brand","embeddable":true,"href":"https:\/\/stylingagenten.com\/fi\/wp-json\/wp\/v2\/berocket_brand?post=143444"}],"curies":[{"name":"wp","href":"https:\/\/api.w.org\/{rel}","templated":true}]}}