{"id":143435,"date":"2025-05-18T23:23:19","date_gmt":"2025-05-18T23:23:19","guid":{"rendered":"https:\/\/staging2.stylingagenten.com\/fi\/produkt\/kokie-large-angled-eyeliner-brush-br607\/"},"modified":"2025-12-18T19:57:56","modified_gmt":"2025-12-18T19:57:56","slug":"kokie-large-angled-eyeliner-brush-br607","status":"publish","type":"product","link":"https:\/\/stylingagenten.com\/fi\/tuote\/kokie-large-angled-eyeliner-brush-br607\/","title":{"rendered":"Kokie Large Angled Eyeliner Brush BR607"},"content":{"rendered":"<p>Kokie Large Angled Eyeliner Brush BR607 on pehme\u00e4, pieni ja kova kulmikas sivellin, jota voidaan k\u00e4ytt\u00e4\u00e4 silmien pyyhkimiseen tai eyelinerin levitt\u00e4miseen. Kulma ja synteettinen p\u00e4\u00e4 antavat sinulle maksimaalisen hallinnan ripsien rajaamisen l\u00e4hell\u00e4 tai tuomiseen kauniiseen siipeen.&nbsp;<\/p>\n","protected":false},"excerpt":{"rendered":"<p>Kokie Large Angled Eyeliner Brush BR607 on pehme\u00e4, pieni ja kova kulmikas sivellin, jota voidaan k\u00e4ytt\u00e4\u00e4 silmien pyyhkimiseen tai eyelinerin levitt\u00e4miseen. Kulma ja synteettinen p\u00e4\u00e4 antavat sinulle maksimaalisen hallinnan ripsien rajaamisen l\u00e4hell\u00e4 tai tuomiseen kauniiseen siipeen.&nbsp;<\/p>\n","protected":false},"featured_media":143428,"comment_status":"open","ping_status":"closed","template":"","meta":{"_trash_the_other_posts":false},"product_brand":[],"product_cat":[676],"product_tag":[],"berocket_brand":[1198],"class_list":{"0":"post-143435","1":"product","2":"type-product","3":"status-publish","4":"has-post-thumbnail","6":"product_cat-meikkisiveltimet-silmat","7":"pa_brand-kokie-cosmetics","8":"berocket_brand-kokie-cosmetics","10":"first","11":"instock","12":"sale","13":"taxable","14":"shipping-taxable","15":"purchasable","16":"product-type-simple"},"_links":{"self":[{"href":"https:\/\/stylingagenten.com\/fi\/wp-json\/wp\/v2\/product\/143435","targetHints":{"allow":["GET"]}}],"collection":[{"href":"https:\/\/stylingagenten.com\/fi\/wp-json\/wp\/v2\/product"}],"about":[{"href":"https:\/\/stylingagenten.com\/fi\/wp-json\/wp\/v2\/types\/product"}],"replies":[{"embeddable":true,"href":"https:\/\/stylingagenten.com\/fi\/wp-json\/wp\/v2\/comments?post=143435"}],"version-history":[{"count":0,"href":"https:\/\/stylingagenten.com\/fi\/wp-json\/wp\/v2\/product\/143435\/revisions"}],"wp:featuredmedia":[{"embeddable":true,"href":"https:\/\/stylingagenten.com\/fi\/wp-json\/wp\/v2\/media\/143428"}],"wp:attachment":[{"href":"https:\/\/stylingagenten.com\/fi\/wp-json\/wp\/v2\/media?parent=143435"}],"wp:term":[{"taxonomy":"product_brand","embeddable":true,"href":"https:\/\/stylingagenten.com\/fi\/wp-json\/wp\/v2\/product_brand?post=143435"},{"taxonomy":"product_cat","embeddable":true,"href":"https:\/\/stylingagenten.com\/fi\/wp-json\/wp\/v2\/product_cat?post=143435"},{"taxonomy":"product_tag","embeddable":true,"href":"https:\/\/stylingagenten.com\/fi\/wp-json\/wp\/v2\/product_tag?post=143435"},{"taxonomy":"berocket_brand","embeddable":true,"href":"https:\/\/stylingagenten.com\/fi\/wp-json\/wp\/v2\/berocket_brand?post=143435"}],"curies":[{"name":"wp","href":"https:\/\/api.w.org\/{rel}","templated":true}]}}