{"id":143407,"date":"2025-05-18T23:23:14","date_gmt":"2025-05-18T23:23:14","guid":{"rendered":"https:\/\/staging2.stylingagenten.com\/fi\/produkt\/kokie-medium-precision-shader-brush-br624\/"},"modified":"2026-03-07T14:27:46","modified_gmt":"2026-03-07T14:27:46","slug":"kokie-medium-precision-shader-brush-br624","status":"publish","type":"product","link":"https:\/\/stylingagenten.com\/fi\/tuote\/kokie-medium-precision-shader-brush-br624\/","title":{"rendered":"Kokie Medium Precision Shader Brush BR624"},"content":{"rendered":"<p>Kokie Medium Precision Shader Brush BR624 on keskikokoinen, litte\u00e4 luomiv\u00e4risivellin, jossa on synteettinen p\u00e4\u00e4, jonka avulla luomiv\u00e4ri on helppo poimia virheet\u00f6nt\u00e4 k\u00e4ytt\u00f6\u00e4 varten. Sivellin on riitt\u00e4v\u00e4n suuri t\u00e4yden peitt\u00e4vyyden perusv\u00e4reihin ja tarpeeksi pieni levitett\u00e4v\u00e4ksi; pienempi alue. T\u00e4m\u00e4 sivellin on syyst\u00e4kin klassikko!&nbsp;<\/p>\n","protected":false},"excerpt":{"rendered":"<p>Kokie Medium Precision Shader Brush BR624 on keskikokoinen, litte\u00e4 luomiv\u00e4risivellin, jossa on synteettinen p\u00e4\u00e4, jonka avulla luomiv\u00e4ri on helppo poimia virheet\u00f6nt\u00e4 k\u00e4ytt\u00f6\u00e4 varten. Sivellin on riitt\u00e4v\u00e4n suuri t\u00e4yden peitt\u00e4vyyden perusv\u00e4reihin ja tarpeeksi pieni levitett\u00e4v\u00e4ksi; pienempi alue. T\u00e4m\u00e4 sivellin on syyst\u00e4kin klassikko!&nbsp;<\/p>\n","protected":false},"featured_media":143399,"comment_status":"open","ping_status":"closed","template":"","meta":{"_trash_the_other_posts":false},"product_brand":[],"product_cat":[676,1005],"product_tag":[],"berocket_brand":[1198],"class_list":{"0":"post-143407","1":"product","2":"type-product","3":"status-publish","4":"has-post-thumbnail","6":"product_cat-meikkisiveltimet-silmat","7":"product_cat-outlet","8":"pa_brand-kokie-cosmetics","9":"berocket_brand-kokie-cosmetics","11":"first","12":"instock","13":"sale","14":"taxable","15":"shipping-taxable","16":"purchasable","17":"product-type-simple"},"_links":{"self":[{"href":"https:\/\/stylingagenten.com\/fi\/wp-json\/wp\/v2\/product\/143407","targetHints":{"allow":["GET"]}}],"collection":[{"href":"https:\/\/stylingagenten.com\/fi\/wp-json\/wp\/v2\/product"}],"about":[{"href":"https:\/\/stylingagenten.com\/fi\/wp-json\/wp\/v2\/types\/product"}],"replies":[{"embeddable":true,"href":"https:\/\/stylingagenten.com\/fi\/wp-json\/wp\/v2\/comments?post=143407"}],"version-history":[{"count":0,"href":"https:\/\/stylingagenten.com\/fi\/wp-json\/wp\/v2\/product\/143407\/revisions"}],"wp:featuredmedia":[{"embeddable":true,"href":"https:\/\/stylingagenten.com\/fi\/wp-json\/wp\/v2\/media\/143399"}],"wp:attachment":[{"href":"https:\/\/stylingagenten.com\/fi\/wp-json\/wp\/v2\/media?parent=143407"}],"wp:term":[{"taxonomy":"product_brand","embeddable":true,"href":"https:\/\/stylingagenten.com\/fi\/wp-json\/wp\/v2\/product_brand?post=143407"},{"taxonomy":"product_cat","embeddable":true,"href":"https:\/\/stylingagenten.com\/fi\/wp-json\/wp\/v2\/product_cat?post=143407"},{"taxonomy":"product_tag","embeddable":true,"href":"https:\/\/stylingagenten.com\/fi\/wp-json\/wp\/v2\/product_tag?post=143407"},{"taxonomy":"berocket_brand","embeddable":true,"href":"https:\/\/stylingagenten.com\/fi\/wp-json\/wp\/v2\/berocket_brand?post=143407"}],"curies":[{"name":"wp","href":"https:\/\/api.w.org\/{rel}","templated":true}]}}