{"id":143403,"date":"2025-05-18T23:23:14","date_gmt":"2025-05-18T23:23:14","guid":{"rendered":"https:\/\/staging2.stylingagenten.com\/fi\/produkt\/kokie-small-precision-shader-brush-br625\/"},"modified":"2025-11-19T11:37:41","modified_gmt":"2025-11-19T11:37:41","slug":"kokie-small-precision-shader-brush-br625","status":"publish","type":"product","link":"https:\/\/stylingagenten.com\/fi\/tuote\/kokie-small-precision-shader-brush-br625\/","title":{"rendered":"Kokie Small Precision Shader Brush BR625"},"content":{"rendered":"<p>Kokie Small Precision Shader Brush BR625 on pieni, litte\u00e4 varjostussivellin, jonka avulla voit luoda kauniita luomuksia. &ouml;gon kansi. Synteettinen p\u00e4\u00e4 ker\u00e4\u00e4 t\u00e4ydellisen m\u00e4\u00e4r\u00e4n pigmentti\u00e4 ja sijoittaa sen juuri haluamaasi paikkaan.&nbsp;<\/p>\n","protected":false},"excerpt":{"rendered":"<p>Kokie Small Precision Shader Brush BR625 on pieni, litte\u00e4 varjostussivellin, jonka avulla voit luoda kauniita luomuksia. &ouml;gon kansi. Synteettinen p\u00e4\u00e4 ker\u00e4\u00e4 t\u00e4ydellisen m\u00e4\u00e4r\u00e4n pigmentti\u00e4 ja sijoittaa sen juuri haluamaasi paikkaan.&nbsp;<\/p>\n","protected":false},"featured_media":143398,"comment_status":"open","ping_status":"closed","template":"","meta":{"_trash_the_other_posts":false},"product_brand":[],"product_cat":[676,1005],"product_tag":[],"berocket_brand":[1198],"class_list":{"0":"post-143403","1":"product","2":"type-product","3":"status-publish","4":"has-post-thumbnail","6":"product_cat-meikkisiveltimet-silmat","7":"product_cat-outlet","8":"pa_brand-kokie-cosmetics","9":"berocket_brand-kokie-cosmetics","11":"first","12":"instock","13":"sale","14":"taxable","15":"shipping-taxable","16":"purchasable","17":"product-type-simple"},"_links":{"self":[{"href":"https:\/\/stylingagenten.com\/fi\/wp-json\/wp\/v2\/product\/143403","targetHints":{"allow":["GET"]}}],"collection":[{"href":"https:\/\/stylingagenten.com\/fi\/wp-json\/wp\/v2\/product"}],"about":[{"href":"https:\/\/stylingagenten.com\/fi\/wp-json\/wp\/v2\/types\/product"}],"replies":[{"embeddable":true,"href":"https:\/\/stylingagenten.com\/fi\/wp-json\/wp\/v2\/comments?post=143403"}],"version-history":[{"count":0,"href":"https:\/\/stylingagenten.com\/fi\/wp-json\/wp\/v2\/product\/143403\/revisions"}],"wp:featuredmedia":[{"embeddable":true,"href":"https:\/\/stylingagenten.com\/fi\/wp-json\/wp\/v2\/media\/143398"}],"wp:attachment":[{"href":"https:\/\/stylingagenten.com\/fi\/wp-json\/wp\/v2\/media?parent=143403"}],"wp:term":[{"taxonomy":"product_brand","embeddable":true,"href":"https:\/\/stylingagenten.com\/fi\/wp-json\/wp\/v2\/product_brand?post=143403"},{"taxonomy":"product_cat","embeddable":true,"href":"https:\/\/stylingagenten.com\/fi\/wp-json\/wp\/v2\/product_cat?post=143403"},{"taxonomy":"product_tag","embeddable":true,"href":"https:\/\/stylingagenten.com\/fi\/wp-json\/wp\/v2\/product_tag?post=143403"},{"taxonomy":"berocket_brand","embeddable":true,"href":"https:\/\/stylingagenten.com\/fi\/wp-json\/wp\/v2\/berocket_brand?post=143403"}],"curies":[{"name":"wp","href":"https:\/\/api.w.org\/{rel}","templated":true}]}}