{"id":143393,"date":"2025-05-18T23:23:11","date_gmt":"2025-05-18T23:23:11","guid":{"rendered":"https:\/\/staging2.stylingagenten.com\/fi\/produkt\/kokie-large-precision-shader-brush-br622\/"},"modified":"2025-11-19T11:37:42","modified_gmt":"2025-11-19T11:37:42","slug":"kokie-large-precision-shader-brush-br622","status":"publish","type":"product","link":"https:\/\/stylingagenten.com\/fi\/tuote\/kokie-large-precision-shader-brush-br622\/","title":{"rendered":"Kokie Large Precision Shader Brush BR622"},"content":{"rendered":"<p>Kokie Large Precision Shader Brush BR622 on suuri, litte\u00e4 luomiv\u00e4risivellin py\u00f6ristetyll\u00e4 p\u00e4\u00e4ll\u00e4 ja sopii t\u00e4ydellisesti luomiv\u00e4rin levitt\u00e4miseen. Synteettisell\u00e4 p\u00e4\u00e4ll\u00e4 levit\u00e4t helposti puuteripigmenttej\u00e4 tai kermaisia \u200b\u200btuotteita. Vaihtele intensiteetti\u00e4 p&aring; pigmentit k\u00e4ytt\u00e4m\u00e4ll\u00e4 sivellint\u00e4 m\u00e4rk\u00e4n\u00e4 tai kuivana.&nbsp;<\/p>\n","protected":false},"excerpt":{"rendered":"<p>Kokie Large Precision Shader Brush BR622 on suuri, litte\u00e4 luomiv\u00e4risivellin py\u00f6ristetyll\u00e4 p\u00e4\u00e4ll\u00e4 ja sopii t\u00e4ydellisesti luomiv\u00e4rin levitt\u00e4miseen. Synteettisell\u00e4 p\u00e4\u00e4ll\u00e4 levit\u00e4t helposti puuteripigmenttej\u00e4 tai kermaisia \u200b\u200btuotteita. Vaihtele intensiteetti\u00e4 p&aring; pigmentit k\u00e4ytt\u00e4m\u00e4ll\u00e4 sivellint\u00e4 m\u00e4rk\u00e4n\u00e4 tai kuivana.&nbsp;<\/p>\n","protected":false},"featured_media":143387,"comment_status":"open","ping_status":"closed","template":"","meta":{"_trash_the_other_posts":false},"product_brand":[],"product_cat":[676],"product_tag":[],"berocket_brand":[1198],"class_list":{"0":"post-143393","1":"product","2":"type-product","3":"status-publish","4":"has-post-thumbnail","6":"product_cat-meikkisiveltimet-silmat","7":"pa_brand-kokie-cosmetics","8":"berocket_brand-kokie-cosmetics","10":"first","11":"instock","12":"sale","13":"taxable","14":"shipping-taxable","15":"purchasable","16":"product-type-simple"},"_links":{"self":[{"href":"https:\/\/stylingagenten.com\/fi\/wp-json\/wp\/v2\/product\/143393","targetHints":{"allow":["GET"]}}],"collection":[{"href":"https:\/\/stylingagenten.com\/fi\/wp-json\/wp\/v2\/product"}],"about":[{"href":"https:\/\/stylingagenten.com\/fi\/wp-json\/wp\/v2\/types\/product"}],"replies":[{"embeddable":true,"href":"https:\/\/stylingagenten.com\/fi\/wp-json\/wp\/v2\/comments?post=143393"}],"version-history":[{"count":0,"href":"https:\/\/stylingagenten.com\/fi\/wp-json\/wp\/v2\/product\/143393\/revisions"}],"wp:featuredmedia":[{"embeddable":true,"href":"https:\/\/stylingagenten.com\/fi\/wp-json\/wp\/v2\/media\/143387"}],"wp:attachment":[{"href":"https:\/\/stylingagenten.com\/fi\/wp-json\/wp\/v2\/media?parent=143393"}],"wp:term":[{"taxonomy":"product_brand","embeddable":true,"href":"https:\/\/stylingagenten.com\/fi\/wp-json\/wp\/v2\/product_brand?post=143393"},{"taxonomy":"product_cat","embeddable":true,"href":"https:\/\/stylingagenten.com\/fi\/wp-json\/wp\/v2\/product_cat?post=143393"},{"taxonomy":"product_tag","embeddable":true,"href":"https:\/\/stylingagenten.com\/fi\/wp-json\/wp\/v2\/product_tag?post=143393"},{"taxonomy":"berocket_brand","embeddable":true,"href":"https:\/\/stylingagenten.com\/fi\/wp-json\/wp\/v2\/berocket_brand?post=143393"}],"curies":[{"name":"wp","href":"https:\/\/api.w.org\/{rel}","templated":true}]}}