{"id":143392,"date":"2025-05-18T23:23:11","date_gmt":"2025-05-18T23:23:11","guid":{"rendered":"https:\/\/staging2.stylingagenten.com\/fi\/produkt\/kokie-small-angled-eyeliner-brush-br611\/"},"modified":"2025-12-18T19:46:31","modified_gmt":"2025-12-18T19:46:31","slug":"kokie-small-angled-eyeliner-brush-br611","status":"publish","type":"product","link":"https:\/\/stylingagenten.com\/fi\/tuote\/kokie-small-angled-eyeliner-brush-br611\/","title":{"rendered":"Kokie Small Angled Eyeliner Brush BR611"},"content":{"rendered":"<p>Kokie Small Angled Eyeliner Brush BR611 on pieni ja kulmikas eyeliner-sivellin, joka mahdollistaa ohuen ja dramaattisen eyelinerin virheett\u00f6m\u00e4n levitt\u00e4misen. Kulma ja synteettinen p\u00e4\u00e4 antavat sinulle maksimaalisen hallinnan ripsien rajaamisen l\u00e4hell\u00e4 tai tuomiseen kauniiseen siipeen.<\/p>\n","protected":false},"excerpt":{"rendered":"<p>Kokie Small Angled Eyeliner Brush BR611 on pieni ja kulmikas eyeliner-sivellin, joka mahdollistaa ohuen ja dramaattisen eyelinerin virheett\u00f6m\u00e4n levitt\u00e4misen. Kulma ja synteettinen p\u00e4\u00e4 antavat sinulle maksimaalisen hallinnan ripsien rajaamisen l\u00e4hell\u00e4 tai tuomiseen kauniiseen siipeen.<\/p>\n","protected":false},"featured_media":143388,"comment_status":"open","ping_status":"closed","template":"","meta":{"_trash_the_other_posts":false},"product_brand":[],"product_cat":[676],"product_tag":[],"berocket_brand":[1198],"class_list":{"0":"post-143392","1":"product","2":"type-product","3":"status-publish","4":"has-post-thumbnail","6":"product_cat-meikkisiveltimet-silmat","7":"pa_brand-kokie-cosmetics","8":"berocket_brand-kokie-cosmetics","10":"first","11":"instock","12":"sale","13":"taxable","14":"shipping-taxable","15":"purchasable","16":"product-type-simple"},"_links":{"self":[{"href":"https:\/\/stylingagenten.com\/fi\/wp-json\/wp\/v2\/product\/143392","targetHints":{"allow":["GET"]}}],"collection":[{"href":"https:\/\/stylingagenten.com\/fi\/wp-json\/wp\/v2\/product"}],"about":[{"href":"https:\/\/stylingagenten.com\/fi\/wp-json\/wp\/v2\/types\/product"}],"replies":[{"embeddable":true,"href":"https:\/\/stylingagenten.com\/fi\/wp-json\/wp\/v2\/comments?post=143392"}],"version-history":[{"count":0,"href":"https:\/\/stylingagenten.com\/fi\/wp-json\/wp\/v2\/product\/143392\/revisions"}],"wp:featuredmedia":[{"embeddable":true,"href":"https:\/\/stylingagenten.com\/fi\/wp-json\/wp\/v2\/media\/143388"}],"wp:attachment":[{"href":"https:\/\/stylingagenten.com\/fi\/wp-json\/wp\/v2\/media?parent=143392"}],"wp:term":[{"taxonomy":"product_brand","embeddable":true,"href":"https:\/\/stylingagenten.com\/fi\/wp-json\/wp\/v2\/product_brand?post=143392"},{"taxonomy":"product_cat","embeddable":true,"href":"https:\/\/stylingagenten.com\/fi\/wp-json\/wp\/v2\/product_cat?post=143392"},{"taxonomy":"product_tag","embeddable":true,"href":"https:\/\/stylingagenten.com\/fi\/wp-json\/wp\/v2\/product_tag?post=143392"},{"taxonomy":"berocket_brand","embeddable":true,"href":"https:\/\/stylingagenten.com\/fi\/wp-json\/wp\/v2\/berocket_brand?post=143392"}],"curies":[{"name":"wp","href":"https:\/\/api.w.org\/{rel}","templated":true}]}}