{"id":143383,"date":"2025-05-18T23:23:10","date_gmt":"2025-05-18T23:23:10","guid":{"rendered":"https:\/\/staging2.stylingagenten.com\/fi\/produkt\/kokie-precision-eyeliner-brush-br613\/"},"modified":"2026-03-29T01:09:03","modified_gmt":"2026-03-29T01:09:03","slug":"kokie-precision-eyeliner-brush-br613","status":"publish","type":"product","link":"https:\/\/stylingagenten.com\/fi\/tuote\/kokie-precision-eyeliner-brush-br613\/","title":{"rendered":"Kokie Precision Eyeliner Brush BR613"},"content":{"rendered":"<p>Kokie Precision Eyeliner Brush BR613 on eritt\u00e4in kapea synteettinen tarkkuussivellin, jolla voidaan saavuttaa; ohuimmat viivat. Levit\u00e4 ohut eyeliner tai ole luova ja koristele glitterill\u00e4. Mikset kokeilisi suosittua nauhahametrendi\u00e4?&nbsp;<\/p>\n","protected":false},"excerpt":{"rendered":"<p>Kokie Precision Eyeliner Brush BR613 on eritt\u00e4in kapea synteettinen tarkkuussivellin, jolla voidaan saavuttaa; ohuimmat viivat. Levit\u00e4 ohut eyeliner tai ole luova ja koristele glitterill\u00e4. Mikset kokeilisi suosittua nauhahametrendi\u00e4?&nbsp;<\/p>\n","protected":false},"featured_media":143374,"comment_status":"open","ping_status":"closed","template":"","meta":{"_trash_the_other_posts":false},"product_brand":[],"product_cat":[676],"product_tag":[],"berocket_brand":[1198],"class_list":{"0":"post-143383","1":"product","2":"type-product","3":"status-publish","4":"has-post-thumbnail","6":"product_cat-meikkisiveltimet-silmat","7":"pa_brand-kokie-cosmetics","8":"berocket_brand-kokie-cosmetics","10":"first","11":"instock","12":"sale","13":"taxable","14":"shipping-taxable","15":"purchasable","16":"product-type-simple"},"_links":{"self":[{"href":"https:\/\/stylingagenten.com\/fi\/wp-json\/wp\/v2\/product\/143383","targetHints":{"allow":["GET"]}}],"collection":[{"href":"https:\/\/stylingagenten.com\/fi\/wp-json\/wp\/v2\/product"}],"about":[{"href":"https:\/\/stylingagenten.com\/fi\/wp-json\/wp\/v2\/types\/product"}],"replies":[{"embeddable":true,"href":"https:\/\/stylingagenten.com\/fi\/wp-json\/wp\/v2\/comments?post=143383"}],"version-history":[{"count":0,"href":"https:\/\/stylingagenten.com\/fi\/wp-json\/wp\/v2\/product\/143383\/revisions"}],"wp:featuredmedia":[{"embeddable":true,"href":"https:\/\/stylingagenten.com\/fi\/wp-json\/wp\/v2\/media\/143374"}],"wp:attachment":[{"href":"https:\/\/stylingagenten.com\/fi\/wp-json\/wp\/v2\/media?parent=143383"}],"wp:term":[{"taxonomy":"product_brand","embeddable":true,"href":"https:\/\/stylingagenten.com\/fi\/wp-json\/wp\/v2\/product_brand?post=143383"},{"taxonomy":"product_cat","embeddable":true,"href":"https:\/\/stylingagenten.com\/fi\/wp-json\/wp\/v2\/product_cat?post=143383"},{"taxonomy":"product_tag","embeddable":true,"href":"https:\/\/stylingagenten.com\/fi\/wp-json\/wp\/v2\/product_tag?post=143383"},{"taxonomy":"berocket_brand","embeddable":true,"href":"https:\/\/stylingagenten.com\/fi\/wp-json\/wp\/v2\/berocket_brand?post=143383"}],"curies":[{"name":"wp","href":"https:\/\/api.w.org\/{rel}","templated":true}]}}