{"id":143379,"date":"2025-05-18T23:23:10","date_gmt":"2025-05-18T23:23:10","guid":{"rendered":"https:\/\/staging2.stylingagenten.com\/fi\/produkt\/kokie-angled-eyebrow-brush-br628\/"},"modified":"2025-11-19T11:37:45","modified_gmt":"2025-11-19T11:37:45","slug":"kokie-angled-eyebrow-brush-br628","status":"publish","type":"product","link":"https:\/\/stylingagenten.com\/fi\/tuote\/kokie-angled-eyebrow-brush-br628\/","title":{"rendered":"Kokie Angled Eyebrow Brush BR628"},"content":{"rendered":"<p>Kokie Angled Eyebrow Brush BR628 on pieni ja kulmikas kulmakarvojen harja, jonka avulla kulmakarvojen viimeistelyyn. K\u00e4yt\u00e4 kulmakarvojen t\u00e4ytt\u00e4miseen pomadilla tai puuterilla ja luo luonnolliset kulmakarvat. Synteettisell\u00e4 siveltimell\u00e4 voidaan my\u00f6s muotoilla kulmakarvat kulmakarvavahalla. Kulmikas kulmien siveltimest\u00e4 tulee nopeasti meikin suosikki!&nbsp;<\/p>\n","protected":false},"excerpt":{"rendered":"<p>Kokie Angled Eyebrow Brush BR628 on pieni ja kulmikas kulmakarvojen harja, jonka avulla kulmakarvojen viimeistelyyn. K\u00e4yt\u00e4 kulmakarvojen t\u00e4ytt\u00e4miseen pomadilla tai puuterilla ja luo luonnolliset kulmakarvat. Synteettisell\u00e4 siveltimell\u00e4 voidaan my\u00f6s muotoilla kulmakarvat kulmakarvavahalla. Kulmikas kulmien siveltimest\u00e4 tulee nopeasti meikin suosikki!&nbsp;<\/p>\n","protected":false},"featured_media":143373,"comment_status":"open","ping_status":"closed","template":"","meta":{"_trash_the_other_posts":false},"product_brand":[],"product_cat":[676],"product_tag":[],"berocket_brand":[1198],"class_list":{"0":"post-143379","1":"product","2":"type-product","3":"status-publish","4":"has-post-thumbnail","6":"product_cat-meikkisiveltimet-silmat","7":"pa_brand-kokie-cosmetics","8":"berocket_brand-kokie-cosmetics","10":"first","11":"instock","12":"sale","13":"taxable","14":"shipping-taxable","15":"purchasable","16":"product-type-simple"},"_links":{"self":[{"href":"https:\/\/stylingagenten.com\/fi\/wp-json\/wp\/v2\/product\/143379","targetHints":{"allow":["GET"]}}],"collection":[{"href":"https:\/\/stylingagenten.com\/fi\/wp-json\/wp\/v2\/product"}],"about":[{"href":"https:\/\/stylingagenten.com\/fi\/wp-json\/wp\/v2\/types\/product"}],"replies":[{"embeddable":true,"href":"https:\/\/stylingagenten.com\/fi\/wp-json\/wp\/v2\/comments?post=143379"}],"version-history":[{"count":0,"href":"https:\/\/stylingagenten.com\/fi\/wp-json\/wp\/v2\/product\/143379\/revisions"}],"wp:featuredmedia":[{"embeddable":true,"href":"https:\/\/stylingagenten.com\/fi\/wp-json\/wp\/v2\/media\/143373"}],"wp:attachment":[{"href":"https:\/\/stylingagenten.com\/fi\/wp-json\/wp\/v2\/media?parent=143379"}],"wp:term":[{"taxonomy":"product_brand","embeddable":true,"href":"https:\/\/stylingagenten.com\/fi\/wp-json\/wp\/v2\/product_brand?post=143379"},{"taxonomy":"product_cat","embeddable":true,"href":"https:\/\/stylingagenten.com\/fi\/wp-json\/wp\/v2\/product_cat?post=143379"},{"taxonomy":"product_tag","embeddable":true,"href":"https:\/\/stylingagenten.com\/fi\/wp-json\/wp\/v2\/product_tag?post=143379"},{"taxonomy":"berocket_brand","embeddable":true,"href":"https:\/\/stylingagenten.com\/fi\/wp-json\/wp\/v2\/berocket_brand?post=143379"}],"curies":[{"name":"wp","href":"https:\/\/api.w.org\/{rel}","templated":true}]}}