{"id":143365,"date":"2025-05-18T23:23:06","date_gmt":"2025-05-18T23:23:06","guid":{"rendered":"https:\/\/staging2.stylingagenten.com\/fi\/produkt\/kokie-spoolie-brush-br612\/"},"modified":"2026-03-16T13:38:25","modified_gmt":"2026-03-16T13:38:25","slug":"kokie-spoolie-brush-br612","status":"publish","type":"product","link":"https:\/\/stylingagenten.com\/fi\/tuote\/kokie-spoolie-brush-br612\/","title":{"rendered":"Kokie Spoolie Brush BR612"},"content":{"rendered":"<p>Harjaa kulmakarvasi t\u00e4ydellisesti Kokie Spoolie Brush BR612 -harjalla. T\u00e4ss\u00e4 spiraaliharjassa on pitk\u00e4 varsi ja se on riitt\u00e4v\u00e4n pehme\u00e4 harjaamaan kulmakarvojasi repim\u00e4tt\u00e4 ihoa. Pitk\u00e4 kahva tekee t\u00e4st\u00e4 klassisesta ty\u00f6kalusta entist\u00e4kin helpompi k\u00e4ytt\u00e4\u00e4!&nbsp;<\/p>\n","protected":false},"excerpt":{"rendered":"<p>Harjaa kulmakarvasi t\u00e4ydellisesti Kokie Spoolie Brush BR612 -harjalla. T\u00e4ss\u00e4 spiraaliharjassa on pitk\u00e4 varsi ja se on riitt\u00e4v\u00e4n pehme\u00e4 harjaamaan kulmakarvojasi repim\u00e4tt\u00e4 ihoa. Pitk\u00e4 kahva tekee t\u00e4st\u00e4 klassisesta ty\u00f6kalusta entist\u00e4kin helpompi k\u00e4ytt\u00e4\u00e4!&nbsp;<\/p>\n","protected":false},"featured_media":143357,"comment_status":"open","ping_status":"closed","template":"","meta":{"_trash_the_other_posts":false},"product_brand":[],"product_cat":[676],"product_tag":[],"berocket_brand":[1198],"class_list":{"0":"post-143365","1":"product","2":"type-product","3":"status-publish","4":"has-post-thumbnail","6":"product_cat-meikkisiveltimet-silmat","7":"pa_brand-kokie-cosmetics","8":"berocket_brand-kokie-cosmetics","10":"first","11":"instock","12":"sale","13":"taxable","14":"shipping-taxable","15":"purchasable","16":"product-type-simple"},"_links":{"self":[{"href":"https:\/\/stylingagenten.com\/fi\/wp-json\/wp\/v2\/product\/143365","targetHints":{"allow":["GET"]}}],"collection":[{"href":"https:\/\/stylingagenten.com\/fi\/wp-json\/wp\/v2\/product"}],"about":[{"href":"https:\/\/stylingagenten.com\/fi\/wp-json\/wp\/v2\/types\/product"}],"replies":[{"embeddable":true,"href":"https:\/\/stylingagenten.com\/fi\/wp-json\/wp\/v2\/comments?post=143365"}],"version-history":[{"count":0,"href":"https:\/\/stylingagenten.com\/fi\/wp-json\/wp\/v2\/product\/143365\/revisions"}],"wp:featuredmedia":[{"embeddable":true,"href":"https:\/\/stylingagenten.com\/fi\/wp-json\/wp\/v2\/media\/143357"}],"wp:attachment":[{"href":"https:\/\/stylingagenten.com\/fi\/wp-json\/wp\/v2\/media?parent=143365"}],"wp:term":[{"taxonomy":"product_brand","embeddable":true,"href":"https:\/\/stylingagenten.com\/fi\/wp-json\/wp\/v2\/product_brand?post=143365"},{"taxonomy":"product_cat","embeddable":true,"href":"https:\/\/stylingagenten.com\/fi\/wp-json\/wp\/v2\/product_cat?post=143365"},{"taxonomy":"product_tag","embeddable":true,"href":"https:\/\/stylingagenten.com\/fi\/wp-json\/wp\/v2\/product_tag?post=143365"},{"taxonomy":"berocket_brand","embeddable":true,"href":"https:\/\/stylingagenten.com\/fi\/wp-json\/wp\/v2\/berocket_brand?post=143365"}],"curies":[{"name":"wp","href":"https:\/\/api.w.org\/{rel}","templated":true}]}}