{"id":143355,"date":"2025-05-18T23:23:05","date_gmt":"2025-05-18T23:23:05","guid":{"rendered":"https:\/\/staging2.stylingagenten.com\/fi\/produkt\/thebalm-powder-to-the-people-brush\/"},"modified":"2025-11-19T10:55:20","modified_gmt":"2025-11-19T10:55:20","slug":"thebalm-powder-to-the-people-brush","status":"publish","type":"product","link":"https:\/\/stylingagenten.com\/fi\/tuote\/thebalm-powder-to-the-people-brush\/","title":{"rendered":"theBalm Powder To The People Brush"},"content":{"rendered":"<div class=\"ajax__tab_body\" id=\"ctl00_main_ctl00_ctl00_tabContent_body\">\n<div class=\"ajax__tab_panel\">\n<div class=\"ajax__tab_body\" id=\"ctl00_main_ctl00_ctl00_tabContent_body\">\n<div class=\"ajax__tab_panel\">\n<p><span>theBalm Power To The People Brush on meikkisivellin, joka tekee kaiken. T\u00e4ll\u00e4 100 % vuohenkarvaharjalla on ihanteellinen koko ja muoto puuteriin, poskipunaan ja kasvojen \u00e4\u00e4riviivojen korostamiseen.<\/span><\/p>\n<\/div><\/div>\n<\/div>\n<\/div>\n<\/div>\n<\/div>\n","protected":false},"excerpt":{"rendered":"<p>theBalm Power To The People Brush on meikkisivellin, joka tekee kaiken. T\u00e4ll\u00e4 100 % vuohenkarvaharjalla on ihanteellinen koko ja muoto puuteriin, poskipunaan ja kasvojen \u00e4\u00e4riviivojen korostamiseen.<\/p>\n","protected":false},"featured_media":143354,"comment_status":"open","ping_status":"closed","template":"","meta":{"_trash_the_other_posts":false},"product_brand":[],"product_cat":[727,728],"product_tag":[],"berocket_brand":[1118],"class_list":{"0":"post-143355","1":"product","2":"type-product","3":"status-publish","4":"has-post-thumbnail","6":"product_cat-poskipunasivellin","7":"product_cat-puuteriharja","8":"pa_brand-thebalm","9":"berocket_brand-thebalm","11":"first","12":"instock","13":"sale","14":"taxable","15":"shipping-taxable","16":"purchasable","17":"product-type-simple"},"_links":{"self":[{"href":"https:\/\/stylingagenten.com\/fi\/wp-json\/wp\/v2\/product\/143355","targetHints":{"allow":["GET"]}}],"collection":[{"href":"https:\/\/stylingagenten.com\/fi\/wp-json\/wp\/v2\/product"}],"about":[{"href":"https:\/\/stylingagenten.com\/fi\/wp-json\/wp\/v2\/types\/product"}],"replies":[{"embeddable":true,"href":"https:\/\/stylingagenten.com\/fi\/wp-json\/wp\/v2\/comments?post=143355"}],"version-history":[{"count":0,"href":"https:\/\/stylingagenten.com\/fi\/wp-json\/wp\/v2\/product\/143355\/revisions"}],"wp:featuredmedia":[{"embeddable":true,"href":"https:\/\/stylingagenten.com\/fi\/wp-json\/wp\/v2\/media\/143354"}],"wp:attachment":[{"href":"https:\/\/stylingagenten.com\/fi\/wp-json\/wp\/v2\/media?parent=143355"}],"wp:term":[{"taxonomy":"product_brand","embeddable":true,"href":"https:\/\/stylingagenten.com\/fi\/wp-json\/wp\/v2\/product_brand?post=143355"},{"taxonomy":"product_cat","embeddable":true,"href":"https:\/\/stylingagenten.com\/fi\/wp-json\/wp\/v2\/product_cat?post=143355"},{"taxonomy":"product_tag","embeddable":true,"href":"https:\/\/stylingagenten.com\/fi\/wp-json\/wp\/v2\/product_tag?post=143355"},{"taxonomy":"berocket_brand","embeddable":true,"href":"https:\/\/stylingagenten.com\/fi\/wp-json\/wp\/v2\/berocket_brand?post=143355"}],"curies":[{"name":"wp","href":"https:\/\/api.w.org\/{rel}","templated":true}]}}