{"id":143351,"date":"2025-05-18T23:23:05","date_gmt":"2025-05-18T23:23:05","guid":{"rendered":"https:\/\/staging2.stylingagenten.com\/fi\/produkt\/wet-n-wild-crease-brush\/"},"modified":"2025-11-19T12:01:00","modified_gmt":"2025-11-19T12:01:00","slug":"wet-n-wild-crease-brush","status":"publish","type":"product","link":"https:\/\/stylingagenten.com\/fi\/tuote\/wet-n-wild-crease-brush\/","title":{"rendered":"Wet n Wild Crease Brush"},"content":{"rendered":"<p>Yksinkertaista luomiv\u00e4rirutiiniasi! T\u00e4m\u00e4 pitk\u00e4k\u00e4rkinen, kartiomainen sivellin on suunniteltu poimimaan t\u00e4ydellisesti varjot levityst\u00e4 varten; taita ja sekoita kevyesti joka kerta.<\/p>\n","protected":false},"excerpt":{"rendered":"<p>Yksinkertaista luomiv\u00e4rirutiiniasi! T\u00e4m\u00e4 pitk\u00e4k\u00e4rkinen, kartiomainen sivellin on suunniteltu poimimaan t\u00e4ydellisesti varjot levityst\u00e4 varten; taita ja sekoita kevyesti joka kerta.<\/p>\n","protected":false},"featured_media":143350,"comment_status":"open","ping_status":"closed","template":"","meta":{"_trash_the_other_posts":false},"product_brand":[],"product_cat":[676],"product_tag":[],"berocket_brand":[1035],"class_list":{"0":"post-143351","1":"product","2":"type-product","3":"status-publish","4":"has-post-thumbnail","6":"product_cat-meikkisiveltimet-silmat","7":"pa_brand-wet-n-wild","8":"berocket_brand-wet-n-wild","10":"first","11":"instock","12":"sale","13":"taxable","14":"shipping-taxable","15":"purchasable","16":"product-type-simple"},"_links":{"self":[{"href":"https:\/\/stylingagenten.com\/fi\/wp-json\/wp\/v2\/product\/143351","targetHints":{"allow":["GET"]}}],"collection":[{"href":"https:\/\/stylingagenten.com\/fi\/wp-json\/wp\/v2\/product"}],"about":[{"href":"https:\/\/stylingagenten.com\/fi\/wp-json\/wp\/v2\/types\/product"}],"replies":[{"embeddable":true,"href":"https:\/\/stylingagenten.com\/fi\/wp-json\/wp\/v2\/comments?post=143351"}],"version-history":[{"count":0,"href":"https:\/\/stylingagenten.com\/fi\/wp-json\/wp\/v2\/product\/143351\/revisions"}],"wp:featuredmedia":[{"embeddable":true,"href":"https:\/\/stylingagenten.com\/fi\/wp-json\/wp\/v2\/media\/143350"}],"wp:attachment":[{"href":"https:\/\/stylingagenten.com\/fi\/wp-json\/wp\/v2\/media?parent=143351"}],"wp:term":[{"taxonomy":"product_brand","embeddable":true,"href":"https:\/\/stylingagenten.com\/fi\/wp-json\/wp\/v2\/product_brand?post=143351"},{"taxonomy":"product_cat","embeddable":true,"href":"https:\/\/stylingagenten.com\/fi\/wp-json\/wp\/v2\/product_cat?post=143351"},{"taxonomy":"product_tag","embeddable":true,"href":"https:\/\/stylingagenten.com\/fi\/wp-json\/wp\/v2\/product_tag?post=143351"},{"taxonomy":"berocket_brand","embeddable":true,"href":"https:\/\/stylingagenten.com\/fi\/wp-json\/wp\/v2\/berocket_brand?post=143351"}],"curies":[{"name":"wp","href":"https:\/\/api.w.org\/{rel}","templated":true}]}}