{"id":143333,"date":"2025-05-18T23:23:00","date_gmt":"2025-05-18T23:23:00","guid":{"rendered":"https:\/\/staging2.stylingagenten.com\/fi\/produkt\/beautyblender-joy\/"},"modified":"2026-04-10T12:38:29","modified_gmt":"2026-04-10T12:38:29","slug":"beautyblender-joy","status":"publish","type":"product","link":"https:\/\/stylingagenten.com\/fi\/tuote\/beautyblender-joy\/","title":{"rendered":"Beautyblender Joy"},"content":{"rendered":"<p>Beautyblender on elliptinen applikaattorisieni, joka on suunniteltu antamaan sinulle ammattimaisen viimeistelyn ja virheett\u00f6m\u00e4n levityksen. Ainutlaatuinen muoto ja eksklusiivinen materiaali, joka on luonteenomaista beautyblenderille, takaavat levityksen ilman viivoja tai reunoja ja minimaalisen tuotteen vuotamisen. K\u00e4yt\u00e4 kostutettua beautyblenderi\u00e4, kun levit\u00e4t m\u00e4rk\u00e4\u00e4 tai kuivaa meikki\u00e4. Kun beautyblenderisi on sininen, se yleens\u00e4 laajenee kaksinkertaiseksi. Puhdista k\u00e4yt\u00f6n j\u00e4lkeen ja aseta beautyblenderiin kiinnitettyyn jalustaan \u200b\u200bkuivumaan. Taputtele beautyblenderi\u00e4 ihoa vasten meikkaaessasi. Ei sis\u00e4ll\u00e4 lateksia.<\/p>\n","protected":false},"excerpt":{"rendered":"<p>Beautyblender on elliptinen applikaattorisieni, joka on suunniteltu antamaan sinulle ammattimaisen viimeistelyn ja virheett\u00f6m\u00e4n levityksen. Ainutlaatuinen muoto ja eksklusiivinen materiaali, joka on luonteenomaista beautyblenderille, takaavat levityksen ilman viivoja tai reunoja ja minimaalisen tuotteen vuotamisen. K\u00e4yt\u00e4 kostutettua beautyblenderi\u00e4, kun levit\u00e4t m\u00e4rk\u00e4\u00e4 tai kuivaa meikki\u00e4. Kun beautyblenderisi on sininen, se yleens\u00e4 laajenee kaksinkertaiseksi. Puhdista k\u00e4yt\u00f6n j\u00e4lkeen ja aseta [&hellip;]<\/p>\n","protected":false},"featured_media":143329,"comment_status":"open","ping_status":"closed","template":"","meta":{"_trash_the_other_posts":false},"product_brand":[],"product_cat":[677],"product_tag":[2526],"berocket_brand":[1092],"class_list":{"0":"post-143333","1":"product","2":"type-product","3":"status-publish","4":"has-post-thumbnail","6":"product_cat-meikkisieni","7":"product_tag-beautyblender","8":"pa_brand-beautyblender","9":"pa_variantti-joy","10":"berocket_brand-beautyblender","12":"first","13":"instock","14":"sale","15":"taxable","16":"shipping-taxable","17":"purchasable","18":"product-type-simple"},"_links":{"self":[{"href":"https:\/\/stylingagenten.com\/fi\/wp-json\/wp\/v2\/product\/143333","targetHints":{"allow":["GET"]}}],"collection":[{"href":"https:\/\/stylingagenten.com\/fi\/wp-json\/wp\/v2\/product"}],"about":[{"href":"https:\/\/stylingagenten.com\/fi\/wp-json\/wp\/v2\/types\/product"}],"replies":[{"embeddable":true,"href":"https:\/\/stylingagenten.com\/fi\/wp-json\/wp\/v2\/comments?post=143333"}],"version-history":[{"count":0,"href":"https:\/\/stylingagenten.com\/fi\/wp-json\/wp\/v2\/product\/143333\/revisions"}],"wp:featuredmedia":[{"embeddable":true,"href":"https:\/\/stylingagenten.com\/fi\/wp-json\/wp\/v2\/media\/143329"}],"wp:attachment":[{"href":"https:\/\/stylingagenten.com\/fi\/wp-json\/wp\/v2\/media?parent=143333"}],"wp:term":[{"taxonomy":"product_brand","embeddable":true,"href":"https:\/\/stylingagenten.com\/fi\/wp-json\/wp\/v2\/product_brand?post=143333"},{"taxonomy":"product_cat","embeddable":true,"href":"https:\/\/stylingagenten.com\/fi\/wp-json\/wp\/v2\/product_cat?post=143333"},{"taxonomy":"product_tag","embeddable":true,"href":"https:\/\/stylingagenten.com\/fi\/wp-json\/wp\/v2\/product_tag?post=143333"},{"taxonomy":"berocket_brand","embeddable":true,"href":"https:\/\/stylingagenten.com\/fi\/wp-json\/wp\/v2\/berocket_brand?post=143333"}],"curies":[{"name":"wp","href":"https:\/\/api.w.org\/{rel}","templated":true}]}}