{"id":143275,"date":"2025-05-18T23:22:48","date_gmt":"2025-05-18T23:22:48","guid":{"rendered":"https:\/\/staging2.stylingagenten.com\/fi\/produkt\/nyx-prof-makeup-pro-lip-brush\/"},"modified":"2025-11-19T11:00:22","modified_gmt":"2025-11-19T11:00:22","slug":"nyx-prof-makeup-pro-lip-brush","status":"publish","type":"product","link":"https:\/\/stylingagenten.com\/fi\/tuote\/nyx-prof-makeup-pro-lip-brush\/","title":{"rendered":"NYX PROF. MAKEUP Pro Lip Brush"},"content":{"rendered":"<p>Miksi et k\u00e4ytt\u00e4isi samoja v\u00e4lineit\u00e4 kuin ammattilaiset ja laita oma ammattimainen kosketus jokaiseen uuteen lookiin?<\/p>\n<p>NYX PROFESSIONAL MAKEUP Pro Lip Brush on ter\u00e4v\u00e4 huuliharja tarkkaan ja kauniiseen levitykseen. Valmistettu synteettisist\u00e4 kuiduista.<\/p>\n","protected":false},"excerpt":{"rendered":"<p>Miksi et k\u00e4ytt\u00e4isi samoja v\u00e4lineit\u00e4 kuin ammattilaiset ja laita oma ammattimainen kosketus jokaiseen uuteen lookiin? NYX PROFESSIONAL MAKEUP Pro Lip Brush on ter\u00e4v\u00e4 huuliharja tarkkaan ja kauniiseen levitykseen. Valmistettu synteettisist\u00e4 kuiduista.<\/p>\n","protected":false},"featured_media":143274,"comment_status":"open","ping_status":"closed","template":"","meta":{"_trash_the_other_posts":false},"product_brand":[],"product_cat":[675],"product_tag":[3693],"berocket_brand":[1025],"class_list":{"0":"post-143275","1":"product","2":"type-product","3":"status-publish","4":"has-post-thumbnail","6":"product_cat-meikkisiveltimet-pohja","7":"product_tag-nyx-prof-makeup-pro-brush","8":"pa_brand-nyx","9":"pa_variantti-lip","10":"berocket_brand-nyx","12":"first","13":"instock","14":"sale","15":"taxable","16":"shipping-taxable","17":"purchasable","18":"product-type-simple"},"_links":{"self":[{"href":"https:\/\/stylingagenten.com\/fi\/wp-json\/wp\/v2\/product\/143275","targetHints":{"allow":["GET"]}}],"collection":[{"href":"https:\/\/stylingagenten.com\/fi\/wp-json\/wp\/v2\/product"}],"about":[{"href":"https:\/\/stylingagenten.com\/fi\/wp-json\/wp\/v2\/types\/product"}],"replies":[{"embeddable":true,"href":"https:\/\/stylingagenten.com\/fi\/wp-json\/wp\/v2\/comments?post=143275"}],"version-history":[{"count":0,"href":"https:\/\/stylingagenten.com\/fi\/wp-json\/wp\/v2\/product\/143275\/revisions"}],"wp:featuredmedia":[{"embeddable":true,"href":"https:\/\/stylingagenten.com\/fi\/wp-json\/wp\/v2\/media\/143274"}],"wp:attachment":[{"href":"https:\/\/stylingagenten.com\/fi\/wp-json\/wp\/v2\/media?parent=143275"}],"wp:term":[{"taxonomy":"product_brand","embeddable":true,"href":"https:\/\/stylingagenten.com\/fi\/wp-json\/wp\/v2\/product_brand?post=143275"},{"taxonomy":"product_cat","embeddable":true,"href":"https:\/\/stylingagenten.com\/fi\/wp-json\/wp\/v2\/product_cat?post=143275"},{"taxonomy":"product_tag","embeddable":true,"href":"https:\/\/stylingagenten.com\/fi\/wp-json\/wp\/v2\/product_tag?post=143275"},{"taxonomy":"berocket_brand","embeddable":true,"href":"https:\/\/stylingagenten.com\/fi\/wp-json\/wp\/v2\/berocket_brand?post=143275"}],"curies":[{"name":"wp","href":"https:\/\/api.w.org\/{rel}","templated":true}]}}