{"id":143272,"date":"2025-05-18T23:22:47","date_gmt":"2025-05-18T23:22:47","guid":{"rendered":"https:\/\/staging2.stylingagenten.com\/fi\/produkt\/zmile-cosmetics-brush-set-your-utensilo-brushes-6pcs\/"},"modified":"2026-02-16T08:50:05","modified_gmt":"2026-02-16T08:50:05","slug":"zmile-cosmetics-brush-set-your-utensilo-brushes-6pcs","status":"publish","type":"product","link":"https:\/\/stylingagenten.com\/fi\/tuote\/zmile-cosmetics-brush-set-your-utensilo-brushes-6pcs\/","title":{"rendered":"Zmile Cosmetics Brush Set Your Utensilo Brushes 6pcs"},"content":{"rendered":"<p>Utensilo &#8217;Brushes<br \/>vegaaniset meikkisiveltimesi samettisilla synteettisill\u00e4 hiuksilla! Taivaallinen tunne, joka mahdollistaa tasaisen levityksen ja saumattoman sekoittamisen. Puinen kahva mattapintaisella pinnalla. K\u00e4yt\u00e4nn\u00f6llinen Utensilo-laatikko tarjoaa runsaasti tilaa my\u00f6s kosmeettisille ty\u00f6kaluille! <br \/>Sis\u00e4lt\u00f6: Py\u00f6re\u00e4 puuterisivellin, kulmikas kulmasivellin, spoolie, luomiv\u00e4risivellin, silm\u00e4tahrasivellin, kulmikas kulmakarvojen sivellin.<\/p>\n","protected":false},"excerpt":{"rendered":"<p>Utensilo &#8217;Brushesvegaaniset meikkisiveltimesi samettisilla synteettisill\u00e4 hiuksilla! Taivaallinen tunne, joka mahdollistaa tasaisen levityksen ja saumattoman sekoittamisen. Puinen kahva mattapintaisella pinnalla. K\u00e4yt\u00e4nn\u00f6llinen Utensilo-laatikko tarjoaa runsaasti tilaa my\u00f6s kosmeettisille ty\u00f6kaluille! Sis\u00e4lt\u00f6: Py\u00f6re\u00e4 puuterisivellin, kulmikas kulmasivellin, spoolie, luomiv\u00e4risivellin, silm\u00e4tahrasivellin, kulmikas kulmakarvojen sivellin.<\/p>\n","protected":false},"featured_media":143256,"comment_status":"open","ping_status":"closed","template":"","meta":{"_trash_the_other_posts":false},"product_brand":[],"product_cat":[570],"product_tag":[],"berocket_brand":[1179],"class_list":{"0":"post-143272","1":"product","2":"type-product","3":"status-publish","4":"has-post-thumbnail","6":"product_cat-meikkisiveltimet","7":"pa_brand-zmile-cosmetics","8":"berocket_brand-zmile-cosmetics","10":"first","11":"instock","12":"sale","13":"taxable","14":"shipping-taxable","15":"purchasable","16":"product-type-simple"},"_links":{"self":[{"href":"https:\/\/stylingagenten.com\/fi\/wp-json\/wp\/v2\/product\/143272","targetHints":{"allow":["GET"]}}],"collection":[{"href":"https:\/\/stylingagenten.com\/fi\/wp-json\/wp\/v2\/product"}],"about":[{"href":"https:\/\/stylingagenten.com\/fi\/wp-json\/wp\/v2\/types\/product"}],"replies":[{"embeddable":true,"href":"https:\/\/stylingagenten.com\/fi\/wp-json\/wp\/v2\/comments?post=143272"}],"version-history":[{"count":0,"href":"https:\/\/stylingagenten.com\/fi\/wp-json\/wp\/v2\/product\/143272\/revisions"}],"wp:featuredmedia":[{"embeddable":true,"href":"https:\/\/stylingagenten.com\/fi\/wp-json\/wp\/v2\/media\/143256"}],"wp:attachment":[{"href":"https:\/\/stylingagenten.com\/fi\/wp-json\/wp\/v2\/media?parent=143272"}],"wp:term":[{"taxonomy":"product_brand","embeddable":true,"href":"https:\/\/stylingagenten.com\/fi\/wp-json\/wp\/v2\/product_brand?post=143272"},{"taxonomy":"product_cat","embeddable":true,"href":"https:\/\/stylingagenten.com\/fi\/wp-json\/wp\/v2\/product_cat?post=143272"},{"taxonomy":"product_tag","embeddable":true,"href":"https:\/\/stylingagenten.com\/fi\/wp-json\/wp\/v2\/product_tag?post=143272"},{"taxonomy":"berocket_brand","embeddable":true,"href":"https:\/\/stylingagenten.com\/fi\/wp-json\/wp\/v2\/berocket_brand?post=143272"}],"curies":[{"name":"wp","href":"https:\/\/api.w.org\/{rel}","templated":true}]}}