{"id":143251,"date":"2025-05-18T23:22:42","date_gmt":"2025-05-18T23:22:42","guid":{"rendered":"https:\/\/staging2.stylingagenten.com\/fi\/produkt\/beautyblender-double-delight\/"},"modified":"2026-04-08T15:28:54","modified_gmt":"2026-04-08T15:28:54","slug":"beautyblender-double-delight","status":"publish","type":"product","link":"https:\/\/stylingagenten.com\/fi\/tuote\/beautyblender-double-delight\/","title":{"rendered":"BeautyBlender Double Delight"},"content":{"rendered":"<p>T\u00e4m\u00e4 3-osainen setti sis\u00e4lt\u00e4\u00e4 kaiken mit\u00e4 tarvitset virheett\u00f6m\u00e4n lopputuloksen saavuttamiseksi. Superpehme\u00e4, eksklusiivinen ja lateksiton materiaali takaa helpon ja virheett\u00f6m\u00e4n levityksen. Nestem\u00e4isen Blendercleanser-saippuan avulla puhdistat meikkisiveltimesi ja sienesi helposti ja tehokkaasti. Silikoninen kuorintalevy auttaa poistamaan pinttyneimm\u00e4t likatahrat.<\/p>\n<p>Sis\u00e4lt\u00f6:<br \/>1 ALKUPER\u00c4INEN BEAUTYBLENDER meikkisieni<br \/>1 BLENDERCLEANSER LIQUID rajoitettu er\u00e4 meikkiv\u00e4lineisiin, 55 ml<br \/>Silikonihankaus meikkiv\u00e4lineiden puhdistukseen<\/p>\n","protected":false},"excerpt":{"rendered":"<p>T\u00e4m\u00e4 3-osainen setti sis\u00e4lt\u00e4\u00e4 kaiken mit\u00e4 tarvitset virheett\u00f6m\u00e4n lopputuloksen saavuttamiseksi. Superpehme\u00e4, eksklusiivinen ja lateksiton materiaali takaa helpon ja virheett\u00f6m\u00e4n levityksen. Nestem\u00e4isen Blendercleanser-saippuan avulla puhdistat meikkisiveltimesi ja sienesi helposti ja tehokkaasti. Silikoninen kuorintalevy auttaa poistamaan pinttyneimm\u00e4t likatahrat. Sis\u00e4lt\u00f6:1 ALKUPER\u00c4INEN BEAUTYBLENDER meikkisieni1 BLENDERCLEANSER LIQUID rajoitettu er\u00e4 meikkiv\u00e4lineisiin, 55 mlSilikonihankaus meikkiv\u00e4lineiden puhdistukseen<\/p>\n","protected":false},"featured_media":143239,"comment_status":"open","ping_status":"closed","template":"","meta":{"_trash_the_other_posts":false},"product_brand":[],"product_cat":[677],"product_tag":[2526],"berocket_brand":[1092],"class_list":{"0":"post-143251","1":"product","2":"type-product","3":"status-publish","4":"has-post-thumbnail","6":"product_cat-meikkisieni","7":"product_tag-beautyblender","8":"pa_brand-beautyblender","9":"pa_variantti-double-delight","10":"berocket_brand-beautyblender","12":"first","13":"instock","14":"sale","15":"taxable","16":"shipping-taxable","17":"purchasable","18":"product-type-simple"},"_links":{"self":[{"href":"https:\/\/stylingagenten.com\/fi\/wp-json\/wp\/v2\/product\/143251","targetHints":{"allow":["GET"]}}],"collection":[{"href":"https:\/\/stylingagenten.com\/fi\/wp-json\/wp\/v2\/product"}],"about":[{"href":"https:\/\/stylingagenten.com\/fi\/wp-json\/wp\/v2\/types\/product"}],"replies":[{"embeddable":true,"href":"https:\/\/stylingagenten.com\/fi\/wp-json\/wp\/v2\/comments?post=143251"}],"version-history":[{"count":0,"href":"https:\/\/stylingagenten.com\/fi\/wp-json\/wp\/v2\/product\/143251\/revisions"}],"wp:featuredmedia":[{"embeddable":true,"href":"https:\/\/stylingagenten.com\/fi\/wp-json\/wp\/v2\/media\/143239"}],"wp:attachment":[{"href":"https:\/\/stylingagenten.com\/fi\/wp-json\/wp\/v2\/media?parent=143251"}],"wp:term":[{"taxonomy":"product_brand","embeddable":true,"href":"https:\/\/stylingagenten.com\/fi\/wp-json\/wp\/v2\/product_brand?post=143251"},{"taxonomy":"product_cat","embeddable":true,"href":"https:\/\/stylingagenten.com\/fi\/wp-json\/wp\/v2\/product_cat?post=143251"},{"taxonomy":"product_tag","embeddable":true,"href":"https:\/\/stylingagenten.com\/fi\/wp-json\/wp\/v2\/product_tag?post=143251"},{"taxonomy":"berocket_brand","embeddable":true,"href":"https:\/\/stylingagenten.com\/fi\/wp-json\/wp\/v2\/berocket_brand?post=143251"}],"curies":[{"name":"wp","href":"https:\/\/api.w.org\/{rel}","templated":true}]}}