{"id":143248,"date":"2025-05-18T23:22:42","date_gmt":"2025-05-18T23:22:42","guid":{"rendered":"https:\/\/staging2.stylingagenten.com\/fi\/produkt\/beautyblender-house-of-bounce\/"},"modified":"2026-04-08T15:28:50","modified_gmt":"2026-04-08T15:28:50","slug":"beautyblender-house-of-bounce","status":"publish","type":"product","link":"https:\/\/stylingagenten.com\/fi\/tuote\/beautyblender-house-of-bounce\/","title":{"rendered":"BeautyBlender House of Bounce"},"content":{"rendered":"<p>Anna Beautyblenderillesi makea paikka lev\u00e4t\u00e4 t\u00e4ll\u00e4 uudella rajoitetun er\u00e4n pidikkeell\u00e4. T\u00e4m\u00e4 siisti diskopallon muotoinen teline auttaa sinua s\u00e4ilytt\u00e4m\u00e4\u00e4n Beautyblenderin k\u00e4ytt\u00f6kertojen v\u00e4lill\u00e4.<\/p>\n","protected":false},"excerpt":{"rendered":"<p>Anna Beautyblenderillesi makea paikka lev\u00e4t\u00e4 t\u00e4ll\u00e4 uudella rajoitetun er\u00e4n pidikkeell\u00e4. T\u00e4m\u00e4 siisti diskopallon muotoinen teline auttaa sinua s\u00e4ilytt\u00e4m\u00e4\u00e4n Beautyblenderin k\u00e4ytt\u00f6kertojen v\u00e4lill\u00e4.<\/p>\n","protected":false},"featured_media":143237,"comment_status":"open","ping_status":"closed","template":"","meta":{"_trash_the_other_posts":false},"product_brand":[],"product_cat":[677],"product_tag":[2526],"berocket_brand":[1092],"class_list":{"0":"post-143248","1":"product","2":"type-product","3":"status-publish","4":"has-post-thumbnail","6":"product_cat-meikkisieni","7":"product_tag-beautyblender","8":"pa_brand-beautyblender","9":"pa_variantti-house-of-bounce","10":"berocket_brand-beautyblender","12":"first","13":"instock","14":"sale","15":"taxable","16":"shipping-taxable","17":"purchasable","18":"product-type-simple"},"_links":{"self":[{"href":"https:\/\/stylingagenten.com\/fi\/wp-json\/wp\/v2\/product\/143248","targetHints":{"allow":["GET"]}}],"collection":[{"href":"https:\/\/stylingagenten.com\/fi\/wp-json\/wp\/v2\/product"}],"about":[{"href":"https:\/\/stylingagenten.com\/fi\/wp-json\/wp\/v2\/types\/product"}],"replies":[{"embeddable":true,"href":"https:\/\/stylingagenten.com\/fi\/wp-json\/wp\/v2\/comments?post=143248"}],"version-history":[{"count":0,"href":"https:\/\/stylingagenten.com\/fi\/wp-json\/wp\/v2\/product\/143248\/revisions"}],"wp:featuredmedia":[{"embeddable":true,"href":"https:\/\/stylingagenten.com\/fi\/wp-json\/wp\/v2\/media\/143237"}],"wp:attachment":[{"href":"https:\/\/stylingagenten.com\/fi\/wp-json\/wp\/v2\/media?parent=143248"}],"wp:term":[{"taxonomy":"product_brand","embeddable":true,"href":"https:\/\/stylingagenten.com\/fi\/wp-json\/wp\/v2\/product_brand?post=143248"},{"taxonomy":"product_cat","embeddable":true,"href":"https:\/\/stylingagenten.com\/fi\/wp-json\/wp\/v2\/product_cat?post=143248"},{"taxonomy":"product_tag","embeddable":true,"href":"https:\/\/stylingagenten.com\/fi\/wp-json\/wp\/v2\/product_tag?post=143248"},{"taxonomy":"berocket_brand","embeddable":true,"href":"https:\/\/stylingagenten.com\/fi\/wp-json\/wp\/v2\/berocket_brand?post=143248"}],"curies":[{"name":"wp","href":"https:\/\/api.w.org\/{rel}","templated":true}]}}