{"id":143247,"date":"2025-05-18T23:22:42","date_gmt":"2025-05-18T23:22:42","guid":{"rendered":"https:\/\/staging2.stylingagenten.com\/fi\/produkt\/beautyblender-single-scoop\/"},"modified":"2026-04-08T15:29:00","modified_gmt":"2026-04-08T15:29:00","slug":"beautyblender-single-scoop","status":"publish","type":"product","link":"https:\/\/stylingagenten.com\/fi\/tuote\/beautyblender-single-scoop\/","title":{"rendered":"BeautyBlender Single Scoop"},"content":{"rendered":"<p>Anna BeautyBlenderillesi s\u00f6p\u00f6 paikka lev\u00e4t\u00e4 t\u00e4ll\u00e4 setill\u00e4! Suloinen kartiomainen, tuulettuva pidike auttaa s\u00e4ilytt\u00e4m\u00e4\u00e4n Beautyblenderi\u00e4si (uudessa sorbetin s\u00e4vyss\u00e4!) k\u00e4ytt\u00f6kertojen v\u00e4lill\u00e4.<\/p>\n<p>BeautyBlender on elliptinen applikaattorisieni, joka on suunniteltu antamaan sinulle ammattimaisen viimeistelyn ja virheett\u00f6m\u00e4n levityksen. Ainutlaatuinen muoto ja ainutlaatuinen materiaali, jotka erottavat BeautyBlenderin, takaavat levityksen ilman raitoja tai reunoja ja v\u00e4hent\u00e4v\u00e4t tuotteen hukkaa.<\/p>\n<p>K\u00e4yt\u00e4 kostutettua BeautyBlenderia, kun levit\u00e4t m\u00e4rk\u00e4\u00e4 tai kuivaa meikki\u00e4. Kun BeautyBlender on m\u00e4rk\u00e4, se yleens\u00e4 laajenee kaksinkertaiseksi. Puhdista k\u00e4yt\u00f6n j\u00e4lkeen ja aseta BeautyBlender mukana tulevaan jalustaan \u200b\u200bkuivumaan.<\/p>\n","protected":false},"excerpt":{"rendered":"<p>Anna BeautyBlenderillesi s\u00f6p\u00f6 paikka lev\u00e4t\u00e4 t\u00e4ll\u00e4 setill\u00e4! Suloinen kartiomainen, tuulettuva pidike auttaa s\u00e4ilytt\u00e4m\u00e4\u00e4n Beautyblenderi\u00e4si (uudessa sorbetin s\u00e4vyss\u00e4!) k\u00e4ytt\u00f6kertojen v\u00e4lill\u00e4. BeautyBlender on elliptinen applikaattorisieni, joka on suunniteltu antamaan sinulle ammattimaisen viimeistelyn ja virheett\u00f6m\u00e4n levityksen. Ainutlaatuinen muoto ja ainutlaatuinen materiaali, jotka erottavat BeautyBlenderin, takaavat levityksen ilman raitoja tai reunoja ja v\u00e4hent\u00e4v\u00e4t tuotteen hukkaa. K\u00e4yt\u00e4 kostutettua BeautyBlenderia, kun [&hellip;]<\/p>\n","protected":false},"featured_media":143236,"comment_status":"open","ping_status":"closed","template":"","meta":{"_trash_the_other_posts":false},"product_brand":[],"product_cat":[677],"product_tag":[2526],"berocket_brand":[1092],"class_list":{"0":"post-143247","1":"product","2":"type-product","3":"status-publish","4":"has-post-thumbnail","6":"product_cat-meikkisieni","7":"product_tag-beautyblender","8":"pa_brand-beautyblender","9":"pa_variantti-single-scoop","10":"berocket_brand-beautyblender","12":"first","13":"instock","14":"sale","15":"taxable","16":"shipping-taxable","17":"purchasable","18":"product-type-simple"},"_links":{"self":[{"href":"https:\/\/stylingagenten.com\/fi\/wp-json\/wp\/v2\/product\/143247","targetHints":{"allow":["GET"]}}],"collection":[{"href":"https:\/\/stylingagenten.com\/fi\/wp-json\/wp\/v2\/product"}],"about":[{"href":"https:\/\/stylingagenten.com\/fi\/wp-json\/wp\/v2\/types\/product"}],"replies":[{"embeddable":true,"href":"https:\/\/stylingagenten.com\/fi\/wp-json\/wp\/v2\/comments?post=143247"}],"version-history":[{"count":0,"href":"https:\/\/stylingagenten.com\/fi\/wp-json\/wp\/v2\/product\/143247\/revisions"}],"wp:featuredmedia":[{"embeddable":true,"href":"https:\/\/stylingagenten.com\/fi\/wp-json\/wp\/v2\/media\/143236"}],"wp:attachment":[{"href":"https:\/\/stylingagenten.com\/fi\/wp-json\/wp\/v2\/media?parent=143247"}],"wp:term":[{"taxonomy":"product_brand","embeddable":true,"href":"https:\/\/stylingagenten.com\/fi\/wp-json\/wp\/v2\/product_brand?post=143247"},{"taxonomy":"product_cat","embeddable":true,"href":"https:\/\/stylingagenten.com\/fi\/wp-json\/wp\/v2\/product_cat?post=143247"},{"taxonomy":"product_tag","embeddable":true,"href":"https:\/\/stylingagenten.com\/fi\/wp-json\/wp\/v2\/product_tag?post=143247"},{"taxonomy":"berocket_brand","embeddable":true,"href":"https:\/\/stylingagenten.com\/fi\/wp-json\/wp\/v2\/berocket_brand?post=143247"}],"curies":[{"name":"wp","href":"https:\/\/api.w.org\/{rel}","templated":true}]}}