{"id":143233,"date":"2025-05-18T23:22:40","date_gmt":"2025-05-18T23:22:40","guid":{"rendered":"https:\/\/staging2.stylingagenten.com\/fi\/produkt\/nyx-prof-makeup-pro-flat-detail-brush\/"},"modified":"2025-11-19T11:05:30","modified_gmt":"2025-11-19T11:05:30","slug":"nyx-prof-makeup-pro-flat-detail-brush","status":"publish","type":"product","link":"https:\/\/stylingagenten.com\/fi\/tuote\/nyx-prof-makeup-pro-flat-detail-brush\/","title":{"rendered":"NYX PROF. MAKEUP Pro Flat Detail Brush"},"content":{"rendered":"<p><span style=\"font-size:11.0pt;line-height:107%;,sans-serif\">K\u00e4yt\u00e4 varusteita ammattilaisten tavoin ja luo oma ammattimainen kosketus jokaiseen ilmeeseen <\/span>NYX PROFESSIONAL MAKEUP<span style=\"font-size:11.0pt;line-height:107%;,sans-serif\"> Pro Flat Detail Brush &#8211; kartiomainen sivellin, joka on h\u00e4mm\u00e4stytt\u00e4v\u00e4 nestem\u00e4isille kaavoille tai voidekoostumuksille tasaiseen levitykseen ilman raitoja.<\/span><\/p>\n","protected":false},"excerpt":{"rendered":"<p>K\u00e4yt\u00e4 varusteita ammattilaisten tavoin ja luo oma ammattimainen kosketus jokaiseen ilmeeseen NYX PROFESSIONAL MAKEUP Pro Flat Detail Brush &#8211; kartiomainen sivellin, joka on h\u00e4mm\u00e4stytt\u00e4v\u00e4 nestem\u00e4isille kaavoille tai voidekoostumuksille tasaiseen levitykseen ilman raitoja.<\/p>\n","protected":false},"featured_media":143230,"comment_status":"open","ping_status":"closed","template":"","meta":{"_trash_the_other_posts":false},"product_brand":[],"product_cat":[676],"product_tag":[3693],"berocket_brand":[1025],"class_list":{"0":"post-143233","1":"product","2":"type-product","3":"status-publish","4":"has-post-thumbnail","6":"product_cat-meikkisiveltimet-silmat","7":"product_tag-nyx-prof-makeup-pro-brush","8":"pa_brand-nyx","9":"pa_variantti-flat-detail","10":"berocket_brand-nyx","12":"first","13":"instock","14":"sale","15":"taxable","16":"shipping-taxable","17":"purchasable","18":"product-type-simple"},"_links":{"self":[{"href":"https:\/\/stylingagenten.com\/fi\/wp-json\/wp\/v2\/product\/143233","targetHints":{"allow":["GET"]}}],"collection":[{"href":"https:\/\/stylingagenten.com\/fi\/wp-json\/wp\/v2\/product"}],"about":[{"href":"https:\/\/stylingagenten.com\/fi\/wp-json\/wp\/v2\/types\/product"}],"replies":[{"embeddable":true,"href":"https:\/\/stylingagenten.com\/fi\/wp-json\/wp\/v2\/comments?post=143233"}],"version-history":[{"count":0,"href":"https:\/\/stylingagenten.com\/fi\/wp-json\/wp\/v2\/product\/143233\/revisions"}],"wp:featuredmedia":[{"embeddable":true,"href":"https:\/\/stylingagenten.com\/fi\/wp-json\/wp\/v2\/media\/143230"}],"wp:attachment":[{"href":"https:\/\/stylingagenten.com\/fi\/wp-json\/wp\/v2\/media?parent=143233"}],"wp:term":[{"taxonomy":"product_brand","embeddable":true,"href":"https:\/\/stylingagenten.com\/fi\/wp-json\/wp\/v2\/product_brand?post=143233"},{"taxonomy":"product_cat","embeddable":true,"href":"https:\/\/stylingagenten.com\/fi\/wp-json\/wp\/v2\/product_cat?post=143233"},{"taxonomy":"product_tag","embeddable":true,"href":"https:\/\/stylingagenten.com\/fi\/wp-json\/wp\/v2\/product_tag?post=143233"},{"taxonomy":"berocket_brand","embeddable":true,"href":"https:\/\/stylingagenten.com\/fi\/wp-json\/wp\/v2\/berocket_brand?post=143233"}],"curies":[{"name":"wp","href":"https:\/\/api.w.org\/{rel}","templated":true}]}}