{"id":143184,"date":"2025-05-18T23:22:29","date_gmt":"2025-05-18T23:22:29","guid":{"rendered":"https:\/\/staging2.stylingagenten.com\/fi\/produkt\/parker-29l-butterfly-open-safety-razor\/"},"modified":"2026-04-06T12:38:29","modified_gmt":"2026-04-06T12:38:29","slug":"parker-29l-butterfly-open-safety-razor","status":"publish","type":"product","link":"https:\/\/stylingagenten.com\/fi\/tuote\/parker-29l-butterfly-open-safety-razor\/","title":{"rendered":"Parker 29L Butterfly Open Safety Razor"},"content":{"rendered":"<p style='font-family: \"Calibri\", sans-serif'>29L Butterfly Open Safety Razor<br \/>Parker on maailmanlaajuinen perheyritys, joka on ollut genrens\u00e4 johtaja vuodesta 1973 l\u00e4htien. Niiden korkealla laadulla ja innovatiivinen suunnittelu p&aring; Parkerin turvaparranajokoneet hyv\u00e4ksyv\u00e4t vain yhden tyyppisen vakioparametrin; heid\u00e4n tuotteensa &ndash; Parasta!<\/p>\n<p style='margin-top:0cm;margin-right:0cm;margin-bottom:8.0pt;margin-left:0cm;font-size:15px;font-family:\" Calibri\" ,sans-serif'>29L on turvaparranajokone, jossa on pitk\u00e4 varsi ja hyv\u00e4 tasapaino, joka takaa tarkan parranajon joka kerta. Kuvioitu kahva tarjoaa turvallisen otteen jokaisella k\u00e4ytt\u00f6kerralla, vaikka se olisi sininen.<\/p>\n<p style='margin-top:0cm;margin-right:0cm;margin-left:0cm;font-size:15px;font-family:\"Calibri\",sans-serif'>Partakoneen k\u00e4\u00e4nt\u00f6mekanismi helpottaa partakoneen terien vaihtamista, ruuvaamista; partakoneen varsi ja p\u00e4\u00e4 avautuvat partakoneen ter\u00e4n ymp\u00e4rilt\u00e4.<\/p>\n<p>HUOM! H\u00f6yl\u00e4n mukana ei tule partakoneen teri\u00e4.<\/p>\n<p>Kahvan pituus: 10 cm<br \/>Paino: 80 g.<\/p>\n","protected":false},"excerpt":{"rendered":"<p>29L Butterfly Open Safety RazorParker on maailmanlaajuinen perheyritys, joka on ollut genrens\u00e4 johtaja vuodesta 1973 l\u00e4htien. Niiden korkealla laadulla ja innovatiivinen suunnittelu p&aring; Parkerin turvaparranajokoneet hyv\u00e4ksyv\u00e4t vain yhden tyyppisen vakioparametrin; heid\u00e4n tuotteensa &ndash; Parasta! 29L on turvaparranajokone, jossa on pitk\u00e4 varsi ja hyv\u00e4 tasapaino, joka takaa tarkan parranajon joka kerta. Kuvioitu kahva tarjoaa turvallisen otteen [&hellip;]<\/p>\n","protected":false},"featured_media":143181,"comment_status":"open","ping_status":"closed","template":"","meta":{"_trash_the_other_posts":false},"product_brand":[],"product_cat":[690],"product_tag":[],"berocket_brand":[1088],"class_list":{"0":"post-143184","1":"product","2":"type-product","3":"status-publish","4":"has-post-thumbnail","6":"product_cat-partaveitsi","7":"pa_brand-parker","8":"berocket_brand-parker","10":"first","11":"instock","12":"sale","13":"taxable","14":"shipping-taxable","15":"purchasable","16":"product-type-simple"},"_links":{"self":[{"href":"https:\/\/stylingagenten.com\/fi\/wp-json\/wp\/v2\/product\/143184","targetHints":{"allow":["GET"]}}],"collection":[{"href":"https:\/\/stylingagenten.com\/fi\/wp-json\/wp\/v2\/product"}],"about":[{"href":"https:\/\/stylingagenten.com\/fi\/wp-json\/wp\/v2\/types\/product"}],"replies":[{"embeddable":true,"href":"https:\/\/stylingagenten.com\/fi\/wp-json\/wp\/v2\/comments?post=143184"}],"version-history":[{"count":0,"href":"https:\/\/stylingagenten.com\/fi\/wp-json\/wp\/v2\/product\/143184\/revisions"}],"wp:featuredmedia":[{"embeddable":true,"href":"https:\/\/stylingagenten.com\/fi\/wp-json\/wp\/v2\/media\/143181"}],"wp:attachment":[{"href":"https:\/\/stylingagenten.com\/fi\/wp-json\/wp\/v2\/media?parent=143184"}],"wp:term":[{"taxonomy":"product_brand","embeddable":true,"href":"https:\/\/stylingagenten.com\/fi\/wp-json\/wp\/v2\/product_brand?post=143184"},{"taxonomy":"product_cat","embeddable":true,"href":"https:\/\/stylingagenten.com\/fi\/wp-json\/wp\/v2\/product_cat?post=143184"},{"taxonomy":"product_tag","embeddable":true,"href":"https:\/\/stylingagenten.com\/fi\/wp-json\/wp\/v2\/product_tag?post=143184"},{"taxonomy":"berocket_brand","embeddable":true,"href":"https:\/\/stylingagenten.com\/fi\/wp-json\/wp\/v2\/berocket_brand?post=143184"}],"curies":[{"name":"wp","href":"https:\/\/api.w.org\/{rel}","templated":true}]}}