{"id":143167,"date":"2025-05-18T23:22:26","date_gmt":"2025-05-18T23:22:26","guid":{"rendered":"https:\/\/staging2.stylingagenten.com\/fi\/produkt\/gillette-venus-rakblad-4-pack\/"},"modified":"2026-04-01T20:28:37","modified_gmt":"2026-04-01T20:28:37","slug":"gillette-venus-rakblad-4-pack","status":"publish","type":"product","link":"https:\/\/stylingagenten.com\/fi\/tuote\/gillette-venus-rakblad-4-pack\/","title":{"rendered":"Gillette Venus Rakblad 4-pack"},"content":{"rendered":"<p><strong>Gillette Venus Razor<\/strong> &#8211; Venus on ensimm\u00e4inen 3-ter\u00e4inen partakone. Partakoneen teriss\u00e4 on suojatyyny, joka takaa hell\u00e4varaisen ja tarkan ajon. A bl&aring; Ajan my\u00f6t\u00e4 haalistuva nauha n\u00e4ytt\u00e4\u00e4, milloin voi olla aika vaihtaa partakoneen ter\u00e4. Toimii erinomaisesti jalkojen, kainaloiden ja bikiniradan parranajoon.<\/p>\n","protected":false},"excerpt":{"rendered":"<p>Gillette Venus Razor &#8211; Venus on ensimm\u00e4inen 3-ter\u00e4inen partakone. Partakoneen teriss\u00e4 on suojatyyny, joka takaa hell\u00e4varaisen ja tarkan ajon. A bl&aring; Ajan my\u00f6t\u00e4 haalistuva nauha n\u00e4ytt\u00e4\u00e4, milloin voi olla aika vaihtaa partakoneen ter\u00e4. Toimii erinomaisesti jalkojen, kainaloiden ja bikiniradan parranajoon.<\/p>\n","protected":false},"featured_media":143166,"comment_status":"open","ping_status":"closed","template":"","meta":{"_trash_the_other_posts":false},"product_brand":[],"product_cat":[690],"product_tag":[],"berocket_brand":[1324],"class_list":{"0":"post-143167","1":"product","2":"type-product","3":"status-publish","4":"has-post-thumbnail","6":"product_cat-partaveitsi","7":"pa_brand-gillette","8":"berocket_brand-gillette","10":"first","11":"instock","12":"sale","13":"taxable","14":"shipping-taxable","15":"purchasable","16":"product-type-simple"},"_links":{"self":[{"href":"https:\/\/stylingagenten.com\/fi\/wp-json\/wp\/v2\/product\/143167","targetHints":{"allow":["GET"]}}],"collection":[{"href":"https:\/\/stylingagenten.com\/fi\/wp-json\/wp\/v2\/product"}],"about":[{"href":"https:\/\/stylingagenten.com\/fi\/wp-json\/wp\/v2\/types\/product"}],"replies":[{"embeddable":true,"href":"https:\/\/stylingagenten.com\/fi\/wp-json\/wp\/v2\/comments?post=143167"}],"version-history":[{"count":0,"href":"https:\/\/stylingagenten.com\/fi\/wp-json\/wp\/v2\/product\/143167\/revisions"}],"wp:featuredmedia":[{"embeddable":true,"href":"https:\/\/stylingagenten.com\/fi\/wp-json\/wp\/v2\/media\/143166"}],"wp:attachment":[{"href":"https:\/\/stylingagenten.com\/fi\/wp-json\/wp\/v2\/media?parent=143167"}],"wp:term":[{"taxonomy":"product_brand","embeddable":true,"href":"https:\/\/stylingagenten.com\/fi\/wp-json\/wp\/v2\/product_brand?post=143167"},{"taxonomy":"product_cat","embeddable":true,"href":"https:\/\/stylingagenten.com\/fi\/wp-json\/wp\/v2\/product_cat?post=143167"},{"taxonomy":"product_tag","embeddable":true,"href":"https:\/\/stylingagenten.com\/fi\/wp-json\/wp\/v2\/product_tag?post=143167"},{"taxonomy":"berocket_brand","embeddable":true,"href":"https:\/\/stylingagenten.com\/fi\/wp-json\/wp\/v2\/berocket_brand?post=143167"}],"curies":[{"name":"wp","href":"https:\/\/api.w.org\/{rel}","templated":true}]}}