{"id":143155,"date":"2025-05-18T23:22:23","date_gmt":"2025-05-18T23:22:23","guid":{"rendered":"https:\/\/staging2.stylingagenten.com\/fi\/produkt\/mountaineer-brand-chrome-shave-bowl\/"},"modified":"2025-11-19T11:24:27","modified_gmt":"2025-11-19T11:24:27","slug":"mountaineer-brand-chrome-shave-bowl","status":"publish","type":"product","link":"https:\/\/stylingagenten.com\/fi\/tuote\/mountaineer-brand-chrome-shave-bowl\/","title":{"rendered":"Mountaineer Brand Chrome Shave Bowl"},"content":{"rendered":"<p>Chrome Shave Bowl on valmistettu ruostumattomasta ter\u00e4ksest\u00e4 ja pinnoitettu kromilla todella kiilt\u00e4v\u00e4n lopputuloksen saavuttamiseksi. <br \/>Parranajokuoren avulla on helppo vaahdottaa upea partavaahto tai parranajovaahto.<\/p>\n<p><\/p>\n","protected":false},"excerpt":{"rendered":"<p>Chrome Shave Bowl on valmistettu ruostumattomasta ter\u00e4ksest\u00e4 ja pinnoitettu kromilla todella kiilt\u00e4v\u00e4n lopputuloksen saavuttamiseksi. Parranajokuoren avulla on helppo vaahdottaa upea partavaahto tai parranajovaahto.<\/p>\n","protected":false},"featured_media":143151,"comment_status":"open","ping_status":"closed","template":"","meta":{"_trash_the_other_posts":false},"product_brand":[],"product_cat":[687],"product_tag":[],"berocket_brand":[1110],"class_list":{"0":"post-143155","1":"product","2":"type-product","3":"status-publish","4":"has-post-thumbnail","6":"product_cat-parta-tyokalu","7":"pa_brand-mountaineer-brand","8":"berocket_brand-mountaineer-brand","10":"first","11":"instock","12":"sale","13":"taxable","14":"shipping-taxable","15":"purchasable","16":"product-type-simple"},"_links":{"self":[{"href":"https:\/\/stylingagenten.com\/fi\/wp-json\/wp\/v2\/product\/143155","targetHints":{"allow":["GET"]}}],"collection":[{"href":"https:\/\/stylingagenten.com\/fi\/wp-json\/wp\/v2\/product"}],"about":[{"href":"https:\/\/stylingagenten.com\/fi\/wp-json\/wp\/v2\/types\/product"}],"replies":[{"embeddable":true,"href":"https:\/\/stylingagenten.com\/fi\/wp-json\/wp\/v2\/comments?post=143155"}],"version-history":[{"count":0,"href":"https:\/\/stylingagenten.com\/fi\/wp-json\/wp\/v2\/product\/143155\/revisions"}],"wp:featuredmedia":[{"embeddable":true,"href":"https:\/\/stylingagenten.com\/fi\/wp-json\/wp\/v2\/media\/143151"}],"wp:attachment":[{"href":"https:\/\/stylingagenten.com\/fi\/wp-json\/wp\/v2\/media?parent=143155"}],"wp:term":[{"taxonomy":"product_brand","embeddable":true,"href":"https:\/\/stylingagenten.com\/fi\/wp-json\/wp\/v2\/product_brand?post=143155"},{"taxonomy":"product_cat","embeddable":true,"href":"https:\/\/stylingagenten.com\/fi\/wp-json\/wp\/v2\/product_cat?post=143155"},{"taxonomy":"product_tag","embeddable":true,"href":"https:\/\/stylingagenten.com\/fi\/wp-json\/wp\/v2\/product_tag?post=143155"},{"taxonomy":"berocket_brand","embeddable":true,"href":"https:\/\/stylingagenten.com\/fi\/wp-json\/wp\/v2\/berocket_brand?post=143155"}],"curies":[{"name":"wp","href":"https:\/\/api.w.org\/{rel}","templated":true}]}}