{"id":143149,"date":"2025-05-18T23:22:22","date_gmt":"2025-05-18T23:22:22","guid":{"rendered":"https:\/\/staging2.stylingagenten.com\/fi\/produkt\/gillette-fusion5-8-pack\/"},"modified":"2026-03-14T17:27:40","modified_gmt":"2026-03-14T17:27:40","slug":"gillette-fusion5-8-pack","status":"publish","type":"product","link":"https:\/\/stylingagenten.com\/fi\/tuote\/gillette-fusion5-8-pack\/","title":{"rendered":"Gillette Fusion5 8-Pack"},"content":{"rendered":"<p>Gillette Fusion5 Power -parranajokoneessa miesten s\u00e4hk\u00f6parranajokoneissa on 5 kitkaa v\u00e4hent\u00e4v\u00e4\u00e4 ter\u00e4\u00e4, mik\u00e4 takaa tuskin havaittavan parranajon. Tarkkuustrimmeri p&aring; takaosa vaikeap\u00e4\u00e4syisille alueille ja kasvojen hiusten muotoiluun. Voitelunauha haalistuu, kun et saa en\u00e4\u00e4 optimaalista parranajoa.&nbsp;<\/p>\n<p>Yksi \u200b\u200bpartakoneen ter\u00e4n t\u00e4ytt\u00f6 vastaa jopa kuukauden parranajoa. Fusion5 Power partakoneen ter\u00e4 miesten s\u00e4hk\u00f6parranajokoneille sopii kaikkiin Fusion5 partakoneisiin &amp; Fusion5 Power s\u00e4hk\u00f6parranajokoneet. Gillette-parranajokoneet, jotka tunnettiin aiemmin nimell\u00e4 Fusion Power.<\/p>\n","protected":false},"excerpt":{"rendered":"<p>Gillette Fusion5 Power -parranajokoneessa miesten s\u00e4hk\u00f6parranajokoneissa on 5 kitkaa v\u00e4hent\u00e4v\u00e4\u00e4 ter\u00e4\u00e4, mik\u00e4 takaa tuskin havaittavan parranajon. Tarkkuustrimmeri p&aring; takaosa vaikeap\u00e4\u00e4syisille alueille ja kasvojen hiusten muotoiluun. Voitelunauha haalistuu, kun et saa en\u00e4\u00e4 optimaalista parranajoa.&nbsp; Yksi \u200b\u200bpartakoneen ter\u00e4n t\u00e4ytt\u00f6 vastaa jopa kuukauden parranajoa. Fusion5 Power partakoneen ter\u00e4 miesten s\u00e4hk\u00f6parranajokoneille sopii kaikkiin Fusion5 partakoneisiin &amp; Fusion5 Power s\u00e4hk\u00f6parranajokoneet. [&hellip;]<\/p>\n","protected":false},"featured_media":143147,"comment_status":"open","ping_status":"closed","template":"","meta":{"_trash_the_other_posts":false},"product_brand":[],"product_cat":[693,690],"product_tag":[],"berocket_brand":[1324],"class_list":{"0":"post-143149","1":"product","2":"type-product","3":"status-publish","4":"has-post-thumbnail","6":"product_cat-partakoneen-tera","7":"product_cat-partaveitsi","8":"pa_brand-gillette","9":"berocket_brand-gillette","11":"first","12":"instock","13":"sale","14":"taxable","15":"shipping-taxable","16":"purchasable","17":"product-type-simple"},"_links":{"self":[{"href":"https:\/\/stylingagenten.com\/fi\/wp-json\/wp\/v2\/product\/143149","targetHints":{"allow":["GET"]}}],"collection":[{"href":"https:\/\/stylingagenten.com\/fi\/wp-json\/wp\/v2\/product"}],"about":[{"href":"https:\/\/stylingagenten.com\/fi\/wp-json\/wp\/v2\/types\/product"}],"replies":[{"embeddable":true,"href":"https:\/\/stylingagenten.com\/fi\/wp-json\/wp\/v2\/comments?post=143149"}],"version-history":[{"count":0,"href":"https:\/\/stylingagenten.com\/fi\/wp-json\/wp\/v2\/product\/143149\/revisions"}],"wp:featuredmedia":[{"embeddable":true,"href":"https:\/\/stylingagenten.com\/fi\/wp-json\/wp\/v2\/media\/143147"}],"wp:attachment":[{"href":"https:\/\/stylingagenten.com\/fi\/wp-json\/wp\/v2\/media?parent=143149"}],"wp:term":[{"taxonomy":"product_brand","embeddable":true,"href":"https:\/\/stylingagenten.com\/fi\/wp-json\/wp\/v2\/product_brand?post=143149"},{"taxonomy":"product_cat","embeddable":true,"href":"https:\/\/stylingagenten.com\/fi\/wp-json\/wp\/v2\/product_cat?post=143149"},{"taxonomy":"product_tag","embeddable":true,"href":"https:\/\/stylingagenten.com\/fi\/wp-json\/wp\/v2\/product_tag?post=143149"},{"taxonomy":"berocket_brand","embeddable":true,"href":"https:\/\/stylingagenten.com\/fi\/wp-json\/wp\/v2\/berocket_brand?post=143149"}],"curies":[{"name":"wp","href":"https:\/\/api.w.org\/{rel}","templated":true}]}}