{"id":143148,"date":"2025-05-18T23:22:22","date_gmt":"2025-05-18T23:22:22","guid":{"rendered":"https:\/\/staging2.stylingagenten.com\/fi\/produkt\/gillette-satin-care-sensitive-skin-200ml\/"},"modified":"2026-03-11T21:42:07","modified_gmt":"2026-03-11T21:42:07","slug":"gillette-satin-care-sensitive-skin-200ml","status":"publish","type":"product","link":"https:\/\/stylingagenten.com\/fi\/tuote\/gillette-satin-care-sensitive-skin-200ml\/","title":{"rendered":"Gillette Satin Care Sensitive Skin 200ml"},"content":{"rendered":"<p>Enemm\u00e4n luistoa herk\u00e4lle iholle. Uusi SatinCare&reg; Sensitive Skin Formula -parranajogeeli, jossa on aloe veraa, on suunniteltu erityisesti herk\u00e4lle iholle. T\u00e4ss\u00e4 geeliss\u00e4 on edistyksellisi\u00e4 kosteuttavia aineita, jotka antavat partaveitselle uskomattoman luiston.<\/p>\n","protected":false},"excerpt":{"rendered":"<p>Enemm\u00e4n luistoa herk\u00e4lle iholle. Uusi SatinCare&reg; Sensitive Skin Formula -parranajogeeli, jossa on aloe veraa, on suunniteltu erityisesti herk\u00e4lle iholle. T\u00e4ss\u00e4 geeliss\u00e4 on edistyksellisi\u00e4 kosteuttavia aineita, jotka antavat partaveitselle uskomattoman luiston.<\/p>\n","protected":false},"featured_media":143145,"comment_status":"open","ping_status":"closed","template":"","meta":{"_trash_the_other_posts":false},"product_brand":[],"product_cat":[690],"product_tag":[],"berocket_brand":[1324],"class_list":{"0":"post-143148","1":"product","2":"type-product","3":"status-publish","4":"has-post-thumbnail","6":"product_cat-partaveitsi","7":"pa_brand-gillette","8":"berocket_brand-gillette","10":"first","11":"instock","12":"sale","13":"taxable","14":"shipping-taxable","15":"purchasable","16":"product-type-simple"},"_links":{"self":[{"href":"https:\/\/stylingagenten.com\/fi\/wp-json\/wp\/v2\/product\/143148","targetHints":{"allow":["GET"]}}],"collection":[{"href":"https:\/\/stylingagenten.com\/fi\/wp-json\/wp\/v2\/product"}],"about":[{"href":"https:\/\/stylingagenten.com\/fi\/wp-json\/wp\/v2\/types\/product"}],"replies":[{"embeddable":true,"href":"https:\/\/stylingagenten.com\/fi\/wp-json\/wp\/v2\/comments?post=143148"}],"version-history":[{"count":0,"href":"https:\/\/stylingagenten.com\/fi\/wp-json\/wp\/v2\/product\/143148\/revisions"}],"wp:featuredmedia":[{"embeddable":true,"href":"https:\/\/stylingagenten.com\/fi\/wp-json\/wp\/v2\/media\/143145"}],"wp:attachment":[{"href":"https:\/\/stylingagenten.com\/fi\/wp-json\/wp\/v2\/media?parent=143148"}],"wp:term":[{"taxonomy":"product_brand","embeddable":true,"href":"https:\/\/stylingagenten.com\/fi\/wp-json\/wp\/v2\/product_brand?post=143148"},{"taxonomy":"product_cat","embeddable":true,"href":"https:\/\/stylingagenten.com\/fi\/wp-json\/wp\/v2\/product_cat?post=143148"},{"taxonomy":"product_tag","embeddable":true,"href":"https:\/\/stylingagenten.com\/fi\/wp-json\/wp\/v2\/product_tag?post=143148"},{"taxonomy":"berocket_brand","embeddable":true,"href":"https:\/\/stylingagenten.com\/fi\/wp-json\/wp\/v2\/berocket_brand?post=143148"}],"curies":[{"name":"wp","href":"https:\/\/api.w.org\/{rel}","templated":true}]}}