{"id":143089,"date":"2025-05-18T23:22:08","date_gmt":"2025-05-18T23:22:08","guid":{"rendered":"https:\/\/staging2.stylingagenten.com\/fi\/produkt\/gillette-venus-breeze-blades-4-pack\/"},"modified":"2026-04-11T18:17:27","modified_gmt":"2026-04-11T18:17:27","slug":"gillette-venus-breeze-blades-4-pack","status":"publish","type":"product","link":"https:\/\/stylingagenten.com\/fi\/tuote\/gillette-venus-breeze-blades-4-pack\/","title":{"rendered":"Gillette Venus ComfortGlide Breeze Blades 4-pack"},"content":{"rendered":"<p>Venus Breezen partakoneen ter\u00e4t helpottavat parranajoa ilman parranajogeelin tai -vaahdon aiheuttamaa vaivaa. Ainoa asia, mit\u00e4 sinun tarvitsee tehd\u00e4, on kostuttaa ter\u00e4 huolellisesti. sis\u00e4\u00e4nrakennettu geeli vapautuu, joka tukee parranajoasi. T\u00e4m\u00e4 paketti sis\u00e4lt\u00e4\u00e4 4 Venus Breeze -partater\u00e4\u00e4.<\/p>\n<p>&nbsp;<\/p>\n","protected":false},"excerpt":{"rendered":"<p>Venus Breezen partakoneen ter\u00e4t helpottavat parranajoa ilman parranajogeelin tai -vaahdon aiheuttamaa vaivaa. Ainoa asia, mit\u00e4 sinun tarvitsee tehd\u00e4, on kostuttaa ter\u00e4 huolellisesti. sis\u00e4\u00e4nrakennettu geeli vapautuu, joka tukee parranajoasi. T\u00e4m\u00e4 paketti sis\u00e4lt\u00e4\u00e4 4 Venus Breeze -partater\u00e4\u00e4. &nbsp;<\/p>\n","protected":false},"featured_media":441945,"comment_status":"open","ping_status":"closed","template":"","meta":{"_trash_the_other_posts":false},"product_brand":[],"product_cat":[690],"product_tag":[],"berocket_brand":[1324],"class_list":{"0":"post-143089","1":"product","2":"type-product","3":"status-publish","4":"has-post-thumbnail","6":"product_cat-partaveitsi","7":"pa_brand-gillette","8":"berocket_brand-gillette","10":"first","11":"instock","12":"sale","13":"taxable","14":"shipping-taxable","15":"purchasable","16":"product-type-simple"},"_links":{"self":[{"href":"https:\/\/stylingagenten.com\/fi\/wp-json\/wp\/v2\/product\/143089","targetHints":{"allow":["GET"]}}],"collection":[{"href":"https:\/\/stylingagenten.com\/fi\/wp-json\/wp\/v2\/product"}],"about":[{"href":"https:\/\/stylingagenten.com\/fi\/wp-json\/wp\/v2\/types\/product"}],"replies":[{"embeddable":true,"href":"https:\/\/stylingagenten.com\/fi\/wp-json\/wp\/v2\/comments?post=143089"}],"version-history":[{"count":0,"href":"https:\/\/stylingagenten.com\/fi\/wp-json\/wp\/v2\/product\/143089\/revisions"}],"wp:featuredmedia":[{"embeddable":true,"href":"https:\/\/stylingagenten.com\/fi\/wp-json\/wp\/v2\/media\/441945"}],"wp:attachment":[{"href":"https:\/\/stylingagenten.com\/fi\/wp-json\/wp\/v2\/media?parent=143089"}],"wp:term":[{"taxonomy":"product_brand","embeddable":true,"href":"https:\/\/stylingagenten.com\/fi\/wp-json\/wp\/v2\/product_brand?post=143089"},{"taxonomy":"product_cat","embeddable":true,"href":"https:\/\/stylingagenten.com\/fi\/wp-json\/wp\/v2\/product_cat?post=143089"},{"taxonomy":"product_tag","embeddable":true,"href":"https:\/\/stylingagenten.com\/fi\/wp-json\/wp\/v2\/product_tag?post=143089"},{"taxonomy":"berocket_brand","embeddable":true,"href":"https:\/\/stylingagenten.com\/fi\/wp-json\/wp\/v2\/berocket_brand?post=143089"}],"curies":[{"name":"wp","href":"https:\/\/api.w.org\/{rel}","templated":true}]}}