{"id":143071,"date":"2025-05-18T23:22:03","date_gmt":"2025-05-18T23:22:03","guid":{"rendered":"https:\/\/staging2.stylingagenten.com\/fi\/produkt\/gillette-venus-extra-smooth-blades-4-pack\/"},"modified":"2026-04-14T07:09:23","modified_gmt":"2026-04-14T07:09:23","slug":"gillette-venus-extra-smooth-blades-4-pack","status":"publish","type":"product","link":"https:\/\/stylingagenten.com\/fi\/tuote\/gillette-venus-extra-smooth-blades-4-pack\/","title":{"rendered":"Gillette Venus Extra Smooth Blades 4-pack"},"content":{"rendered":"<p>Gillette Venus Extra Smooth tekee parranajostasi helpompaa ja mukavampaa. 5 lehte\u00e4 p\u00e4\u00e4ll\u00e4 jokainen partaveitsi tekee parranajostasi tarkan ja helpon. <\/p>\n<p>Sis\u00e4lt\u00e4\u00e4<br \/>4 &#8211; Pakkauksen Venus-partakoneen teri\u00e4<\/p>\n","protected":false},"excerpt":{"rendered":"<p>Gillette Venus Extra Smooth tekee parranajostasi helpompaa ja mukavampaa. 5 lehte\u00e4 p\u00e4\u00e4ll\u00e4 jokainen partaveitsi tekee parranajostasi tarkan ja helpon. Sis\u00e4lt\u00e4\u00e44 &#8211; Pakkauksen Venus-partakoneen teri\u00e4<\/p>\n","protected":false},"featured_media":143070,"comment_status":"open","ping_status":"closed","template":"","meta":{"_trash_the_other_posts":false},"product_brand":[],"product_cat":[690],"product_tag":[],"berocket_brand":[1324],"class_list":{"0":"post-143071","1":"product","2":"type-product","3":"status-publish","4":"has-post-thumbnail","6":"product_cat-partaveitsi","7":"pa_brand-gillette","8":"berocket_brand-gillette","10":"first","11":"instock","12":"sale","13":"taxable","14":"shipping-taxable","15":"purchasable","16":"product-type-simple"},"_links":{"self":[{"href":"https:\/\/stylingagenten.com\/fi\/wp-json\/wp\/v2\/product\/143071","targetHints":{"allow":["GET"]}}],"collection":[{"href":"https:\/\/stylingagenten.com\/fi\/wp-json\/wp\/v2\/product"}],"about":[{"href":"https:\/\/stylingagenten.com\/fi\/wp-json\/wp\/v2\/types\/product"}],"replies":[{"embeddable":true,"href":"https:\/\/stylingagenten.com\/fi\/wp-json\/wp\/v2\/comments?post=143071"}],"version-history":[{"count":0,"href":"https:\/\/stylingagenten.com\/fi\/wp-json\/wp\/v2\/product\/143071\/revisions"}],"wp:featuredmedia":[{"embeddable":true,"href":"https:\/\/stylingagenten.com\/fi\/wp-json\/wp\/v2\/media\/143070"}],"wp:attachment":[{"href":"https:\/\/stylingagenten.com\/fi\/wp-json\/wp\/v2\/media?parent=143071"}],"wp:term":[{"taxonomy":"product_brand","embeddable":true,"href":"https:\/\/stylingagenten.com\/fi\/wp-json\/wp\/v2\/product_brand?post=143071"},{"taxonomy":"product_cat","embeddable":true,"href":"https:\/\/stylingagenten.com\/fi\/wp-json\/wp\/v2\/product_cat?post=143071"},{"taxonomy":"product_tag","embeddable":true,"href":"https:\/\/stylingagenten.com\/fi\/wp-json\/wp\/v2\/product_tag?post=143071"},{"taxonomy":"berocket_brand","embeddable":true,"href":"https:\/\/stylingagenten.com\/fi\/wp-json\/wp\/v2\/berocket_brand?post=143071"}],"curies":[{"name":"wp","href":"https:\/\/api.w.org\/{rel}","templated":true}]}}