{"id":143038,"date":"2025-05-18T23:21:56","date_gmt":"2025-05-18T23:21:56","guid":{"rendered":"https:\/\/staging2.stylingagenten.com\/fi\/produkt\/parker-safety-razor-black-111b\/"},"modified":"2025-11-19T12:18:48","modified_gmt":"2025-11-19T12:18:48","slug":"parker-safety-razor-black-111b","status":"publish","type":"product","link":"https:\/\/stylingagenten.com\/fi\/tuote\/parker-safety-razor-black-111b\/","title":{"rendered":"Parker Safety Razor Black 111B"},"content":{"rendered":"<p>Parker 111B on klassinen kolmiosainen partakone, joka muistuttaa Isossa-Britanniassa vuosia sitten suosittuja malleja. Laadukkaat komponentit, ajaton ulkon\u00e4k\u00f6 ja tarkasti suunniteltu partakone tekev\u00e4t t\u00e4st\u00e4 upeasta partakoneesta niin aloittelijoille kuin kokeneille m\u00e4rk\u00e4parranajoille.Paino 90gr Pituus 10,1cm. Partakoneen ter\u00e4t myyd\u00e4\u00e4n erikseen.<\/p>\n","protected":false},"excerpt":{"rendered":"<p>Parker 111B on klassinen kolmiosainen partakone, joka muistuttaa Isossa-Britanniassa vuosia sitten suosittuja malleja. Laadukkaat komponentit, ajaton ulkon\u00e4k\u00f6 ja tarkasti suunniteltu partakone tekev\u00e4t t\u00e4st\u00e4 upeasta partakoneesta niin aloittelijoille kuin kokeneille m\u00e4rk\u00e4parranajoille.Paino 90gr Pituus 10,1cm. Partakoneen ter\u00e4t myyd\u00e4\u00e4n erikseen.<\/p>\n","protected":false},"featured_media":143036,"comment_status":"open","ping_status":"closed","template":"","meta":{"_trash_the_other_posts":false},"product_brand":[],"product_cat":[690],"product_tag":[],"berocket_brand":[1088],"class_list":{"0":"post-143038","1":"product","2":"type-product","3":"status-publish","4":"has-post-thumbnail","6":"product_cat-partaveitsi","7":"pa_brand-parker","8":"berocket_brand-parker","10":"first","11":"instock","12":"sale","13":"taxable","14":"shipping-taxable","15":"purchasable","16":"product-type-simple"},"_links":{"self":[{"href":"https:\/\/stylingagenten.com\/fi\/wp-json\/wp\/v2\/product\/143038","targetHints":{"allow":["GET"]}}],"collection":[{"href":"https:\/\/stylingagenten.com\/fi\/wp-json\/wp\/v2\/product"}],"about":[{"href":"https:\/\/stylingagenten.com\/fi\/wp-json\/wp\/v2\/types\/product"}],"replies":[{"embeddable":true,"href":"https:\/\/stylingagenten.com\/fi\/wp-json\/wp\/v2\/comments?post=143038"}],"version-history":[{"count":0,"href":"https:\/\/stylingagenten.com\/fi\/wp-json\/wp\/v2\/product\/143038\/revisions"}],"wp:featuredmedia":[{"embeddable":true,"href":"https:\/\/stylingagenten.com\/fi\/wp-json\/wp\/v2\/media\/143036"}],"wp:attachment":[{"href":"https:\/\/stylingagenten.com\/fi\/wp-json\/wp\/v2\/media?parent=143038"}],"wp:term":[{"taxonomy":"product_brand","embeddable":true,"href":"https:\/\/stylingagenten.com\/fi\/wp-json\/wp\/v2\/product_brand?post=143038"},{"taxonomy":"product_cat","embeddable":true,"href":"https:\/\/stylingagenten.com\/fi\/wp-json\/wp\/v2\/product_cat?post=143038"},{"taxonomy":"product_tag","embeddable":true,"href":"https:\/\/stylingagenten.com\/fi\/wp-json\/wp\/v2\/product_tag?post=143038"},{"taxonomy":"berocket_brand","embeddable":true,"href":"https:\/\/stylingagenten.com\/fi\/wp-json\/wp\/v2\/berocket_brand?post=143038"}],"curies":[{"name":"wp","href":"https:\/\/api.w.org\/{rel}","templated":true}]}}