{"id":142996,"date":"2025-05-18T23:21:46","date_gmt":"2025-05-18T23:21:46","guid":{"rendered":"https:\/\/staging2.stylingagenten.com\/fi\/produkt\/american-crew-moisturizing-shave-cream-450ml\/"},"modified":"2025-11-19T11:46:49","modified_gmt":"2025-11-19T11:46:49","slug":"american-crew-moisturizing-shave-cream-450ml","status":"publish","type":"product","link":"https:\/\/stylingagenten.com\/fi\/tuote\/american-crew-moisturizing-shave-cream-450ml\/","title":{"rendered":"American Crew Moisturizing Shave Cream 450ml"},"content":{"rendered":"<p>Kosteuttava ei-kuivaava voide tarkkaan parranajoon. Vaahtoutumaton voide luo suojaavan esteen; ihosi niin&aring; ett\u00e4 partaveitsi liukuu kuivattamatta ihoa. T\u00e4m\u00e4 pehment\u00e4v\u00e4 aine antaa iholle maksimaalisen suojan ja kosteutuksen. Auttaa n\u00e4kem\u00e4\u00e4n tarkasti ajelut alueet. Normaalille ja kuivalle iholle. Rauhoittaa ihoa ja auttaa lievitt\u00e4m\u00e4\u00e4n \u00e4rsytyst\u00e4 parranajon aikana.<\/p>\n","protected":false},"excerpt":{"rendered":"<p>Kosteuttava ei-kuivaava voide tarkkaan parranajoon. Vaahtoutumaton voide luo suojaavan esteen; ihosi niin&aring; ett\u00e4 partaveitsi liukuu kuivattamatta ihoa. T\u00e4m\u00e4 pehment\u00e4v\u00e4 aine antaa iholle maksimaalisen suojan ja kosteutuksen. Auttaa n\u00e4kem\u00e4\u00e4n tarkasti ajelut alueet. Normaalille ja kuivalle iholle. Rauhoittaa ihoa ja auttaa lievitt\u00e4m\u00e4\u00e4n \u00e4rsytyst\u00e4 parranajon aikana.<\/p>\n","protected":false},"featured_media":142995,"comment_status":"open","ping_status":"closed","template":"","meta":{"_trash_the_other_posts":false},"product_brand":[],"product_cat":[688],"product_tag":[2371],"berocket_brand":[1071],"class_list":{"0":"post-142996","1":"product","2":"type-product","3":"status-publish","4":"has-post-thumbnail","6":"product_cat-parta-geeli","7":"product_tag-american-crew-moisturizing-shave-cream","8":"pa_brand-american-crew","9":"pa_variantti-450ml","10":"berocket_brand-american-crew","12":"first","13":"outofstock","14":"sale","15":"taxable","16":"shipping-taxable","17":"purchasable","18":"product-type-simple"},"_links":{"self":[{"href":"https:\/\/stylingagenten.com\/fi\/wp-json\/wp\/v2\/product\/142996","targetHints":{"allow":["GET"]}}],"collection":[{"href":"https:\/\/stylingagenten.com\/fi\/wp-json\/wp\/v2\/product"}],"about":[{"href":"https:\/\/stylingagenten.com\/fi\/wp-json\/wp\/v2\/types\/product"}],"replies":[{"embeddable":true,"href":"https:\/\/stylingagenten.com\/fi\/wp-json\/wp\/v2\/comments?post=142996"}],"version-history":[{"count":0,"href":"https:\/\/stylingagenten.com\/fi\/wp-json\/wp\/v2\/product\/142996\/revisions"}],"wp:featuredmedia":[{"embeddable":true,"href":"https:\/\/stylingagenten.com\/fi\/wp-json\/wp\/v2\/media\/142995"}],"wp:attachment":[{"href":"https:\/\/stylingagenten.com\/fi\/wp-json\/wp\/v2\/media?parent=142996"}],"wp:term":[{"taxonomy":"product_brand","embeddable":true,"href":"https:\/\/stylingagenten.com\/fi\/wp-json\/wp\/v2\/product_brand?post=142996"},{"taxonomy":"product_cat","embeddable":true,"href":"https:\/\/stylingagenten.com\/fi\/wp-json\/wp\/v2\/product_cat?post=142996"},{"taxonomy":"product_tag","embeddable":true,"href":"https:\/\/stylingagenten.com\/fi\/wp-json\/wp\/v2\/product_tag?post=142996"},{"taxonomy":"berocket_brand","embeddable":true,"href":"https:\/\/stylingagenten.com\/fi\/wp-json\/wp\/v2\/berocket_brand?post=142996"}],"curies":[{"name":"wp","href":"https:\/\/api.w.org\/{rel}","templated":true}]}}