{"id":142928,"date":"2025-05-18T23:21:30","date_gmt":"2025-05-18T23:21:30","guid":{"rendered":"https:\/\/staging2.stylingagenten.com\/fi\/produkt\/beard-monkey-beard-oil-licorice-50ml\/"},"modified":"2026-04-08T17:47:37","modified_gmt":"2026-04-08T17:47:37","slug":"beard-monkey-beard-oil-licorice-50ml","status":"publish","type":"product","link":"https:\/\/stylingagenten.com\/fi\/tuote\/beard-monkey-beard-oil-licorice-50ml\/","title":{"rendered":"Beard Monkey Beard Oil Licorice 50ml"},"content":{"rendered":"<p>Raukeava parta\u00f6ljy, joka tekee parrasta terveen ja pehme\u00e4n. Iho\u00f6ljy on kehitetty luomaan raikas tunne, joka kest\u00e4\u00e4 koko p\u00e4iv\u00e4n. T\u00e4m\u00e4n tuotteen k\u00e4yt\u00f6n tuloksena on parta, jolla on hieno kiilto ja hienovarainen lakritsin tuoksu.<\/p>\n<p>50 ml<\/p>\n","protected":false},"excerpt":{"rendered":"<p>Raukeava parta\u00f6ljy, joka tekee parrasta terveen ja pehme\u00e4n. Iho\u00f6ljy on kehitetty luomaan raikas tunne, joka kest\u00e4\u00e4 koko p\u00e4iv\u00e4n. T\u00e4m\u00e4n tuotteen k\u00e4yt\u00f6n tuloksena on parta, jolla on hieno kiilto ja hienovarainen lakritsin tuoksu. 50 ml<\/p>\n","protected":false},"featured_media":142926,"comment_status":"open","ping_status":"closed","template":"","meta":{"_trash_the_other_posts":false},"product_brand":[],"product_cat":[590],"product_tag":[],"berocket_brand":[1077],"class_list":{"0":"post-142928","1":"product","2":"type-product","3":"status-publish","4":"has-post-thumbnail","6":"product_cat-partaoljy","7":"pa_brand-beard-monkey","8":"berocket_brand-beard-monkey","10":"first","11":"instock","12":"sale","13":"taxable","14":"shipping-taxable","15":"purchasable","16":"product-type-simple"},"_links":{"self":[{"href":"https:\/\/stylingagenten.com\/fi\/wp-json\/wp\/v2\/product\/142928","targetHints":{"allow":["GET"]}}],"collection":[{"href":"https:\/\/stylingagenten.com\/fi\/wp-json\/wp\/v2\/product"}],"about":[{"href":"https:\/\/stylingagenten.com\/fi\/wp-json\/wp\/v2\/types\/product"}],"replies":[{"embeddable":true,"href":"https:\/\/stylingagenten.com\/fi\/wp-json\/wp\/v2\/comments?post=142928"}],"version-history":[{"count":0,"href":"https:\/\/stylingagenten.com\/fi\/wp-json\/wp\/v2\/product\/142928\/revisions"}],"wp:featuredmedia":[{"embeddable":true,"href":"https:\/\/stylingagenten.com\/fi\/wp-json\/wp\/v2\/media\/142926"}],"wp:attachment":[{"href":"https:\/\/stylingagenten.com\/fi\/wp-json\/wp\/v2\/media?parent=142928"}],"wp:term":[{"taxonomy":"product_brand","embeddable":true,"href":"https:\/\/stylingagenten.com\/fi\/wp-json\/wp\/v2\/product_brand?post=142928"},{"taxonomy":"product_cat","embeddable":true,"href":"https:\/\/stylingagenten.com\/fi\/wp-json\/wp\/v2\/product_cat?post=142928"},{"taxonomy":"product_tag","embeddable":true,"href":"https:\/\/stylingagenten.com\/fi\/wp-json\/wp\/v2\/product_tag?post=142928"},{"taxonomy":"berocket_brand","embeddable":true,"href":"https:\/\/stylingagenten.com\/fi\/wp-json\/wp\/v2\/berocket_brand?post=142928"}],"curies":[{"name":"wp","href":"https:\/\/api.w.org\/{rel}","templated":true}]}}