{"id":142916,"date":"2025-05-18T23:21:27","date_gmt":"2025-05-18T23:21:27","guid":{"rendered":"https:\/\/staging2.stylingagenten.com\/fi\/produkt\/beard-monkey-beard-hair-oil-light-orange-cinnamon-50ml\/"},"modified":"2026-04-03T15:14:44","modified_gmt":"2026-04-03T15:14:44","slug":"beard-monkey-beard-hair-oil-light-orange-cinnamon-50ml","status":"publish","type":"product","link":"https:\/\/stylingagenten.com\/fi\/tuote\/beard-monkey-beard-hair-oil-light-orange-cinnamon-50ml\/","title":{"rendered":"Beard Monkey Beard &amp; Hair Oil Light Orange &amp; Cinnamon 50ml"},"content":{"rendered":"<p><span id=\"result_box\" class=\"\" lang=\"sv\"><span class=\"\">Holitseva \u00f6ljy, joka sopii sek\u00e4 parralle ett\u00e4 hiuksille.<\/span> <span class>\u00d6ljy kosteuttaa ja edist\u00e4\u00e4 raikkautta, joka kest\u00e4\u00e4 koko p\u00e4iv\u00e4n.<\/span> <span class=\"\">T\u00e4m\u00e4n tuotteen k\u00e4yt\u00f6n tulos on ihana tunne. tt parta ja hiukset hienovaraisella appelsiinin ja amp; Kaneli.<\/span><\/p>\n<p><span class=\"\">50 ml<\/span><\/span><\/p>\n","protected":false},"excerpt":{"rendered":"<p>Holitseva \u00f6ljy, joka sopii sek\u00e4 parralle ett\u00e4 hiuksille. \u00d6ljy kosteuttaa ja edist\u00e4\u00e4 raikkautta, joka kest\u00e4\u00e4 koko p\u00e4iv\u00e4n. T\u00e4m\u00e4n tuotteen k\u00e4yt\u00f6n tulos on ihana tunne. tt parta ja hiukset hienovaraisella appelsiinin ja amp; Kaneli. 50 ml<\/p>\n","protected":false},"featured_media":142915,"comment_status":"open","ping_status":"closed","template":"","meta":{"_trash_the_other_posts":false},"product_brand":[],"product_cat":[590],"product_tag":[],"berocket_brand":[1077],"class_list":{"0":"post-142916","1":"product","2":"type-product","3":"status-publish","4":"has-post-thumbnail","6":"product_cat-partaoljy","7":"pa_brand-beard-monkey","8":"berocket_brand-beard-monkey","10":"first","11":"instock","12":"sale","13":"taxable","14":"shipping-taxable","15":"purchasable","16":"product-type-simple"},"_links":{"self":[{"href":"https:\/\/stylingagenten.com\/fi\/wp-json\/wp\/v2\/product\/142916","targetHints":{"allow":["GET"]}}],"collection":[{"href":"https:\/\/stylingagenten.com\/fi\/wp-json\/wp\/v2\/product"}],"about":[{"href":"https:\/\/stylingagenten.com\/fi\/wp-json\/wp\/v2\/types\/product"}],"replies":[{"embeddable":true,"href":"https:\/\/stylingagenten.com\/fi\/wp-json\/wp\/v2\/comments?post=142916"}],"version-history":[{"count":0,"href":"https:\/\/stylingagenten.com\/fi\/wp-json\/wp\/v2\/product\/142916\/revisions"}],"wp:featuredmedia":[{"embeddable":true,"href":"https:\/\/stylingagenten.com\/fi\/wp-json\/wp\/v2\/media\/142915"}],"wp:attachment":[{"href":"https:\/\/stylingagenten.com\/fi\/wp-json\/wp\/v2\/media?parent=142916"}],"wp:term":[{"taxonomy":"product_brand","embeddable":true,"href":"https:\/\/stylingagenten.com\/fi\/wp-json\/wp\/v2\/product_brand?post=142916"},{"taxonomy":"product_cat","embeddable":true,"href":"https:\/\/stylingagenten.com\/fi\/wp-json\/wp\/v2\/product_cat?post=142916"},{"taxonomy":"product_tag","embeddable":true,"href":"https:\/\/stylingagenten.com\/fi\/wp-json\/wp\/v2\/product_tag?post=142916"},{"taxonomy":"berocket_brand","embeddable":true,"href":"https:\/\/stylingagenten.com\/fi\/wp-json\/wp\/v2\/berocket_brand?post=142916"}],"curies":[{"name":"wp","href":"https:\/\/api.w.org\/{rel}","templated":true}]}}