{"id":142880,"date":"2025-05-18T23:21:18","date_gmt":"2025-05-18T23:21:18","guid":{"rendered":"https:\/\/staging2.stylingagenten.com\/fi\/produkt\/beard-monkey-beard-oil-oud-saffron-50ml\/"},"modified":"2026-04-03T15:17:26","modified_gmt":"2026-04-03T15:17:26","slug":"beard-monkey-beard-oil-oud-saffron-50ml","status":"publish","type":"product","link":"https:\/\/stylingagenten.com\/fi\/tuote\/beard-monkey-beard-oil-oud-saffron-50ml\/","title":{"rendered":"Beard Monkey Beard Oil Oud\/Saffron 50ml"},"content":{"rendered":"<p>Raukeava parta\u00f6ljy, joka tekee parrasta terveen ja pehme\u00e4n. Iho\u00f6ljy on kehitetty luomaan raikas tunne, joka kest\u00e4\u00e4 koko p\u00e4iv\u00e4n. T\u00e4m\u00e4n tuotteen k\u00e4yt\u00f6n tuloksena on parta, jossa on hieno kiilto ja hienovarainen Oud\/Saffron tuoksu.<\/p>\n<p>50 ml<\/p>\n","protected":false},"excerpt":{"rendered":"<p>Raukeava parta\u00f6ljy, joka tekee parrasta terveen ja pehme\u00e4n. Iho\u00f6ljy on kehitetty luomaan raikas tunne, joka kest\u00e4\u00e4 koko p\u00e4iv\u00e4n. T\u00e4m\u00e4n tuotteen k\u00e4yt\u00f6n tuloksena on parta, jossa on hieno kiilto ja hienovarainen Oud\/Saffron tuoksu. 50 ml<\/p>\n","protected":false},"featured_media":142879,"comment_status":"open","ping_status":"closed","template":"","meta":{"_trash_the_other_posts":false},"product_brand":[],"product_cat":[590],"product_tag":[],"berocket_brand":[1077],"class_list":{"0":"post-142880","1":"product","2":"type-product","3":"status-publish","4":"has-post-thumbnail","6":"product_cat-partaoljy","7":"pa_brand-beard-monkey","8":"berocket_brand-beard-monkey","10":"first","11":"instock","12":"sale","13":"taxable","14":"shipping-taxable","15":"purchasable","16":"product-type-simple"},"_links":{"self":[{"href":"https:\/\/stylingagenten.com\/fi\/wp-json\/wp\/v2\/product\/142880","targetHints":{"allow":["GET"]}}],"collection":[{"href":"https:\/\/stylingagenten.com\/fi\/wp-json\/wp\/v2\/product"}],"about":[{"href":"https:\/\/stylingagenten.com\/fi\/wp-json\/wp\/v2\/types\/product"}],"replies":[{"embeddable":true,"href":"https:\/\/stylingagenten.com\/fi\/wp-json\/wp\/v2\/comments?post=142880"}],"version-history":[{"count":0,"href":"https:\/\/stylingagenten.com\/fi\/wp-json\/wp\/v2\/product\/142880\/revisions"}],"wp:featuredmedia":[{"embeddable":true,"href":"https:\/\/stylingagenten.com\/fi\/wp-json\/wp\/v2\/media\/142879"}],"wp:attachment":[{"href":"https:\/\/stylingagenten.com\/fi\/wp-json\/wp\/v2\/media?parent=142880"}],"wp:term":[{"taxonomy":"product_brand","embeddable":true,"href":"https:\/\/stylingagenten.com\/fi\/wp-json\/wp\/v2\/product_brand?post=142880"},{"taxonomy":"product_cat","embeddable":true,"href":"https:\/\/stylingagenten.com\/fi\/wp-json\/wp\/v2\/product_cat?post=142880"},{"taxonomy":"product_tag","embeddable":true,"href":"https:\/\/stylingagenten.com\/fi\/wp-json\/wp\/v2\/product_tag?post=142880"},{"taxonomy":"berocket_brand","embeddable":true,"href":"https:\/\/stylingagenten.com\/fi\/wp-json\/wp\/v2\/berocket_brand?post=142880"}],"curies":[{"name":"wp","href":"https:\/\/api.w.org\/{rel}","templated":true}]}}