{"id":142876,"date":"2025-05-18T23:21:16","date_gmt":"2025-05-18T23:21:16","guid":{"rendered":"https:\/\/staging2.stylingagenten.com\/fi\/produkt\/beard-monkey-beard-oil-sweet-tobacco-50ml\/"},"modified":"2026-04-11T16:28:34","modified_gmt":"2026-04-11T16:28:34","slug":"beard-monkey-beard-oil-sweet-tobacco-50ml","status":"publish","type":"product","link":"https:\/\/stylingagenten.com\/fi\/tuote\/beard-monkey-beard-oil-sweet-tobacco-50ml\/","title":{"rendered":"Beard Monkey Beard Oil Sweet Tobacco 50ml"},"content":{"rendered":"<p>Beard Monkey Beard Oil on parta\u00f6ljy, jossa on raikas ja terveellinen makean tupakan tuoksu. \u00d6ljy on kehitetty yhteisty\u00f6ss\u00e4 parturien kanssa antamaan parralle paras mahdollinen arvo. Sis\u00e4lt\u00e4\u00e4 luonnollisen argan\u00f6ljysekoituksen, joka tekee parrasta raikkaan ja pehme\u00e4n sek\u00e4 miellytt\u00e4v\u00e4n tunteen, joka kest\u00e4\u00e4 koko p\u00e4iv\u00e4n.<\/p>\n","protected":false},"excerpt":{"rendered":"<p>Beard Monkey Beard Oil on parta\u00f6ljy, jossa on raikas ja terveellinen makean tupakan tuoksu. \u00d6ljy on kehitetty yhteisty\u00f6ss\u00e4 parturien kanssa antamaan parralle paras mahdollinen arvo. Sis\u00e4lt\u00e4\u00e4 luonnollisen argan\u00f6ljysekoituksen, joka tekee parrasta raikkaan ja pehme\u00e4n sek\u00e4 miellytt\u00e4v\u00e4n tunteen, joka kest\u00e4\u00e4 koko p\u00e4iv\u00e4n.<\/p>\n","protected":false},"featured_media":142873,"comment_status":"open","ping_status":"closed","template":"","meta":{"_trash_the_other_posts":false},"product_brand":[],"product_cat":[590],"product_tag":[],"berocket_brand":[1077],"class_list":{"0":"post-142876","1":"product","2":"type-product","3":"status-publish","4":"has-post-thumbnail","6":"product_cat-partaoljy","7":"pa_brand-beard-monkey","8":"berocket_brand-beard-monkey","10":"first","11":"instock","12":"sale","13":"taxable","14":"shipping-taxable","15":"purchasable","16":"product-type-simple"},"_links":{"self":[{"href":"https:\/\/stylingagenten.com\/fi\/wp-json\/wp\/v2\/product\/142876","targetHints":{"allow":["GET"]}}],"collection":[{"href":"https:\/\/stylingagenten.com\/fi\/wp-json\/wp\/v2\/product"}],"about":[{"href":"https:\/\/stylingagenten.com\/fi\/wp-json\/wp\/v2\/types\/product"}],"replies":[{"embeddable":true,"href":"https:\/\/stylingagenten.com\/fi\/wp-json\/wp\/v2\/comments?post=142876"}],"version-history":[{"count":0,"href":"https:\/\/stylingagenten.com\/fi\/wp-json\/wp\/v2\/product\/142876\/revisions"}],"wp:featuredmedia":[{"embeddable":true,"href":"https:\/\/stylingagenten.com\/fi\/wp-json\/wp\/v2\/media\/142873"}],"wp:attachment":[{"href":"https:\/\/stylingagenten.com\/fi\/wp-json\/wp\/v2\/media?parent=142876"}],"wp:term":[{"taxonomy":"product_brand","embeddable":true,"href":"https:\/\/stylingagenten.com\/fi\/wp-json\/wp\/v2\/product_brand?post=142876"},{"taxonomy":"product_cat","embeddable":true,"href":"https:\/\/stylingagenten.com\/fi\/wp-json\/wp\/v2\/product_cat?post=142876"},{"taxonomy":"product_tag","embeddable":true,"href":"https:\/\/stylingagenten.com\/fi\/wp-json\/wp\/v2\/product_tag?post=142876"},{"taxonomy":"berocket_brand","embeddable":true,"href":"https:\/\/stylingagenten.com\/fi\/wp-json\/wp\/v2\/berocket_brand?post=142876"}],"curies":[{"name":"wp","href":"https:\/\/api.w.org\/{rel}","templated":true}]}}