{"id":142862,"date":"2025-05-18T23:21:12","date_gmt":"2025-05-18T23:21:12","guid":{"rendered":"https:\/\/staging2.stylingagenten.com\/fi\/produkt\/american-crew-beard-serum-50ml\/"},"modified":"2026-04-12T14:38:38","modified_gmt":"2026-04-12T14:38:38","slug":"american-crew-beard-serum-50ml","status":"publish","type":"product","link":"https:\/\/stylingagenten.com\/fi\/tuote\/american-crew-beard-serum-50ml\/","title":{"rendered":"American Crew Beard Serum 50ml"},"content":{"rendered":"<p>\u00d6ljypohjainen koostumus, joka on suunniteltu erityisesti ihonhoitoon. Hy\u00f6dyllisi\u00e4 \u00f6ljyj\u00e4, jotka pit\u00e4v\u00e4t parran pehme\u00e4n\u00e4 ja ihanana. Kevyt, nopeasti imeytyv\u00e4 koostumus.<\/p>\n","protected":false},"excerpt":{"rendered":"<p>\u00d6ljypohjainen koostumus, joka on suunniteltu erityisesti ihonhoitoon. Hy\u00f6dyllisi\u00e4 \u00f6ljyj\u00e4, jotka pit\u00e4v\u00e4t parran pehme\u00e4n\u00e4 ja ihanana. Kevyt, nopeasti imeytyv\u00e4 koostumus.<\/p>\n","protected":false},"featured_media":142861,"comment_status":"open","ping_status":"closed","template":"","meta":{"_trash_the_other_posts":false},"product_brand":[],"product_cat":[578],"product_tag":[],"berocket_brand":[1071],"class_list":{"0":"post-142862","1":"product","2":"type-product","3":"status-publish","4":"has-post-thumbnail","6":"product_cat-partabalsami","7":"pa_brand-american-crew","8":"berocket_brand-american-crew","10":"first","11":"instock","12":"sale","13":"taxable","14":"shipping-taxable","15":"purchasable","16":"product-type-simple"},"_links":{"self":[{"href":"https:\/\/stylingagenten.com\/fi\/wp-json\/wp\/v2\/product\/142862","targetHints":{"allow":["GET"]}}],"collection":[{"href":"https:\/\/stylingagenten.com\/fi\/wp-json\/wp\/v2\/product"}],"about":[{"href":"https:\/\/stylingagenten.com\/fi\/wp-json\/wp\/v2\/types\/product"}],"replies":[{"embeddable":true,"href":"https:\/\/stylingagenten.com\/fi\/wp-json\/wp\/v2\/comments?post=142862"}],"version-history":[{"count":0,"href":"https:\/\/stylingagenten.com\/fi\/wp-json\/wp\/v2\/product\/142862\/revisions"}],"wp:featuredmedia":[{"embeddable":true,"href":"https:\/\/stylingagenten.com\/fi\/wp-json\/wp\/v2\/media\/142861"}],"wp:attachment":[{"href":"https:\/\/stylingagenten.com\/fi\/wp-json\/wp\/v2\/media?parent=142862"}],"wp:term":[{"taxonomy":"product_brand","embeddable":true,"href":"https:\/\/stylingagenten.com\/fi\/wp-json\/wp\/v2\/product_brand?post=142862"},{"taxonomy":"product_cat","embeddable":true,"href":"https:\/\/stylingagenten.com\/fi\/wp-json\/wp\/v2\/product_cat?post=142862"},{"taxonomy":"product_tag","embeddable":true,"href":"https:\/\/stylingagenten.com\/fi\/wp-json\/wp\/v2\/product_tag?post=142862"},{"taxonomy":"berocket_brand","embeddable":true,"href":"https:\/\/stylingagenten.com\/fi\/wp-json\/wp\/v2\/berocket_brand?post=142862"}],"curies":[{"name":"wp","href":"https:\/\/api.w.org\/{rel}","templated":true}]}}